{"id":995,"date":"2023-05-09T10:48:55","date_gmt":"2023-05-09T08:48:55","guid":{"rendered":"https:\/\/berninabrussels.be\/?post_type=product&#038;p=995"},"modified":"2023-05-09T10:49:58","modified_gmt":"2023-05-09T08:49:58","slug":"guide-couture-matelassage-pied-droit","status":"publish","type":"product","link":"https:\/\/berninabrussels.be\/?product=guide-couture-matelassage-pied-droit","title":{"rendered":"Guide couture, matelassage pied droit"},"content":{"rendered":"<h3>Guide couture, matelassage multi-marques<\/h3>\n<p>Tr\u00e8s pratique, ce guide pour bordure vous aidez \u00e0 obtenir des coutures parfaitement parall\u00e8les et \u00e0 maintenir une distance constante entre celles-ci. Il est aussi d&rsquo;une aide pr\u00e9cieuse pour surpiquer ou confectionner des ourlets. Gr\u00e2ce \u00e0 lui, les ouvrages sont nets et d&rsquo;aspect professionnel.<\/p>\n<p>Le guide se fixe facilement dans l&rsquo;ouverture du support du pied-de-biche. Utilisez cet accessoire tr\u00e8s pratique pour ta machine \u00e0 coudre bernette et profitez d&rsquo;un confort in\u00e9gal\u00e9 pour tous tes travaux de couture et de quilt. La but\u00e9e est elle aussi particuli\u00e8rement adapt\u00e9e \u00e0 la piqure de motifs et de couture r\u00e9guliers de patchwork.<\/p>\n<p>Le r\u00e9sultat : comme par magie, vos coutures sont parfaitement rectilignes.<\/p>\n","protected":false},"excerpt":{"rendered":"<p>Guide couture, matelassage multi-marques Tr\u00e8s pratique, ce guide pour bordure vous aidez \u00e0 obtenir des coutures parfaitement parall\u00e8les et \u00e0 maintenir une distance constante entre celles-ci. Il est aussi d&rsquo;une aide pr\u00e9cieuse pour surpiquer ou confectionner des ourlets. Gr\u00e2ce \u00e0 lui, les ouvrages sont nets et d&rsquo;aspect professionnel. Le guide se fixe facilement dans l&rsquo;ouverture&hellip;<\/p>\n","protected":false},"featured_media":996,"comment_status":"open","ping_status":"closed","template":"","meta":{"om_disable_all_campaigns":false,"_monsterinsights_skip_tracking":false,"_monsterinsights_sitenote_active":false,"_monsterinsights_sitenote_note":"","_monsterinsights_sitenote_category":0,"_uf_show_specific_survey":0,"_uf_disable_surveys":false},"product_brand":[],"product_cat":[180],"product_tag":[124],"giftcard-category":[],"class_list":{"0":"post-995","1":"product","2":"type-product","3":"status-publish","4":"has-post-thumbnail","6":"product_cat-guide-couture","7":"product_tag-bernette","9":"first","10":"instock","11":"shipping-taxable","12":"purchasable","13":"product-type-simple"},"aioseo_notices":[],"jetpack_sharing_enabled":true,"_links":{"self":[{"href":"https:\/\/berninabrussels.be\/index.php?rest_route=\/wp\/v2\/product\/995","targetHints":{"allow":["GET"]}}],"collection":[{"href":"https:\/\/berninabrussels.be\/index.php?rest_route=\/wp\/v2\/product"}],"about":[{"href":"https:\/\/berninabrussels.be\/index.php?rest_route=\/wp\/v2\/types\/product"}],"replies":[{"embeddable":true,"href":"https:\/\/berninabrussels.be\/index.php?rest_route=%2Fwp%2Fv2%2Fcomments&post=995"}],"wp:featuredmedia":[{"embeddable":true,"href":"https:\/\/berninabrussels.be\/index.php?rest_route=\/wp\/v2\/media\/996"}],"wp:attachment":[{"href":"https:\/\/berninabrussels.be\/index.php?rest_route=%2Fwp%2Fv2%2Fmedia&parent=995"}],"wp:term":[{"taxonomy":"product_brand","embeddable":true,"href":"https:\/\/berninabrussels.be\/index.php?rest_route=%2Fwp%2Fv2%2Fproduct_brand&post=995"},{"taxonomy":"product_cat","embeddable":true,"href":"https:\/\/berninabrussels.be\/index.php?rest_route=%2Fwp%2Fv2%2Fproduct_cat&post=995"},{"taxonomy":"product_tag","embeddable":true,"href":"https:\/\/berninabrussels.be\/index.php?rest_route=%2Fwp%2Fv2%2Fproduct_tag&post=995"},{"taxonomy":"giftcard-category","embeddable":true,"href":"https:\/\/berninabrussels.be\/index.php?rest_route=%2Fwp%2Fv2%2Fgiftcard-category&post=995"}],"curies":[{"name":"wp","href":"https:\/\/api.w.org\/{rel}","templated":true}]}}