{"id":993,"date":"2023-05-09T10:45:15","date_gmt":"2023-05-09T08:45:15","guid":{"rendered":"https:\/\/berninabrussels.be\/?post_type=product&#038;p=993"},"modified":"2023-05-09T10:48:50","modified_gmt":"2023-05-09T08:48:50","slug":"pied-boutonniere-en-metal","status":"publish","type":"product","link":"https:\/\/berninabrussels.be\/?product=pied-boutonniere-en-metal","title":{"rendered":"Pied boutonni\u00e8re en m\u00e9tal"},"content":{"rendered":"<h3>Pied boutonni\u00e8re en m\u00e9tal \u00ab\u00a0D\u00a0\u00bb<\/h3>\n<div>Boutonni\u00e8res uniques ou multiples peuvent \u00eatre cousus avec ce pied pour boutonni\u00e8re unique. La taille de la boutonni\u00e8re est d\u00e9termin\u00e9 par le bouton effective utilis\u00e9e sur le v\u00eatement ou l&rsquo;engin. Une fois qu&rsquo;une boutonni\u00e8re est cousue, il est facile ensuite de r\u00e9p\u00e9ter la m\u00eame taille de\u00a0boutonni\u00e8res.<\/div>\n<div><\/div>\n<div>La plupart des machines \u00e0 coudre comprennent une vari\u00e9t\u00e9 de styles de boutonni\u00e8res sp\u00e9cifiques aux diff\u00e9rents types de tissu (par exemple boutons tricot ou d&rsquo;une amende \u00ac trous) ou de l&rsquo;utilisation finale (par exemple, reli\u00e9es ou h\u00e9ritage).<\/div>\n<div><\/div>\n<div>Le pied pour boutonni\u00e8re est beaucoup plus long que la plupart des pieds-de-biche et non un pied flexible. Lorsque vous cousez des boutonni\u00e8res sur des surfaces in\u00e9gales volumineux, il est essentiel de stabiliser le pied pour atteindre la m\u00eame taille de boutonni\u00e8res. Pliez un morceau de tissu de la m\u00eame densit\u00e9 que la zone plus \u00e9paisse et la glisser sous le dos ou sur le c\u00f4t\u00e9 pour niveler le pied en prenant soin d&rsquo;\u00e9viter la zone o\u00f9 la boutonni\u00e8re doit \u00eatre cousue.<\/div>\n","protected":false},"excerpt":{"rendered":"<p>Pied boutonni\u00e8re en m\u00e9tal \u00ab\u00a0D\u00a0\u00bb Boutonni\u00e8res uniques ou multiples peuvent \u00eatre cousus avec ce pied pour boutonni\u00e8re unique. La taille de la boutonni\u00e8re est d\u00e9termin\u00e9 par le bouton effective utilis\u00e9e sur le v\u00eatement ou l&rsquo;engin. Une fois qu&rsquo;une boutonni\u00e8re est cousue, il est facile ensuite de r\u00e9p\u00e9ter la m\u00eame taille de\u00a0boutonni\u00e8res. La plupart des machines&hellip;<\/p>\n","protected":false},"featured_media":994,"comment_status":"open","ping_status":"closed","template":"","meta":{"om_disable_all_campaigns":false,"_monsterinsights_skip_tracking":false,"_monsterinsights_sitenote_active":false,"_monsterinsights_sitenote_note":"","_monsterinsights_sitenote_category":0,"_uf_show_specific_survey":0,"_uf_disable_surveys":false},"product_brand":[],"product_cat":[42,44,240,187],"product_tag":[124],"giftcard-category":[],"class_list":{"0":"post-993","1":"product","2":"type-product","3":"status-publish","4":"has-post-thumbnail","6":"product_cat-accesoires","7":"product_cat-machine-a-coudre","8":"product_cat-pieds-presseurs","9":"product_cat-pied-boutonniere","10":"product_tag-bernette","12":"first","13":"instock","14":"sale","15":"shipping-taxable","16":"purchasable","17":"product-type-simple"},"aioseo_notices":[],"jetpack_sharing_enabled":true,"_links":{"self":[{"href":"https:\/\/berninabrussels.be\/index.php?rest_route=\/wp\/v2\/product\/993","targetHints":{"allow":["GET"]}}],"collection":[{"href":"https:\/\/berninabrussels.be\/index.php?rest_route=\/wp\/v2\/product"}],"about":[{"href":"https:\/\/berninabrussels.be\/index.php?rest_route=\/wp\/v2\/types\/product"}],"replies":[{"embeddable":true,"href":"https:\/\/berninabrussels.be\/index.php?rest_route=%2Fwp%2Fv2%2Fcomments&post=993"}],"wp:featuredmedia":[{"embeddable":true,"href":"https:\/\/berninabrussels.be\/index.php?rest_route=\/wp\/v2\/media\/994"}],"wp:attachment":[{"href":"https:\/\/berninabrussels.be\/index.php?rest_route=%2Fwp%2Fv2%2Fmedia&parent=993"}],"wp:term":[{"taxonomy":"product_brand","embeddable":true,"href":"https:\/\/berninabrussels.be\/index.php?rest_route=%2Fwp%2Fv2%2Fproduct_brand&post=993"},{"taxonomy":"product_cat","embeddable":true,"href":"https:\/\/berninabrussels.be\/index.php?rest_route=%2Fwp%2Fv2%2Fproduct_cat&post=993"},{"taxonomy":"product_tag","embeddable":true,"href":"https:\/\/berninabrussels.be\/index.php?rest_route=%2Fwp%2Fv2%2Fproduct_tag&post=993"},{"taxonomy":"giftcard-category","embeddable":true,"href":"https:\/\/berninabrussels.be\/index.php?rest_route=%2Fwp%2Fv2%2Fgiftcard-category&post=993"}],"curies":[{"name":"wp","href":"https:\/\/api.w.org\/{rel}","templated":true}]}}