{"id":979,"date":"2023-05-09T10:28:27","date_gmt":"2023-05-09T08:28:27","guid":{"rendered":"https:\/\/berninabrussels.be\/?post_type=product&#038;p=979"},"modified":"2023-05-09T10:31:05","modified_gmt":"2023-05-09T08:31:05","slug":"pied-bretelle-passe-ceinture-bride","status":"publish","type":"product","link":"https:\/\/berninabrussels.be\/?product=pied-bretelle-passe-ceinture-bride","title":{"rendered":"Pied bretelle, passe ceinture, bride"},"content":{"rendered":"<h3>Guide pied bretelle, passe ceinture, bride<\/h3>\n<p>R\u00e9alisez des passants de ceinture ou des bretelles avec cet accessoire vous \u00eates s\u00fbr d&rsquo;obtenir le r\u00e9sultat parfait avec le point de recouvrement.<\/p>\n<div>Avec le pied ou guide\u00a0confection bride et passant de ceinture, cr\u00e9ez facilement des brides et des passants de ceinture avec un point de recouvrement. Placez simplement une bande de biais dans le pied et elle sera automatiquement pli\u00e9e et cousue.<\/div>\n<div><\/div>\n<div>Les passes-ceinture employ\u00e9s dans l\u2019industrie et le ruban d\u00e9coratif se trouvant dans l\u2019habillement, vous pouvez l\u2019appliquer sur vos propres projets avec ce pied ou guide\u00a0sp\u00e9cial. Employez un point couvert large 2 aiguilles ou un point couvert plus r\u00e9sistant ou d\u00e9coratif avec le point couvert 3 aiguilles. Les possibilit\u00e9s sont infinies, laissez courir votre cr\u00e9ativit\u00e9 tout simplement.<\/div>\n","protected":false},"excerpt":{"rendered":"<p>Guide pied bretelle, passe ceinture, bride R\u00e9alisez des passants de ceinture ou des bretelles avec cet accessoire vous \u00eates s\u00fbr d&rsquo;obtenir le r\u00e9sultat parfait avec le point de recouvrement. Avec le pied ou guide\u00a0confection bride et passant de ceinture, cr\u00e9ez facilement des brides et des passants de ceinture avec un point de recouvrement. Placez simplement&hellip;<\/p>\n","protected":false},"featured_media":980,"comment_status":"open","ping_status":"closed","template":"","meta":{"om_disable_all_campaigns":false,"_monsterinsights_skip_tracking":false,"_monsterinsights_sitenote_active":false,"_monsterinsights_sitenote_note":"","_monsterinsights_sitenote_category":0,"_uf_show_specific_survey":0,"_uf_disable_surveys":false},"product_brand":[],"product_cat":[42,44,240,192],"product_tag":[124],"giftcard-category":[],"class_list":{"0":"post-979","1":"product","2":"type-product","3":"status-publish","4":"has-post-thumbnail","6":"product_cat-accesoires","7":"product_cat-machine-a-coudre","8":"product_cat-pieds-presseurs","9":"product_cat-autres","10":"product_tag-bernette","12":"first","13":"instock","14":"sale","15":"shipping-taxable","16":"purchasable","17":"product-type-simple"},"aioseo_notices":[],"jetpack_sharing_enabled":true,"_links":{"self":[{"href":"https:\/\/berninabrussels.be\/index.php?rest_route=\/wp\/v2\/product\/979","targetHints":{"allow":["GET"]}}],"collection":[{"href":"https:\/\/berninabrussels.be\/index.php?rest_route=\/wp\/v2\/product"}],"about":[{"href":"https:\/\/berninabrussels.be\/index.php?rest_route=\/wp\/v2\/types\/product"}],"replies":[{"embeddable":true,"href":"https:\/\/berninabrussels.be\/index.php?rest_route=%2Fwp%2Fv2%2Fcomments&post=979"}],"wp:featuredmedia":[{"embeddable":true,"href":"https:\/\/berninabrussels.be\/index.php?rest_route=\/wp\/v2\/media\/980"}],"wp:attachment":[{"href":"https:\/\/berninabrussels.be\/index.php?rest_route=%2Fwp%2Fv2%2Fmedia&parent=979"}],"wp:term":[{"taxonomy":"product_brand","embeddable":true,"href":"https:\/\/berninabrussels.be\/index.php?rest_route=%2Fwp%2Fv2%2Fproduct_brand&post=979"},{"taxonomy":"product_cat","embeddable":true,"href":"https:\/\/berninabrussels.be\/index.php?rest_route=%2Fwp%2Fv2%2Fproduct_cat&post=979"},{"taxonomy":"product_tag","embeddable":true,"href":"https:\/\/berninabrussels.be\/index.php?rest_route=%2Fwp%2Fv2%2Fproduct_tag&post=979"},{"taxonomy":"giftcard-category","embeddable":true,"href":"https:\/\/berninabrussels.be\/index.php?rest_route=%2Fwp%2Fv2%2Fgiftcard-category&post=979"}],"curies":[{"name":"wp","href":"https:\/\/api.w.org\/{rel}","templated":true}]}}