{"id":972,"date":"2023-05-09T10:20:29","date_gmt":"2023-05-09T08:20:29","guid":{"rendered":"https:\/\/berninabrussels.be\/?post_type=product&#038;p=972"},"modified":"2023-05-09T10:23:29","modified_gmt":"2023-05-09T08:23:29","slug":"pied-ourlet-invisible-pose-dentelle-1mm","status":"publish","type":"product","link":"https:\/\/berninabrussels.be\/?product=pied-ourlet-invisible-pose-dentelle-1mm","title":{"rendered":"Pied ourlet invisible, pose dentelle 1mm"},"content":{"rendered":"<p><b><span style=\"font-size: medium;\">Pied ourlet invisible, pose dentelle 1mm<\/span><\/b><\/p>\n<div>Le pied pour ourlets invisibles permet de coudre des ourlets invisibles sur les \u00e9toffes lourdes et mi-lourdes. Si vous devez travailler des tissus tr\u00e8s l\u00e9gers, ce pied n&rsquo;est pas conseill\u00e9.<\/div>\n<div><\/div>\n<div>Ce pied permet la r\u00e9alisation de poignets sur les tissus tiss\u00e9s et d\u2019ourlets avec une couture invisible.<\/div>\n<div><\/div>\n<div>Le pied pour points invisibles est l&rsquo;outil sp\u00e9cifiquement con\u00e7u pour confectionner des ourlets invisibles. Son guide lat\u00e9ral r\u00e9glable facilite la couture d&rsquo;ourlet pr\u00e9cis et droits. Durant la m\u00eame op\u00e9ration, le pied pour points invisibles surfile les rebords. La confection de votre ouvrage est nette et rapide. Les caract\u00e9ristiques sp\u00e9cifiques du pied pour points invisibles le rendent id\u00e9al pour r\u00e9aliser de superbes ourlets invisibles sur vos textiles d&rsquo;int\u00e9rieur et vos v\u00eatements.<\/div>\n<div><\/div>\n<div>Vous obtiendrez par exemple gr\u00e2ce \u00e0 lui, en un tour de main, des rebords d&rsquo;une qualit\u00e9 professionnelle sur vos rideaux et vos tee-shirts. Il est d&rsquo;autre part id\u00e9al pour confectionner des coutures plates et cr\u00e9er des broderies blanches. Attention: en raison de sa construction particuli\u00e8re, le pied pour points invisibles ne peut \u00eatre utilis\u00e9 qu&rsquo;avec l&rsquo;aiguille droite<\/div>\n","protected":false},"excerpt":{"rendered":"<p>Pied ourlet invisible, pose dentelle 1mm Le pied pour ourlets invisibles permet de coudre des ourlets invisibles sur les \u00e9toffes lourdes et mi-lourdes. Si vous devez travailler des tissus tr\u00e8s l\u00e9gers, ce pied n&rsquo;est pas conseill\u00e9. Ce pied permet la r\u00e9alisation de poignets sur les tissus tiss\u00e9s et d\u2019ourlets avec une couture invisible. Le pied&hellip;<\/p>\n","protected":false},"featured_media":973,"comment_status":"open","ping_status":"closed","template":"","meta":{"om_disable_all_campaigns":false,"_monsterinsights_skip_tracking":false,"_monsterinsights_sitenote_active":false,"_monsterinsights_sitenote_note":"","_monsterinsights_sitenote_category":0,"_uf_show_specific_survey":0,"_uf_disable_surveys":false},"product_brand":[],"product_cat":[42,44,240,194],"product_tag":[124],"giftcard-category":[],"class_list":{"0":"post-972","1":"product","2":"type-product","3":"status-publish","4":"has-post-thumbnail","6":"product_cat-accesoires","7":"product_cat-machine-a-coudre","8":"product_cat-pieds-presseurs","9":"product_cat-pied-ourleur","10":"product_tag-bernette","12":"first","13":"instock","14":"sale","15":"shipping-taxable","16":"purchasable","17":"product-type-simple"},"aioseo_notices":[],"jetpack_sharing_enabled":true,"_links":{"self":[{"href":"https:\/\/berninabrussels.be\/index.php?rest_route=\/wp\/v2\/product\/972","targetHints":{"allow":["GET"]}}],"collection":[{"href":"https:\/\/berninabrussels.be\/index.php?rest_route=\/wp\/v2\/product"}],"about":[{"href":"https:\/\/berninabrussels.be\/index.php?rest_route=\/wp\/v2\/types\/product"}],"replies":[{"embeddable":true,"href":"https:\/\/berninabrussels.be\/index.php?rest_route=%2Fwp%2Fv2%2Fcomments&post=972"}],"wp:featuredmedia":[{"embeddable":true,"href":"https:\/\/berninabrussels.be\/index.php?rest_route=\/wp\/v2\/media\/973"}],"wp:attachment":[{"href":"https:\/\/berninabrussels.be\/index.php?rest_route=%2Fwp%2Fv2%2Fmedia&parent=972"}],"wp:term":[{"taxonomy":"product_brand","embeddable":true,"href":"https:\/\/berninabrussels.be\/index.php?rest_route=%2Fwp%2Fv2%2Fproduct_brand&post=972"},{"taxonomy":"product_cat","embeddable":true,"href":"https:\/\/berninabrussels.be\/index.php?rest_route=%2Fwp%2Fv2%2Fproduct_cat&post=972"},{"taxonomy":"product_tag","embeddable":true,"href":"https:\/\/berninabrussels.be\/index.php?rest_route=%2Fwp%2Fv2%2Fproduct_tag&post=972"},{"taxonomy":"giftcard-category","embeddable":true,"href":"https:\/\/berninabrussels.be\/index.php?rest_route=%2Fwp%2Fv2%2Fgiftcard-category&post=972"}],"curies":[{"name":"wp","href":"https:\/\/api.w.org\/{rel}","templated":true}]}}