{"id":969,"date":"2023-05-09T10:17:35","date_gmt":"2023-05-09T08:17:35","guid":{"rendered":"https:\/\/berninabrussels.be\/?post_type=product&#038;p=969"},"modified":"2023-05-09T10:20:23","modified_gmt":"2023-05-09T08:20:23","slug":"pied-passepoil-5mm","status":"publish","type":"product","link":"https:\/\/berninabrussels.be\/?product=pied-passepoil-5mm","title":{"rendered":"Pied passepoil 5mm"},"content":{"rendered":"<p><b><span style=\"font-size: medium;\">Pied passepoil large 5mm<\/span><\/b><\/p>\n<div>Ce pied dispose d&rsquo;une rainure de guidage sp\u00e9cialement pr\u00e9vue pour poser les passepoils. Le ruban de passepoil peut \u00eatre guid\u00e9 avec pr\u00e9cision gr\u00e2ce \u00e0 cette rainure. On peut ainsi coudre, de mani\u00e8re professionnelle, le ruban de passepoil entre deux \u00e9paisseurs de tissu.<\/div>\n<div><\/div>\n<div>Le pied pour passepoil id\u00e9al pour vos ouvrages cr\u00e9atifs. Il vous permet de r\u00e9aliser rapidement et facilement, sur les tissus les plus vari\u00e9s, des d\u00e9corations \u00e9labor\u00e9es. Vous pouvez ainsi transformer\u00a0quelconque\u00a0v\u00eatement attirant tous les regards. Le pied-de-biche est aussi parfait pour cr\u00e9er et appliquer des passepoils de grande qualit\u00e9.<\/div>\n<div><\/div>\n<div>La rainure sous la semelle du pied et le guide lat\u00e9ral saisissent les cordons de telle fa\u00e7on qu&rsquo;ils puissent \u00eatre piqu\u00e9s sur le tissu facilement et sans glisser.\u00a0Ou cousez des housses de coussin haut de gamme qui attireront tous les regards!<\/div>\n<div><\/div>\n<div>Le passepoilage cr\u00e9e des finitions professionnelles et conf\u00e8re r\u00e9sistance et durabilit\u00e9 aux rideaux, aux coussins ainsi qu&rsquo;\u00e0 certains v\u00eatements. La glissi\u00e8re du pied pour passepoilage maintient fermement le passepoil en place afin que celui-ci ne se d\u00e9place que sous le pied pour cr\u00e9er un ourlet propre.<\/div>\n<p>&nbsp;<\/p>\n","protected":false},"excerpt":{"rendered":"<p>Pied passepoil large 5mm Ce pied dispose d&rsquo;une rainure de guidage sp\u00e9cialement pr\u00e9vue pour poser les passepoils. Le ruban de passepoil peut \u00eatre guid\u00e9 avec pr\u00e9cision gr\u00e2ce \u00e0 cette rainure. On peut ainsi coudre, de mani\u00e8re professionnelle, le ruban de passepoil entre deux \u00e9paisseurs de tissu. Le pied pour passepoil id\u00e9al pour vos ouvrages cr\u00e9atifs.&hellip;<\/p>\n","protected":false},"featured_media":971,"comment_status":"open","ping_status":"closed","template":"","meta":{"om_disable_all_campaigns":false,"_monsterinsights_skip_tracking":false,"_monsterinsights_sitenote_active":false,"_monsterinsights_sitenote_note":"","_monsterinsights_sitenote_category":0,"_uf_show_specific_survey":0,"_uf_disable_surveys":false},"product_brand":[],"product_cat":[205],"product_tag":[124],"giftcard-category":[],"class_list":{"0":"post-969","1":"product","2":"type-product","3":"status-publish","4":"has-post-thumbnail","6":"product_cat-pied-passe-poil","7":"product_tag-bernette","9":"first","10":"instock","11":"sale","12":"shipping-taxable","13":"purchasable","14":"product-type-simple"},"aioseo_notices":[],"jetpack_sharing_enabled":true,"_links":{"self":[{"href":"https:\/\/berninabrussels.be\/index.php?rest_route=\/wp\/v2\/product\/969","targetHints":{"allow":["GET"]}}],"collection":[{"href":"https:\/\/berninabrussels.be\/index.php?rest_route=\/wp\/v2\/product"}],"about":[{"href":"https:\/\/berninabrussels.be\/index.php?rest_route=\/wp\/v2\/types\/product"}],"replies":[{"embeddable":true,"href":"https:\/\/berninabrussels.be\/index.php?rest_route=%2Fwp%2Fv2%2Fcomments&post=969"}],"wp:featuredmedia":[{"embeddable":true,"href":"https:\/\/berninabrussels.be\/index.php?rest_route=\/wp\/v2\/media\/971"}],"wp:attachment":[{"href":"https:\/\/berninabrussels.be\/index.php?rest_route=%2Fwp%2Fv2%2Fmedia&parent=969"}],"wp:term":[{"taxonomy":"product_brand","embeddable":true,"href":"https:\/\/berninabrussels.be\/index.php?rest_route=%2Fwp%2Fv2%2Fproduct_brand&post=969"},{"taxonomy":"product_cat","embeddable":true,"href":"https:\/\/berninabrussels.be\/index.php?rest_route=%2Fwp%2Fv2%2Fproduct_cat&post=969"},{"taxonomy":"product_tag","embeddable":true,"href":"https:\/\/berninabrussels.be\/index.php?rest_route=%2Fwp%2Fv2%2Fproduct_tag&post=969"},{"taxonomy":"giftcard-category","embeddable":true,"href":"https:\/\/berninabrussels.be\/index.php?rest_route=%2Fwp%2Fv2%2Fgiftcard-category&post=969"}],"curies":[{"name":"wp","href":"https:\/\/api.w.org\/{rel}","templated":true}]}}