{"id":965,"date":"2023-05-09T10:09:25","date_gmt":"2023-05-09T08:09:25","guid":{"rendered":"https:\/\/berninabrussels.be\/?post_type=product&#038;p=965"},"modified":"2023-05-09T10:15:11","modified_gmt":"2023-05-09T08:15:11","slug":"pied-fronceur-surjeteuse-2","status":"publish","type":"product","link":"https:\/\/berninabrussels.be\/?product=pied-fronceur-surjeteuse-2","title":{"rendered":"Pied fronceur surjeteuse"},"content":{"rendered":"<div>\n<div><b><span style=\"font-size: medium;\">Pied fronceur<\/span><\/b><\/div>\n<div><\/div>\n<div>Le pied fronceur\u00a0est pr\u00e9vu pour l&rsquo;assemblage de deux\u00a0tissus. Le tissu\u00a0du dessous\u00a0\u00e9tant alors fronc\u00e9e selon un rapport 2 :1.<\/div>\n<div>\nL&rsquo;effet de froncement s&rsquo;accentue \u00e0 mesure que l&rsquo;entrainement (diff\u00e9rentiel) et la longueur du point augmentent.<\/div>\n<div><\/div>\n<div>Le pied fronceur est id\u00e9al pour froncer une seule \u00e9paisseur de tissu ou froncer et coudre simultan\u00e9ment deux \u00e9paisseurs de tissu (l&rsquo;\u00e9paisseur de tissu du dessous sera fronc\u00e9e et\u00a0 celle du dessus restera lisse). Convient aux tissus fins et d&rsquo;\u00e9paisseur moyenne.<\/div>\n<div><\/div>\n<div><\/div>\n<\/div>\n<div>\n<div>Le fronceur permet de garnir le tissu d&rsquo;un ruch\u00e9 d\u00e9coratif rapidement et facilement. Sa particularit\u00e9 : le tissu fronc\u00e9 peut \u00eatre piqu\u00e9 sur le tissu plat durant la m\u00eame op\u00e9ration. C&rsquo;est un gain de temps bienvenu. Le tissu \u00e0 froncer est plac\u00e9 sous le guide fronceur, celui qui restera plat se trouvant sur le dessus.<\/div>\n<div><\/div>\n<div>Le tissu du dessous est fronc\u00e9 avec un point \u00e0 quatre aiguilles et piqu\u00e9 en m\u00eame temps sur le tissu plac\u00e9 au-dessus. Le rebord du tissu est coup\u00e9e et surfil\u00e9e durant la m\u00eame op\u00e9ration. Le guide int\u00e9gr\u00e9 sur le c\u00f4t\u00e9 du pied peut \u00eatre positionn\u00e9 exactement \u00e0 l&rsquo;aide d&rsquo;une vis de r\u00e9glage. Le pied est compatible avec divers types de tissu et se pr\u00eate ainsi \u00e0 des usages polyvalents.<\/div>\n<div><\/div>\n<div>Vous pouvez ainsi d\u00e9corer des housses de coussin et des rideaux ainsi que des corsages et des robes du soir.<\/div>\n<\/div>\n","protected":false},"excerpt":{"rendered":"<p>Pied fronceur Le pied fronceur\u00a0est pr\u00e9vu pour l&rsquo;assemblage de deux\u00a0tissus. Le tissu\u00a0du dessous\u00a0\u00e9tant alors fronc\u00e9e selon un rapport 2 :1. L&rsquo;effet de froncement s&rsquo;accentue \u00e0 mesure que l&rsquo;entrainement (diff\u00e9rentiel) et la longueur du point augmentent. Le pied fronceur est id\u00e9al pour froncer une seule \u00e9paisseur de tissu ou froncer et coudre simultan\u00e9ment deux \u00e9paisseurs de&hellip;<\/p>\n","protected":false},"featured_media":966,"comment_status":"open","ping_status":"closed","template":"","meta":{"om_disable_all_campaigns":false,"_monsterinsights_skip_tracking":false,"_monsterinsights_sitenote_active":false,"_monsterinsights_sitenote_note":"","_monsterinsights_sitenote_category":0,"_uf_show_specific_survey":0,"_uf_disable_surveys":false},"product_brand":[],"product_cat":[195],"product_tag":[124],"giftcard-category":[],"class_list":{"0":"post-965","1":"product","2":"type-product","3":"status-publish","4":"has-post-thumbnail","6":"product_cat-pied-fronceur","7":"product_tag-bernette","9":"first","10":"instock","11":"sale","12":"shipping-taxable","13":"purchasable","14":"product-type-simple"},"aioseo_notices":[],"jetpack_sharing_enabled":true,"_links":{"self":[{"href":"https:\/\/berninabrussels.be\/index.php?rest_route=\/wp\/v2\/product\/965","targetHints":{"allow":["GET"]}}],"collection":[{"href":"https:\/\/berninabrussels.be\/index.php?rest_route=\/wp\/v2\/product"}],"about":[{"href":"https:\/\/berninabrussels.be\/index.php?rest_route=\/wp\/v2\/types\/product"}],"replies":[{"embeddable":true,"href":"https:\/\/berninabrussels.be\/index.php?rest_route=%2Fwp%2Fv2%2Fcomments&post=965"}],"wp:featuredmedia":[{"embeddable":true,"href":"https:\/\/berninabrussels.be\/index.php?rest_route=\/wp\/v2\/media\/966"}],"wp:attachment":[{"href":"https:\/\/berninabrussels.be\/index.php?rest_route=%2Fwp%2Fv2%2Fmedia&parent=965"}],"wp:term":[{"taxonomy":"product_brand","embeddable":true,"href":"https:\/\/berninabrussels.be\/index.php?rest_route=%2Fwp%2Fv2%2Fproduct_brand&post=965"},{"taxonomy":"product_cat","embeddable":true,"href":"https:\/\/berninabrussels.be\/index.php?rest_route=%2Fwp%2Fv2%2Fproduct_cat&post=965"},{"taxonomy":"product_tag","embeddable":true,"href":"https:\/\/berninabrussels.be\/index.php?rest_route=%2Fwp%2Fv2%2Fproduct_tag&post=965"},{"taxonomy":"giftcard-category","embeddable":true,"href":"https:\/\/berninabrussels.be\/index.php?rest_route=%2Fwp%2Fv2%2Fgiftcard-category&post=965"}],"curies":[{"name":"wp","href":"https:\/\/api.w.org\/{rel}","templated":true}]}}