{"id":946,"date":"2023-05-08T19:41:42","date_gmt":"2023-05-08T17:41:42","guid":{"rendered":"https:\/\/berninabrussels.be\/?post_type=product&#038;p=946"},"modified":"2023-05-08T19:43:24","modified_gmt":"2023-05-08T17:43:24","slug":"surjeteuse-industrielle-jack-c5f","status":"publish","type":"product","link":"https:\/\/berninabrussels.be\/?product=surjeteuse-industrielle-jack-c5f","title":{"rendered":"SURJETEUSE INDUSTRIELLE JACK C5F"},"content":{"rendered":"<p><iframe title=\"JK-C5F-4-M03\/333 - 4 \u0130plik  Ak\u0131ll\u0131 Overlok Makinesi\" width=\"1140\" height=\"641\" src=\"https:\/\/www.youtube.com\/embed\/nYVpenUsHV8?feature=oembed\" frameborder=\"0\" allow=\"accelerometer; autoplay; clipboard-write; encrypted-media; gyroscope; picture-in-picture; web-share\" referrerpolicy=\"strict-origin-when-cross-origin\" allowfullscreen><\/iframe><\/p>\n<p>La s\u00e9rie C5-F de surjeteuses haute performance \u00e0 3, 4 et 5 fils, \u00e9quip\u00e9es d&rsquo;un moteur int\u00e9gr\u00e9 \u00e0 \u00e9conomie d&rsquo;\u00e9nergie mont\u00e9 dans la t\u00eate directement sur l&rsquo;arbre principal de la machine (syst\u00e8me DIRECT DRIVE), qui garantit un fonctionnement silencieux et fiable et une consommation d&rsquo;\u00e9lectricit\u00e9 r\u00e9duite.<\/p>\n<p>La conception moderne de la machine assure une meilleure ventilation du moteur, et donc un fonctionnement plus rapide et plus efficace, et par cons\u00e9quent, une plus longue dur\u00e9e de vie de la machine. La surjeteuse JACK C5-F est \u00e9quip\u00e9e d&rsquo;un coupe-fil automatique qui minimise l&rsquo;usure du fil lors du processus de couture et du positionnement de l&rsquo;aiguille. \u00c9clairage du champ de travail (diodes LED) avec possibilit\u00e9 de r\u00e9glage en 3 \u00e9tapes. Panneau de commande clair. Relevage de pied \u00e9lectrique.<\/p>\n<p>La machine poss\u00e8de 3 modes de fonctionnement : manuel\/semi-automatique\/automatique<\/p>\n<p>&nbsp;<\/p>\n","protected":false},"excerpt":{"rendered":"<p>La s\u00e9rie C5-F de surjeteuses haute performance \u00e0 3, 4 et 5 fils, \u00e9quip\u00e9es d&rsquo;un moteur int\u00e9gr\u00e9 \u00e0 \u00e9conomie d&rsquo;\u00e9nergie mont\u00e9 dans la t\u00eate directement sur l&rsquo;arbre principal de la machine (syst\u00e8me DIRECT DRIVE), qui garantit un fonctionnement silencieux et fiable et une consommation d&rsquo;\u00e9lectricit\u00e9 r\u00e9duite. La conception moderne de la machine assure une meilleure&hellip;<\/p>\n","protected":false},"featured_media":950,"comment_status":"open","ping_status":"closed","template":"","meta":{"om_disable_all_campaigns":false,"_monsterinsights_skip_tracking":false,"_monsterinsights_sitenote_active":false,"_monsterinsights_sitenote_note":"","_monsterinsights_sitenote_category":0,"_uf_show_specific_survey":0,"_uf_disable_surveys":false},"product_brand":[],"product_cat":[29,32,68],"product_tag":[],"giftcard-category":[],"class_list":{"0":"post-946","1":"product","2":"type-product","3":"status-publish","4":"has-post-thumbnail","6":"product_cat-machines","7":"product_cat-machines-professionnelles","8":"product_cat-surjeteuses-industrielles","10":"first","11":"instock","12":"shipping-taxable","13":"purchasable","14":"product-type-variable","15":"has-default-attributes"},"aioseo_notices":[],"jetpack_sharing_enabled":true,"_links":{"self":[{"href":"https:\/\/berninabrussels.be\/index.php?rest_route=\/wp\/v2\/product\/946","targetHints":{"allow":["GET"]}}],"collection":[{"href":"https:\/\/berninabrussels.be\/index.php?rest_route=\/wp\/v2\/product"}],"about":[{"href":"https:\/\/berninabrussels.be\/index.php?rest_route=\/wp\/v2\/types\/product"}],"replies":[{"embeddable":true,"href":"https:\/\/berninabrussels.be\/index.php?rest_route=%2Fwp%2Fv2%2Fcomments&post=946"}],"wp:featuredmedia":[{"embeddable":true,"href":"https:\/\/berninabrussels.be\/index.php?rest_route=\/wp\/v2\/media\/950"}],"wp:attachment":[{"href":"https:\/\/berninabrussels.be\/index.php?rest_route=%2Fwp%2Fv2%2Fmedia&parent=946"}],"wp:term":[{"taxonomy":"product_brand","embeddable":true,"href":"https:\/\/berninabrussels.be\/index.php?rest_route=%2Fwp%2Fv2%2Fproduct_brand&post=946"},{"taxonomy":"product_cat","embeddable":true,"href":"https:\/\/berninabrussels.be\/index.php?rest_route=%2Fwp%2Fv2%2Fproduct_cat&post=946"},{"taxonomy":"product_tag","embeddable":true,"href":"https:\/\/berninabrussels.be\/index.php?rest_route=%2Fwp%2Fv2%2Fproduct_tag&post=946"},{"taxonomy":"giftcard-category","embeddable":true,"href":"https:\/\/berninabrussels.be\/index.php?rest_route=%2Fwp%2Fv2%2Fgiftcard-category&post=946"}],"curies":[{"name":"wp","href":"https:\/\/api.w.org\/{rel}","templated":true}]}}