{"id":941,"date":"2023-05-08T19:39:31","date_gmt":"2023-05-08T17:39:31","guid":{"rendered":"https:\/\/berninabrussels.be\/?post_type=product&#038;p=941"},"modified":"2025-10-09T06:00:06","modified_gmt":"2025-10-09T04:00:06","slug":"surjeteuse-industrielle-jack-c4","status":"publish","type":"product","link":"https:\/\/berninabrussels.be\/?product=surjeteuse-industrielle-jack-c4","title":{"rendered":"SURJETEUSE INDUSTRIELLE JACK C4- LIVRAISON GRATUITE (Belgique- Luxembourg)"},"content":{"rendered":"<p><iframe title=\"C4 Super High Speed Full Auto Overlock Sewing Machine\" width=\"1140\" height=\"641\" src=\"https:\/\/www.youtube.com\/embed\/tjDvM6MJED8?feature=oembed\" frameborder=\"0\" allow=\"accelerometer; autoplay; clipboard-write; encrypted-media; gyroscope; picture-in-picture; web-share\" referrerpolicy=\"strict-origin-when-cross-origin\" allowfullscreen><\/iframe><\/p>\n<p>La s\u00e9rie C4 de surjeteuses haute performance \u00e0 3, 4 et 5 fils, \u00e9quip\u00e9es d&rsquo;un moteur int\u00e9gr\u00e9 \u00e0 \u00e9conomie d&rsquo;\u00e9nergie mont\u00e9 dans la t\u00eate directement sur l&rsquo;arbre principal de la machine (syst\u00e8me DIRECT DRIVE), qui garantit un fonctionnement silencieux et fiable et une consommation d&rsquo;\u00e9lectricit\u00e9 r\u00e9duite.<\/p>\n<p>La conception moderne de la machine assure une meilleure ventilation du moteur, et donc un fonctionnement plus rapide et plus efficace, et par cons\u00e9quent, une plus longue dur\u00e9e de vie de la machine. La surjeteuse JACK C4 est \u00e9quip\u00e9e d&rsquo;un coupe-fil automatique qui minimise l&rsquo;usure du fil lors du processus de couture et du positionnement de l&rsquo;aiguille. \u00c9clairage du champ de travail (diodes LED) avec possibilit\u00e9 de r\u00e9glage en 3 \u00e9tapes. Panneau de commande clair. Relevage de pied \u00e9lectrique.<\/p>\n<p>La machine poss\u00e8de 3 modes de fonctionnement : manuel\/semi-automatique\/automatique<\/p>\n","protected":false},"excerpt":{"rendered":"<p>La s\u00e9rie C4 de surjeteuses haute performance \u00e0 3, 4 et 5 fils, \u00e9quip\u00e9es d&rsquo;un moteur int\u00e9gr\u00e9 \u00e0 \u00e9conomie d&rsquo;\u00e9nergie mont\u00e9 dans la t\u00eate directement sur l&rsquo;arbre principal de la machine (syst\u00e8me DIRECT DRIVE), qui garantit un fonctionnement silencieux et fiable et une consommation d&rsquo;\u00e9lectricit\u00e9 r\u00e9duite. La conception moderne de la machine assure une meilleure&hellip;<\/p>\n","protected":false},"featured_media":945,"comment_status":"open","ping_status":"closed","template":"","meta":{"om_disable_all_campaigns":false,"_monsterinsights_skip_tracking":false,"_monsterinsights_sitenote_active":false,"_monsterinsights_sitenote_note":"","_monsterinsights_sitenote_category":0,"_uf_show_specific_survey":0,"_uf_disable_surveys":false},"product_brand":[],"product_cat":[29,32,68],"product_tag":[],"giftcard-category":[],"class_list":{"0":"post-941","1":"product","2":"type-product","3":"status-publish","4":"has-post-thumbnail","6":"product_cat-machines","7":"product_cat-machines-professionnelles","8":"product_cat-surjeteuses-industrielles","10":"first","11":"instock","12":"featured","13":"shipping-taxable","14":"purchasable","15":"product-type-variable","16":"has-default-attributes"},"aioseo_notices":[],"jetpack_sharing_enabled":true,"_links":{"self":[{"href":"https:\/\/berninabrussels.be\/index.php?rest_route=\/wp\/v2\/product\/941","targetHints":{"allow":["GET"]}}],"collection":[{"href":"https:\/\/berninabrussels.be\/index.php?rest_route=\/wp\/v2\/product"}],"about":[{"href":"https:\/\/berninabrussels.be\/index.php?rest_route=\/wp\/v2\/types\/product"}],"replies":[{"embeddable":true,"href":"https:\/\/berninabrussels.be\/index.php?rest_route=%2Fwp%2Fv2%2Fcomments&post=941"}],"wp:featuredmedia":[{"embeddable":true,"href":"https:\/\/berninabrussels.be\/index.php?rest_route=\/wp\/v2\/media\/945"}],"wp:attachment":[{"href":"https:\/\/berninabrussels.be\/index.php?rest_route=%2Fwp%2Fv2%2Fmedia&parent=941"}],"wp:term":[{"taxonomy":"product_brand","embeddable":true,"href":"https:\/\/berninabrussels.be\/index.php?rest_route=%2Fwp%2Fv2%2Fproduct_brand&post=941"},{"taxonomy":"product_cat","embeddable":true,"href":"https:\/\/berninabrussels.be\/index.php?rest_route=%2Fwp%2Fv2%2Fproduct_cat&post=941"},{"taxonomy":"product_tag","embeddable":true,"href":"https:\/\/berninabrussels.be\/index.php?rest_route=%2Fwp%2Fv2%2Fproduct_tag&post=941"},{"taxonomy":"giftcard-category","embeddable":true,"href":"https:\/\/berninabrussels.be\/index.php?rest_route=%2Fwp%2Fv2%2Fgiftcard-category&post=941"}],"curies":[{"name":"wp","href":"https:\/\/api.w.org\/{rel}","templated":true}]}}