{"id":928,"date":"2023-05-08T19:29:40","date_gmt":"2023-05-08T17:29:40","guid":{"rendered":"https:\/\/berninabrussels.be\/?post_type=product&#038;p=928"},"modified":"2023-05-08T19:31:13","modified_gmt":"2023-05-08T17:31:13","slug":"pied-50-double-transport-avec-3-semelles","status":"publish","type":"product","link":"https:\/\/berninabrussels.be\/?product=pied-50-double-transport-avec-3-semelles","title":{"rendered":"Pied 50 double transport avec 3 semelles"},"content":{"rendered":"<h3>Pied 50 double transport avec 3 semelles BERNINA<\/h3>\n<p align=\"left\">Livr\u00e9 avec une semelle zz zigzag ouvert et ferm\u00e9, ainsi que une semelle ourlet invisible. + 2 guides couture<\/p>\n<p align=\"left\">Le pied de transport sup\u00e9rieur ou pied double transport favorise l&rsquo;avancement du tissu. Il permet de coudre parfaitement des lignes droites d&rsquo;un quilt, celles de tissus et mat\u00e9riaux glissant mal et qui ont tendance \u00e0 se d\u00e9placer.<\/p>\n<p align=\"left\">Il est id\u00e9al pour le quilting, la couture de velours, certains tissus extensibles, imitations de cuir et tissus qui ont besoin que les motifs correspondent pr\u00e9cis\u00e9ment.<\/p>\n","protected":false},"excerpt":{"rendered":"<p>Pied 50 double transport avec 3 semelles BERNINA Livr\u00e9 avec une semelle zz zigzag ouvert et ferm\u00e9, ainsi que une semelle ourlet invisible. + 2 guides couture Le pied de transport sup\u00e9rieur ou pied double transport favorise l&rsquo;avancement du tissu. Il permet de coudre parfaitement des lignes droites d&rsquo;un quilt, celles de tissus et mat\u00e9riaux&hellip;<\/p>\n","protected":false},"featured_media":929,"comment_status":"open","ping_status":"closed","template":"","meta":{"om_disable_all_campaigns":false,"_monsterinsights_skip_tracking":false,"_monsterinsights_sitenote_active":false,"_monsterinsights_sitenote_note":"","_monsterinsights_sitenote_category":0,"_uf_show_specific_survey":0,"_uf_disable_surveys":false},"product_brand":[],"product_cat":[207],"product_tag":[125],"giftcard-category":[],"class_list":{"0":"post-928","1":"product","2":"type-product","3":"status-publish","4":"has-post-thumbnail","6":"product_cat-pied-cordon-cordonnet","7":"product_tag-bernina","9":"first","10":"instock","11":"sale","12":"shipping-taxable","13":"purchasable","14":"product-type-simple"},"aioseo_notices":[],"jetpack_sharing_enabled":true,"_links":{"self":[{"href":"https:\/\/berninabrussels.be\/index.php?rest_route=\/wp\/v2\/product\/928","targetHints":{"allow":["GET"]}}],"collection":[{"href":"https:\/\/berninabrussels.be\/index.php?rest_route=\/wp\/v2\/product"}],"about":[{"href":"https:\/\/berninabrussels.be\/index.php?rest_route=\/wp\/v2\/types\/product"}],"replies":[{"embeddable":true,"href":"https:\/\/berninabrussels.be\/index.php?rest_route=%2Fwp%2Fv2%2Fcomments&post=928"}],"wp:featuredmedia":[{"embeddable":true,"href":"https:\/\/berninabrussels.be\/index.php?rest_route=\/wp\/v2\/media\/929"}],"wp:attachment":[{"href":"https:\/\/berninabrussels.be\/index.php?rest_route=%2Fwp%2Fv2%2Fmedia&parent=928"}],"wp:term":[{"taxonomy":"product_brand","embeddable":true,"href":"https:\/\/berninabrussels.be\/index.php?rest_route=%2Fwp%2Fv2%2Fproduct_brand&post=928"},{"taxonomy":"product_cat","embeddable":true,"href":"https:\/\/berninabrussels.be\/index.php?rest_route=%2Fwp%2Fv2%2Fproduct_cat&post=928"},{"taxonomy":"product_tag","embeddable":true,"href":"https:\/\/berninabrussels.be\/index.php?rest_route=%2Fwp%2Fv2%2Fproduct_tag&post=928"},{"taxonomy":"giftcard-category","embeddable":true,"href":"https:\/\/berninabrussels.be\/index.php?rest_route=%2Fwp%2Fv2%2Fgiftcard-category&post=928"}],"curies":[{"name":"wp","href":"https:\/\/api.w.org\/{rel}","templated":true}]}}