{"id":924,"date":"2023-05-08T19:26:31","date_gmt":"2023-05-08T17:26:31","guid":{"rendered":"https:\/\/berninabrussels.be\/?post_type=product&#038;p=924"},"modified":"2023-05-08T19:29:21","modified_gmt":"2023-05-08T17:29:21","slug":"aide-davancement-pour-boutonnieres-bernina","status":"publish","type":"product","link":"https:\/\/berninabrussels.be\/?product=aide-davancement-pour-boutonnieres-bernina","title":{"rendered":"Aide d&rsquo;avancement pour boutonni\u00e8res Bernina"},"content":{"rendered":"<h3>Aide d&rsquo;avancement pour la couture des boutonni\u00e8res BERNINA<\/h3>\n<p>L&rsquo;aide d&rsquo;avancement pour la couture des boutonni\u00e8res facilite l&rsquo;entra\u00eenement des tissus \u00e9pais et souples. \u00c0 cette fin, l&rsquo;aide d&rsquo;avancement est utilis\u00e9 avec le pied pour boutonni\u00e8re #3A\/3B. Le pied ainsi obtenu est \u00e9quip\u00e9 d&rsquo;une semelle particuli\u00e8rement large. Les deux plaques lat\u00e9rales augmentent la surface g\u00e9n\u00e9rant l&rsquo;entra\u00eenement et exercent une pression uniforme sur le tissu. Vous obtiendrez ainsi des boutonni\u00e8res tr\u00e8s nettes et des points r\u00e9guliers sur des tissus d\u00e9licats. Une plaquette d&rsquo;\u00e9quilibrage de la hauteur pour boutonni\u00e8res est \u00e9galement disponible au sein de la gamme d&rsquo;accessoires sp\u00e9ciaux pour la couture BERNINA.<\/p>\n<p>C&rsquo;est un outil pratique permettant de coudre des boutonni\u00e8res sur des tissus d&rsquo;\u00e9paisseurs diff\u00e9rentes ou situ\u00e9es sur les rebords du tissu. Pour encore plus de confort, BERNINA propose en compl\u00e9ment le pied tra\u00eeneau pour boutonni\u00e8re #3A. Gr\u00e2ce \u00e0 cet outil, r\u00e9aliser des boutonni\u00e8res de m\u00eame longueur devient un jeu d&rsquo;enfant.<\/p>\n","protected":false},"excerpt":{"rendered":"<p>Aide d&rsquo;avancement pour la couture des boutonni\u00e8res BERNINA L&rsquo;aide d&rsquo;avancement pour la couture des boutonni\u00e8res facilite l&rsquo;entra\u00eenement des tissus \u00e9pais et souples. \u00c0 cette fin, l&rsquo;aide d&rsquo;avancement est utilis\u00e9 avec le pied pour boutonni\u00e8re #3A\/3B. Le pied ainsi obtenu est \u00e9quip\u00e9 d&rsquo;une semelle particuli\u00e8rement large. Les deux plaques lat\u00e9rales augmentent la surface g\u00e9n\u00e9rant l&rsquo;entra\u00eenement et&hellip;<\/p>\n","protected":false},"featured_media":927,"comment_status":"open","ping_status":"closed","template":"","meta":{"om_disable_all_campaigns":false,"_monsterinsights_skip_tracking":false,"_monsterinsights_sitenote_active":false,"_monsterinsights_sitenote_note":"","_monsterinsights_sitenote_category":0,"_uf_show_specific_survey":0,"_uf_disable_surveys":false},"product_brand":[],"product_cat":[42,44,240,192],"product_tag":[125],"giftcard-category":[],"class_list":{"0":"post-924","1":"product","2":"type-product","3":"status-publish","4":"has-post-thumbnail","6":"product_cat-accesoires","7":"product_cat-machine-a-coudre","8":"product_cat-pieds-presseurs","9":"product_cat-autres","10":"product_tag-bernina","12":"first","13":"instock","14":"sale","15":"shipping-taxable","16":"purchasable","17":"product-type-simple"},"aioseo_notices":[],"jetpack_sharing_enabled":true,"_links":{"self":[{"href":"https:\/\/berninabrussels.be\/index.php?rest_route=\/wp\/v2\/product\/924","targetHints":{"allow":["GET"]}}],"collection":[{"href":"https:\/\/berninabrussels.be\/index.php?rest_route=\/wp\/v2\/product"}],"about":[{"href":"https:\/\/berninabrussels.be\/index.php?rest_route=\/wp\/v2\/types\/product"}],"replies":[{"embeddable":true,"href":"https:\/\/berninabrussels.be\/index.php?rest_route=%2Fwp%2Fv2%2Fcomments&post=924"}],"wp:featuredmedia":[{"embeddable":true,"href":"https:\/\/berninabrussels.be\/index.php?rest_route=\/wp\/v2\/media\/927"}],"wp:attachment":[{"href":"https:\/\/berninabrussels.be\/index.php?rest_route=%2Fwp%2Fv2%2Fmedia&parent=924"}],"wp:term":[{"taxonomy":"product_brand","embeddable":true,"href":"https:\/\/berninabrussels.be\/index.php?rest_route=%2Fwp%2Fv2%2Fproduct_brand&post=924"},{"taxonomy":"product_cat","embeddable":true,"href":"https:\/\/berninabrussels.be\/index.php?rest_route=%2Fwp%2Fv2%2Fproduct_cat&post=924"},{"taxonomy":"product_tag","embeddable":true,"href":"https:\/\/berninabrussels.be\/index.php?rest_route=%2Fwp%2Fv2%2Fproduct_tag&post=924"},{"taxonomy":"giftcard-category","embeddable":true,"href":"https:\/\/berninabrussels.be\/index.php?rest_route=%2Fwp%2Fv2%2Fgiftcard-category&post=924"}],"curies":[{"name":"wp","href":"https:\/\/api.w.org\/{rel}","templated":true}]}}