{"id":919,"date":"2023-05-08T19:24:25","date_gmt":"2023-05-08T17:24:25","guid":{"rendered":"https:\/\/berninabrussels.be\/?post_type=product&#038;p=919"},"modified":"2023-05-10T21:41:53","modified_gmt":"2023-05-10T19:41:53","slug":"pied-50-double-transport","status":"publish","type":"product","link":"https:\/\/berninabrussels.be\/?product=pied-50-double-transport","title":{"rendered":"Pied 50 double transport"},"content":{"rendered":"<h3>Pied 50 double transport BERNINA<\/h3>\n<p align=\"left\">Le pied de transport sup\u00e9rieur ou pied double transport favorise l&rsquo;avancement du tissu. Il permet de coudre parfaitement des lignes droites d&rsquo;un quilt, celles de tissus et mat\u00e9riaux glissant mal et qui ont tendance \u00e0 se d\u00e9placer.<\/p>\n<p align=\"left\">Il est id\u00e9al pour le quilting, la couture de velours, certains tissus extensibles, imitations de cuir et tissus qui ont besoin que les motifs correspondent pr\u00e9cis\u00e9ment.<\/p>\n","protected":false},"excerpt":{"rendered":"<p>Pied 50 double transport BERNINA Le pied de transport sup\u00e9rieur ou pied double transport favorise l&rsquo;avancement du tissu. Il permet de coudre parfaitement des lignes droites d&rsquo;un quilt, celles de tissus et mat\u00e9riaux glissant mal et qui ont tendance \u00e0 se d\u00e9placer. Il est id\u00e9al pour le quilting, la couture de velours, certains tissus extensibles,&hellip;<\/p>\n","protected":false},"featured_media":923,"comment_status":"open","ping_status":"closed","template":"","meta":{"om_disable_all_campaigns":false,"_monsterinsights_skip_tracking":false,"_monsterinsights_sitenote_active":false,"_monsterinsights_sitenote_note":"","_monsterinsights_sitenote_category":0,"_uf_show_specific_survey":0,"_uf_disable_surveys":false},"product_brand":[],"product_cat":[210],"product_tag":[125],"giftcard-category":[],"class_list":{"0":"post-919","1":"product","2":"type-product","3":"status-publish","4":"has-post-thumbnail","6":"product_cat-pied-double-transport","7":"product_tag-bernina","8":"pa_marque-bernina","10":"first","11":"instock","12":"shipping-taxable","13":"purchasable","14":"product-type-simple"},"aioseo_notices":[],"jetpack_sharing_enabled":true,"_links":{"self":[{"href":"https:\/\/berninabrussels.be\/index.php?rest_route=\/wp\/v2\/product\/919","targetHints":{"allow":["GET"]}}],"collection":[{"href":"https:\/\/berninabrussels.be\/index.php?rest_route=\/wp\/v2\/product"}],"about":[{"href":"https:\/\/berninabrussels.be\/index.php?rest_route=\/wp\/v2\/types\/product"}],"replies":[{"embeddable":true,"href":"https:\/\/berninabrussels.be\/index.php?rest_route=%2Fwp%2Fv2%2Fcomments&post=919"}],"wp:featuredmedia":[{"embeddable":true,"href":"https:\/\/berninabrussels.be\/index.php?rest_route=\/wp\/v2\/media\/923"}],"wp:attachment":[{"href":"https:\/\/berninabrussels.be\/index.php?rest_route=%2Fwp%2Fv2%2Fmedia&parent=919"}],"wp:term":[{"taxonomy":"product_brand","embeddable":true,"href":"https:\/\/berninabrussels.be\/index.php?rest_route=%2Fwp%2Fv2%2Fproduct_brand&post=919"},{"taxonomy":"product_cat","embeddable":true,"href":"https:\/\/berninabrussels.be\/index.php?rest_route=%2Fwp%2Fv2%2Fproduct_cat&post=919"},{"taxonomy":"product_tag","embeddable":true,"href":"https:\/\/berninabrussels.be\/index.php?rest_route=%2Fwp%2Fv2%2Fproduct_tag&post=919"},{"taxonomy":"giftcard-category","embeddable":true,"href":"https:\/\/berninabrussels.be\/index.php?rest_route=%2Fwp%2Fv2%2Fgiftcard-category&post=919"}],"curies":[{"name":"wp","href":"https:\/\/api.w.org\/{rel}","templated":true}]}}