{"id":912,"date":"2023-05-08T19:20:50","date_gmt":"2023-05-08T17:20:50","guid":{"rendered":"https:\/\/berninabrussels.be\/?post_type=product&#038;p=912"},"modified":"2023-05-08T19:22:37","modified_gmt":"2023-05-08T17:22:37","slug":"pied-12-passepoil-2-3mm-perles-3mm","status":"publish","type":"product","link":"https:\/\/berninabrussels.be\/?product=pied-12-passepoil-2-3mm-perles-3mm","title":{"rendered":"Pied 12 passepoil (2-3mm), perles (3mm)"},"content":{"rendered":"<h3>Pied 12 passepoil (2-3mm), perles (3mm), lainage\u00a0BERNINA<\/h3>\n<p align=\"left\">Avec sa large rainure, le pied pour tricots et mailles est l&rsquo;outil id\u00e9al pour piquer les tissus \u00e0 mailles.<\/p>\n<p align=\"left\">Le pied pour tricots et mailles est de plus particuli\u00e8rement appr\u00e9ci\u00e9 pour \u00e9laborer et appliquer des passepoils.<\/p>\n","protected":false},"excerpt":{"rendered":"<p>Pied 12 passepoil (2-3mm), perles (3mm), lainage\u00a0BERNINA Avec sa large rainure, le pied pour tricots et mailles est l&rsquo;outil id\u00e9al pour piquer les tissus \u00e0 mailles. Le pied pour tricots et mailles est de plus particuli\u00e8rement appr\u00e9ci\u00e9 pour \u00e9laborer et appliquer des passepoils.<\/p>\n","protected":false},"featured_media":914,"comment_status":"open","ping_status":"closed","template":"","meta":{"om_disable_all_campaigns":false,"_monsterinsights_skip_tracking":false,"_monsterinsights_sitenote_active":false,"_monsterinsights_sitenote_note":"","_monsterinsights_sitenote_category":0,"_uf_show_specific_survey":0,"_uf_disable_surveys":false},"product_brand":[],"product_cat":[205],"product_tag":[125],"giftcard-category":[],"class_list":{"0":"post-912","1":"product","2":"type-product","3":"status-publish","4":"has-post-thumbnail","6":"product_cat-pied-passe-poil","7":"product_tag-bernina","9":"first","10":"instock","11":"sale","12":"shipping-taxable","13":"purchasable","14":"product-type-simple"},"aioseo_notices":[],"jetpack_sharing_enabled":true,"_links":{"self":[{"href":"https:\/\/berninabrussels.be\/index.php?rest_route=\/wp\/v2\/product\/912","targetHints":{"allow":["GET"]}}],"collection":[{"href":"https:\/\/berninabrussels.be\/index.php?rest_route=\/wp\/v2\/product"}],"about":[{"href":"https:\/\/berninabrussels.be\/index.php?rest_route=\/wp\/v2\/types\/product"}],"replies":[{"embeddable":true,"href":"https:\/\/berninabrussels.be\/index.php?rest_route=%2Fwp%2Fv2%2Fcomments&post=912"}],"wp:featuredmedia":[{"embeddable":true,"href":"https:\/\/berninabrussels.be\/index.php?rest_route=\/wp\/v2\/media\/914"}],"wp:attachment":[{"href":"https:\/\/berninabrussels.be\/index.php?rest_route=%2Fwp%2Fv2%2Fmedia&parent=912"}],"wp:term":[{"taxonomy":"product_brand","embeddable":true,"href":"https:\/\/berninabrussels.be\/index.php?rest_route=%2Fwp%2Fv2%2Fproduct_brand&post=912"},{"taxonomy":"product_cat","embeddable":true,"href":"https:\/\/berninabrussels.be\/index.php?rest_route=%2Fwp%2Fv2%2Fproduct_cat&post=912"},{"taxonomy":"product_tag","embeddable":true,"href":"https:\/\/berninabrussels.be\/index.php?rest_route=%2Fwp%2Fv2%2Fproduct_tag&post=912"},{"taxonomy":"giftcard-category","embeddable":true,"href":"https:\/\/berninabrussels.be\/index.php?rest_route=%2Fwp%2Fv2%2Fgiftcard-category&post=912"}],"curies":[{"name":"wp","href":"https:\/\/api.w.org\/{rel}","templated":true}]}}