{"id":901,"date":"2023-05-08T19:15:20","date_gmt":"2023-05-08T17:15:20","guid":{"rendered":"https:\/\/berninabrussels.be\/?post_type=product&#038;p=901"},"modified":"2023-05-08T19:24:38","modified_gmt":"2023-05-08T17:24:38","slug":"recouvreuse-jack-w4-plateau","status":"publish","type":"product","link":"https:\/\/berninabrussels.be\/?product=recouvreuse-jack-w4-plateau","title":{"rendered":"RECOUVREUSE JACK W4 &#8211; Plateau"},"content":{"rendered":"<p>La JACK JK-W4 est une machine 3 aiguilles \u00e0 point de recouvrement \u00e9quip\u00e9e d&rsquo;un moteur \u00e0 \u00e9conomie d&rsquo;\u00e9nergie mont\u00e9 dans la t\u00eate (syst\u00e8me Direct Drive), qui garantit un fonctionnement silencieux et fiable et une consommation d&rsquo;\u00e9nergie r\u00e9duite.<\/p>\n<p>Le transport diff\u00e9rentiel inf\u00e9rieur assure un point de haute qualit\u00e9, m\u00eame avec des mat\u00e9riaux comme le Lycra. La machine est \u00e9quip\u00e9e d&rsquo;un \u00e9clairage LED (avec possibilit\u00e9 de r\u00e9glage de l&rsquo;intensit\u00e9 lumineuse sur 3 niveaux).<\/p>\n<p>Si vous souhaitez l&rsquo;option coupe-fil, veuillez la s\u00e9lectionner ci-dessus.<\/p>\n","protected":false},"excerpt":{"rendered":"<p>La JACK JK-W4 est une machine 3 aiguilles \u00e0 point de recouvrement \u00e9quip\u00e9e d&rsquo;un moteur \u00e0 \u00e9conomie d&rsquo;\u00e9nergie mont\u00e9 dans la t\u00eate (syst\u00e8me Direct Drive), qui garantit un fonctionnement silencieux et fiable et une consommation d&rsquo;\u00e9nergie r\u00e9duite. Le transport diff\u00e9rentiel inf\u00e9rieur assure un point de haute qualit\u00e9, m\u00eame avec des mat\u00e9riaux comme le Lycra. La&hellip;<\/p>\n","protected":false},"featured_media":902,"comment_status":"open","ping_status":"closed","template":"","meta":{"om_disable_all_campaigns":false,"_monsterinsights_skip_tracking":false,"_monsterinsights_sitenote_active":false,"_monsterinsights_sitenote_note":"","_monsterinsights_sitenote_category":0,"_uf_show_specific_survey":0,"_uf_disable_surveys":false},"product_brand":[],"product_cat":[29,32,69],"product_tag":[],"giftcard-category":[],"class_list":{"0":"post-901","1":"product","2":"type-product","3":"status-publish","4":"has-post-thumbnail","6":"product_cat-machines","7":"product_cat-machines-professionnelles","8":"product_cat-recouvreuses-industrielles","10":"first","11":"instock","12":"shipping-taxable","13":"purchasable","14":"product-type-variable","15":"has-default-attributes"},"aioseo_notices":[],"jetpack_sharing_enabled":true,"_links":{"self":[{"href":"https:\/\/berninabrussels.be\/index.php?rest_route=\/wp\/v2\/product\/901","targetHints":{"allow":["GET"]}}],"collection":[{"href":"https:\/\/berninabrussels.be\/index.php?rest_route=\/wp\/v2\/product"}],"about":[{"href":"https:\/\/berninabrussels.be\/index.php?rest_route=\/wp\/v2\/types\/product"}],"replies":[{"embeddable":true,"href":"https:\/\/berninabrussels.be\/index.php?rest_route=%2Fwp%2Fv2%2Fcomments&post=901"}],"wp:featuredmedia":[{"embeddable":true,"href":"https:\/\/berninabrussels.be\/index.php?rest_route=\/wp\/v2\/media\/902"}],"wp:attachment":[{"href":"https:\/\/berninabrussels.be\/index.php?rest_route=%2Fwp%2Fv2%2Fmedia&parent=901"}],"wp:term":[{"taxonomy":"product_brand","embeddable":true,"href":"https:\/\/berninabrussels.be\/index.php?rest_route=%2Fwp%2Fv2%2Fproduct_brand&post=901"},{"taxonomy":"product_cat","embeddable":true,"href":"https:\/\/berninabrussels.be\/index.php?rest_route=%2Fwp%2Fv2%2Fproduct_cat&post=901"},{"taxonomy":"product_tag","embeddable":true,"href":"https:\/\/berninabrussels.be\/index.php?rest_route=%2Fwp%2Fv2%2Fproduct_tag&post=901"},{"taxonomy":"giftcard-category","embeddable":true,"href":"https:\/\/berninabrussels.be\/index.php?rest_route=%2Fwp%2Fv2%2Fgiftcard-category&post=901"}],"curies":[{"name":"wp","href":"https:\/\/api.w.org\/{rel}","templated":true}]}}