{"id":899,"date":"2023-05-08T19:13:35","date_gmt":"2023-05-08T17:13:35","guid":{"rendered":"https:\/\/berninabrussels.be\/?post_type=product&#038;p=899"},"modified":"2023-05-08T19:18:39","modified_gmt":"2023-05-08T17:18:39","slug":"pied-passepoil-4mm-perles-paillettes","status":"publish","type":"product","link":"https:\/\/berninabrussels.be\/?product=pied-passepoil-4mm-perles-paillettes","title":{"rendered":"Pied passepoil 4mm, perles, paillettes"},"content":{"rendered":"<h3>Pied pour passepoils, perles et paillettes\u00a0<u>avec guide<\/u><\/h3>\n<div>Le pied pour passepoils, perles et paillettes est multifonctionnel et id\u00e9al pour vos ouvrages cr\u00e9atifs. Il vous permet de r\u00e9aliser rapidement et facilement, sur les tissus les plus vari\u00e9s, des d\u00e9corations \u00e9labor\u00e9es int\u00e9grant paillettes et perles. Vous pouvez ainsi transformer un haut quelconque en un v\u00eatement attirant tous les regards. Le pied-de-biche est aussi parfait pour cr\u00e9er et appliquer des passepoils de grande qualit\u00e9.<\/div>\n<div><\/div>\n<div>La rainure sous la semelle du pied et le guide lat\u00e9ral saisissent les cordons, avec ou sans perles et paillettes, de telle fa\u00e7on qu&rsquo;ils puissent \u00eatre piqu\u00e9s sur le tissu facilement et sans glisser. Ce pied permet \u00e9galement de coudre des fermetures \u00e0 glissi\u00e8re. Cr\u00e9ez de superbe corsage ou robes du soir serties de perles ou de paillettes scintillantes ! Ou cousez des housses de coussin haut de gamme qui attireront tous les regards!<\/div>\n<div><\/div>\n<div>\n<p>Ce pied sp\u00e9cial permet de poser des bandes perl\u00e9es, des paillettes mont\u00e9es sur des bandes strass, de ficelles ou cordonnets d\u00e9coratifs. Ces op\u00e9rations s\u2019effectuent avec une seule aiguille.<\/p>\n<div><\/div>\n<div>Cr\u00e9ez de superbe corsage ou robes du soir serties de perles ou de paillettes scintillantes !<\/div>\n<\/div>\n<div><\/div>\n<div>\n<div>Ce pied dispose d&rsquo;une rainure de guidage sp\u00e9cialement pr\u00e9vue pour poser les passepoils. Le ruban de passepoil peut \u00eatre guid\u00e9 avec pr\u00e9cision gr\u00e2ce \u00e0 cette rainure. On peut ainsi coudre, de mani\u00e8re professionnelle, le ruban de passepoil entre deux \u00e9paisseurs de tissu.<\/div>\n<div><\/div>\n<\/div>\n<div>Le passepoilage cr\u00e9e des finitions professionnelles et conf\u00e8re r\u00e9sistance et durabilit\u00e9 aux rideaux, aux coussins ainsi qu&rsquo;\u00e0 certains v\u00eatements. La glissi\u00e8re du pied pour passepoilage maintient fermement le passepoil en place afin que celui-ci ne se d\u00e9place que sous le pied pour cr\u00e9er un ourlet propre.<\/div>\n","protected":false},"excerpt":{"rendered":"<p>Pied pour passepoils, perles et paillettes\u00a0avec guide Le pied pour passepoils, perles et paillettes est multifonctionnel et id\u00e9al pour vos ouvrages cr\u00e9atifs. Il vous permet de r\u00e9aliser rapidement et facilement, sur les tissus les plus vari\u00e9s, des d\u00e9corations \u00e9labor\u00e9es int\u00e9grant paillettes et perles. Vous pouvez ainsi transformer un haut quelconque en un v\u00eatement attirant tous&hellip;<\/p>\n","protected":false},"featured_media":905,"comment_status":"open","ping_status":"closed","template":"","meta":{"om_disable_all_campaigns":false,"_monsterinsights_skip_tracking":false,"_monsterinsights_sitenote_active":false,"_monsterinsights_sitenote_note":"","_monsterinsights_sitenote_category":0,"_uf_show_specific_survey":0,"_uf_disable_surveys":false},"product_brand":[],"product_cat":[205],"product_tag":[125],"giftcard-category":[],"class_list":{"0":"post-899","1":"product","2":"type-product","3":"status-publish","4":"has-post-thumbnail","6":"product_cat-pied-passe-poil","7":"product_tag-bernina","9":"first","10":"instock","11":"sale","12":"shipping-taxable","13":"purchasable","14":"product-type-simple"},"aioseo_notices":[],"jetpack_sharing_enabled":true,"_links":{"self":[{"href":"https:\/\/berninabrussels.be\/index.php?rest_route=\/wp\/v2\/product\/899","targetHints":{"allow":["GET"]}}],"collection":[{"href":"https:\/\/berninabrussels.be\/index.php?rest_route=\/wp\/v2\/product"}],"about":[{"href":"https:\/\/berninabrussels.be\/index.php?rest_route=\/wp\/v2\/types\/product"}],"replies":[{"embeddable":true,"href":"https:\/\/berninabrussels.be\/index.php?rest_route=%2Fwp%2Fv2%2Fcomments&post=899"}],"wp:featuredmedia":[{"embeddable":true,"href":"https:\/\/berninabrussels.be\/index.php?rest_route=\/wp\/v2\/media\/905"}],"wp:attachment":[{"href":"https:\/\/berninabrussels.be\/index.php?rest_route=%2Fwp%2Fv2%2Fmedia&parent=899"}],"wp:term":[{"taxonomy":"product_brand","embeddable":true,"href":"https:\/\/berninabrussels.be\/index.php?rest_route=%2Fwp%2Fv2%2Fproduct_brand&post=899"},{"taxonomy":"product_cat","embeddable":true,"href":"https:\/\/berninabrussels.be\/index.php?rest_route=%2Fwp%2Fv2%2Fproduct_cat&post=899"},{"taxonomy":"product_tag","embeddable":true,"href":"https:\/\/berninabrussels.be\/index.php?rest_route=%2Fwp%2Fv2%2Fproduct_tag&post=899"},{"taxonomy":"giftcard-category","embeddable":true,"href":"https:\/\/berninabrussels.be\/index.php?rest_route=%2Fwp%2Fv2%2Fgiftcard-category&post=899"}],"curies":[{"name":"wp","href":"https:\/\/api.w.org\/{rel}","templated":true}]}}