{"id":897,"date":"2023-05-08T19:12:28","date_gmt":"2023-05-08T17:12:28","guid":{"rendered":"https:\/\/berninabrussels.be\/?post_type=product&#038;p=897"},"modified":"2025-05-26T12:44:06","modified_gmt":"2025-05-26T10:44:06","slug":"machine-a-coudre-jack-2060-triple-entrainement","status":"publish","type":"product","link":"https:\/\/berninabrussels.be\/?product=machine-a-coudre-jack-2060-triple-entrainement","title":{"rendered":"MACHINE A COUDRE JACK 2060 &#8211; Triple entrainement"},"content":{"rendered":"<div><\/div>\n<p>Machine \u00e0 coudre avec crochet universel Avec une nouvelle g\u00e9n\u00e9ration de servo &#8211; moteur int\u00e9gr\u00e9, Une syst\u00e8me de transport de tissu et triple transport, aiguille, griffes et pied.<\/p>\n<p>La machine est con\u00e7ue pour coudre des tissus \u00e9pais et tr\u00e8s \u00e9pais tels que les tissus d&rsquo;ameublement, le cuir, b\u00e2ches, voiles pour bateaux, tissus de jeans et bien d&rsquo;autres, quand il est n\u00e9cessaire d&rsquo;augmenter la force de p\u00e9n\u00e9tration du tissu.<\/p>\n<p>Le pied mobile assure un serrage stable du tissu, garantissant une excellente qualit\u00e9 de couture.<\/p>\n<p>Comme le fil est d&rsquo;une \u00e9paisseur suffisante pour ce type de tissu, une productivit\u00e9 plus \u00e9lev\u00e9e.<\/p>\n<p>Ce type de machines est pour une large gamme de travaux de couture: industrie du meuble, la couture d&rsquo;int\u00e9rieur pour automobile, le camping, les \u00e9quipements sportifs, la production de biens de loisirs et bien d&rsquo;autres domaines. En outre, la machine est caract\u00e9ris\u00e9e par le fait que la longueur de point va jusqu&rsquo;\u00e0 5,5 mm.<\/p>\n<p>En options il est possible d&rsquo;avoir un coupe fil et les points d&rsquo;arr\u00eats automatiques au d\u00e9but et \u00e0 la fin de la couture.<\/p>\n<p>La machine est \u00e9quip\u00e9e d&rsquo;une nouvelle g\u00e9n\u00e9ration de servo-moteur int\u00e9gr\u00e9 sans entra\u00eenement par courroie et une nouvelle g\u00e9n\u00e9ration de syst\u00e8me d&rsquo;\u00e9clairage de la zone de travail par des LED.<\/p>\n<p>la machine JACK JK-2060G est tr\u00e8s fiables et durables, a une excellente conception moderne, un meilleur syst\u00e8me de lubrification, une tr\u00e8s haute qualit\u00e9.<\/p>\n<p>D&rsquo;excellentes caract\u00e9ristiques techniques et solutions d&rsquo; ing\u00e9nierie pour les machines \u00e0 coudre et peuvent \u00eatre largement utilis\u00e9s dans les coutures de tissu lourd.<\/p>\n<p>L&rsquo;espace int\u00e9rieur de la plate-forme de la machine \u00e0 coudre est agrandi. Hauteur de pied r\u00e9glable facilement.<\/p>\n","protected":false},"excerpt":{"rendered":"<p>Machine \u00e0 coudre avec crochet universel Avec une nouvelle g\u00e9n\u00e9ration de servo &#8211; moteur int\u00e9gr\u00e9, Une syst\u00e8me de transport de tissu et triple transport, aiguille, griffes et pied. La machine est con\u00e7ue pour coudre des tissus \u00e9pais et tr\u00e8s \u00e9pais tels que les tissus d&rsquo;ameublement, le cuir, b\u00e2ches, voiles pour bateaux, tissus de jeans et&hellip;<\/p>\n","protected":false},"featured_media":900,"comment_status":"open","ping_status":"closed","template":"","meta":{"om_disable_all_campaigns":false,"_monsterinsights_skip_tracking":false,"_monsterinsights_sitenote_active":false,"_monsterinsights_sitenote_note":"","_monsterinsights_sitenote_category":0,"_uf_show_specific_survey":0,"_uf_disable_surveys":false},"product_brand":[],"product_cat":[29,32,67],"product_tag":[],"giftcard-category":[],"class_list":{"0":"post-897","1":"product","2":"type-product","3":"status-publish","4":"has-post-thumbnail","6":"product_cat-machines","7":"product_cat-machines-professionnelles","8":"product_cat-piqueuse-industrielle","10":"first","11":"instock","12":"sale","13":"shipping-taxable","14":"purchasable","15":"product-type-simple"},"aioseo_notices":[],"jetpack_sharing_enabled":true,"_links":{"self":[{"href":"https:\/\/berninabrussels.be\/index.php?rest_route=\/wp\/v2\/product\/897","targetHints":{"allow":["GET"]}}],"collection":[{"href":"https:\/\/berninabrussels.be\/index.php?rest_route=\/wp\/v2\/product"}],"about":[{"href":"https:\/\/berninabrussels.be\/index.php?rest_route=\/wp\/v2\/types\/product"}],"replies":[{"embeddable":true,"href":"https:\/\/berninabrussels.be\/index.php?rest_route=%2Fwp%2Fv2%2Fcomments&post=897"}],"wp:featuredmedia":[{"embeddable":true,"href":"https:\/\/berninabrussels.be\/index.php?rest_route=\/wp\/v2\/media\/900"}],"wp:attachment":[{"href":"https:\/\/berninabrussels.be\/index.php?rest_route=%2Fwp%2Fv2%2Fmedia&parent=897"}],"wp:term":[{"taxonomy":"product_brand","embeddable":true,"href":"https:\/\/berninabrussels.be\/index.php?rest_route=%2Fwp%2Fv2%2Fproduct_brand&post=897"},{"taxonomy":"product_cat","embeddable":true,"href":"https:\/\/berninabrussels.be\/index.php?rest_route=%2Fwp%2Fv2%2Fproduct_cat&post=897"},{"taxonomy":"product_tag","embeddable":true,"href":"https:\/\/berninabrussels.be\/index.php?rest_route=%2Fwp%2Fv2%2Fproduct_tag&post=897"},{"taxonomy":"giftcard-category","embeddable":true,"href":"https:\/\/berninabrussels.be\/index.php?rest_route=%2Fwp%2Fv2%2Fgiftcard-category&post=897"}],"curies":[{"name":"wp","href":"https:\/\/api.w.org\/{rel}","templated":true}]}}