{"id":896,"date":"2023-05-08T19:12:08","date_gmt":"2023-05-08T17:12:08","guid":{"rendered":"https:\/\/berninabrussels.be\/?post_type=product&#038;p=896"},"modified":"2023-05-08T19:13:27","modified_gmt":"2023-05-08T17:13:27","slug":"pied-compensateur-point-enveloppants","status":"publish","type":"product","link":"https:\/\/berninabrussels.be\/?product=pied-compensateur-point-enveloppants","title":{"rendered":"Pied compensateur, point enveloppants"},"content":{"rendered":"<h3>Pied compensateur articule, point enveloppants<\/h3>\n<div>Le pied pour points enveloppants est sp\u00e9cialement con\u00e7u pour r\u00e9aliser des points enveloppants avec des mod\u00e8les de surjeteuse BERNINA et bernette. La semelle du pied pour points enveloppants est plate et, selon le mod\u00e8le de surjeteuse BERNINA consid\u00e9r\u00e9, \u00e9quip\u00e9e de deux ou trois trous de point.<\/div>\n<div><\/div>\n<div>Le pied pour points enveloppants r\u00e9alise des ourlets, des coutures et des bordures d&rsquo;un aspect professionnel. Ce pied BERNINA est aussi id\u00e9al pour r\u00e9aliser des ouvrages d\u00e9coratifs. Des \u00e9l\u00e9ments mont\u00e9s sur ressort, plac\u00e9s sur les c\u00f4t\u00e9s, guident le tissu, emp\u00eachent qu&rsquo;il ne glisse lat\u00e9ralement et compensent les diff\u00e9rences d&rsquo;\u00e9paisseur des tissus. Ainsi, avec le pied pour point enveloppant, vous pourrez coudre des rebords nets et des accessoires d\u00e9coratifs pour bordure en un tour de main. Ce pied polyvalent peut \u00eatre aussi utilis\u00e9 pour coudre des bordures et des \u00e9lastiques.<\/div>\n<div><\/div>\n<div><\/div>\n<div>Utilisez ce pied pour la confection d&rsquo;ourlets, coutures, entourages, pour la couture d&rsquo;\u00e9lastiques et de fermetures \u00e0 glissi\u00e8re. Pour des r\u00e9sultats professionnels avec le surjet avec le point enveloppant standard dans l&rsquo;industrie.<\/p>\n<p>Pour des r\u00e9sultats professionnels avec le surjet avec le point enveloppant standard dans l&rsquo;industrie<\/p><\/div>\n<div>Utilisez ce pied pour la confection d&rsquo;ourlets, coutures, entourages et pour la couture d&rsquo;\u00e9lastiques et de fermetures \u00e0 glissi\u00e8re<\/div>\n","protected":false},"excerpt":{"rendered":"<p>Pied compensateur articule, point enveloppants Le pied pour points enveloppants est sp\u00e9cialement con\u00e7u pour r\u00e9aliser des points enveloppants avec des mod\u00e8les de surjeteuse BERNINA et bernette. La semelle du pied pour points enveloppants est plate et, selon le mod\u00e8le de surjeteuse BERNINA consid\u00e9r\u00e9, \u00e9quip\u00e9e de deux ou trois trous de point. Le pied pour points&hellip;<\/p>\n","protected":false},"featured_media":898,"comment_status":"open","ping_status":"closed","template":"","meta":{"om_disable_all_campaigns":false,"_monsterinsights_skip_tracking":false,"_monsterinsights_sitenote_active":false,"_monsterinsights_sitenote_note":"","_monsterinsights_sitenote_category":0,"_uf_show_specific_survey":0,"_uf_disable_surveys":false},"product_brand":[],"product_cat":[42,44,240,192],"product_tag":[125],"giftcard-category":[],"class_list":{"0":"post-896","1":"product","2":"type-product","3":"status-publish","4":"has-post-thumbnail","6":"product_cat-accesoires","7":"product_cat-machine-a-coudre","8":"product_cat-pieds-presseurs","9":"product_cat-autres","10":"product_tag-bernina","12":"first","13":"instock","14":"sale","15":"shipping-taxable","16":"purchasable","17":"product-type-simple"},"aioseo_notices":[],"jetpack_sharing_enabled":true,"_links":{"self":[{"href":"https:\/\/berninabrussels.be\/index.php?rest_route=\/wp\/v2\/product\/896","targetHints":{"allow":["GET"]}}],"collection":[{"href":"https:\/\/berninabrussels.be\/index.php?rest_route=\/wp\/v2\/product"}],"about":[{"href":"https:\/\/berninabrussels.be\/index.php?rest_route=\/wp\/v2\/types\/product"}],"replies":[{"embeddable":true,"href":"https:\/\/berninabrussels.be\/index.php?rest_route=%2Fwp%2Fv2%2Fcomments&post=896"}],"wp:featuredmedia":[{"embeddable":true,"href":"https:\/\/berninabrussels.be\/index.php?rest_route=\/wp\/v2\/media\/898"}],"wp:attachment":[{"href":"https:\/\/berninabrussels.be\/index.php?rest_route=%2Fwp%2Fv2%2Fmedia&parent=896"}],"wp:term":[{"taxonomy":"product_brand","embeddable":true,"href":"https:\/\/berninabrussels.be\/index.php?rest_route=%2Fwp%2Fv2%2Fproduct_brand&post=896"},{"taxonomy":"product_cat","embeddable":true,"href":"https:\/\/berninabrussels.be\/index.php?rest_route=%2Fwp%2Fv2%2Fproduct_cat&post=896"},{"taxonomy":"product_tag","embeddable":true,"href":"https:\/\/berninabrussels.be\/index.php?rest_route=%2Fwp%2Fv2%2Fproduct_tag&post=896"},{"taxonomy":"giftcard-category","embeddable":true,"href":"https:\/\/berninabrussels.be\/index.php?rest_route=%2Fwp%2Fv2%2Fgiftcard-category&post=896"}],"curies":[{"name":"wp","href":"https:\/\/api.w.org\/{rel}","templated":true}]}}