{"id":891,"date":"2023-05-08T19:09:33","date_gmt":"2023-05-08T17:09:33","guid":{"rendered":"https:\/\/berninabrussels.be\/?post_type=product&#038;p=891"},"modified":"2023-05-08T19:10:30","modified_gmt":"2023-05-08T17:10:30","slug":"guide-pied-fronceur-2","status":"publish","type":"product","link":"https:\/\/berninabrussels.be\/?product=guide-pied-fronceur-2","title":{"rendered":"Guide pied fronceur"},"content":{"rendered":"<h3>Guide pied fronceur<\/h3>\n<p>Le guide fronceur est un outil polyvalent con\u00e7u pour la surjeteuse BERNINA. Sa languette guide sp\u00e9ciale permet de s\u00e9parer les deux \u00e9paisseurs de tissu. Le transport diff\u00e9rentiel permet de froncer l&rsquo;\u00e9paisseur sup\u00e9rieure du tissu tandis que l&rsquo;\u00e9paisseur inf\u00e9rieure demeure plate. Sans vous fatiguer inutilement, vous r\u00e9aliserez ainsi des fronces simples sur les tissus destin\u00e9s \u00e0 vos ouvrages faits main, vos v\u00eatements et vos tissus d&rsquo;int\u00e9rieur.<\/p>\n<p>Le guide fronceur permet de plus de froncer et de piquer le tissu sur un autre tissu en m\u00eame temps.<\/p>\n<p>Le r\u00e9sultat : vous gagnez en rapidit\u00e9 et en pr\u00e9cision. Vos ouvrages int\u00e9grant des fronces sont encore plus r\u00e9ussis si vous utilisez le pied fronceur sp\u00e9cialement con\u00e7u pour les surjeteuses BERNINA, disponible dans la gamme d&rsquo;accessoires sp\u00e9ciaux pour le surjet BERNINA.<\/p>\n","protected":false},"excerpt":{"rendered":"<p>Guide pied fronceur Le guide fronceur est un outil polyvalent con\u00e7u pour la surjeteuse BERNINA. Sa languette guide sp\u00e9ciale permet de s\u00e9parer les deux \u00e9paisseurs de tissu. Le transport diff\u00e9rentiel permet de froncer l&rsquo;\u00e9paisseur sup\u00e9rieure du tissu tandis que l&rsquo;\u00e9paisseur inf\u00e9rieure demeure plate. Sans vous fatiguer inutilement, vous r\u00e9aliserez ainsi des fronces simples sur les&hellip;<\/p>\n","protected":false},"featured_media":892,"comment_status":"open","ping_status":"closed","template":"","meta":{"om_disable_all_campaigns":false,"_monsterinsights_skip_tracking":false,"_monsterinsights_sitenote_active":false,"_monsterinsights_sitenote_note":"","_monsterinsights_sitenote_category":0,"_uf_show_specific_survey":0,"_uf_disable_surveys":false},"product_brand":[],"product_cat":[180],"product_tag":[125],"giftcard-category":[],"class_list":{"0":"post-891","1":"product","2":"type-product","3":"status-publish","4":"has-post-thumbnail","6":"product_cat-guide-couture","7":"product_tag-bernina","9":"first","10":"instock","11":"sale","12":"shipping-taxable","13":"purchasable","14":"product-type-simple"},"aioseo_notices":[],"jetpack_sharing_enabled":true,"_links":{"self":[{"href":"https:\/\/berninabrussels.be\/index.php?rest_route=\/wp\/v2\/product\/891","targetHints":{"allow":["GET"]}}],"collection":[{"href":"https:\/\/berninabrussels.be\/index.php?rest_route=\/wp\/v2\/product"}],"about":[{"href":"https:\/\/berninabrussels.be\/index.php?rest_route=\/wp\/v2\/types\/product"}],"replies":[{"embeddable":true,"href":"https:\/\/berninabrussels.be\/index.php?rest_route=%2Fwp%2Fv2%2Fcomments&post=891"}],"wp:featuredmedia":[{"embeddable":true,"href":"https:\/\/berninabrussels.be\/index.php?rest_route=\/wp\/v2\/media\/892"}],"wp:attachment":[{"href":"https:\/\/berninabrussels.be\/index.php?rest_route=%2Fwp%2Fv2%2Fmedia&parent=891"}],"wp:term":[{"taxonomy":"product_brand","embeddable":true,"href":"https:\/\/berninabrussels.be\/index.php?rest_route=%2Fwp%2Fv2%2Fproduct_brand&post=891"},{"taxonomy":"product_cat","embeddable":true,"href":"https:\/\/berninabrussels.be\/index.php?rest_route=%2Fwp%2Fv2%2Fproduct_cat&post=891"},{"taxonomy":"product_tag","embeddable":true,"href":"https:\/\/berninabrussels.be\/index.php?rest_route=%2Fwp%2Fv2%2Fproduct_tag&post=891"},{"taxonomy":"giftcard-category","embeddable":true,"href":"https:\/\/berninabrussels.be\/index.php?rest_route=%2Fwp%2Fv2%2Fgiftcard-category&post=891"}],"curies":[{"name":"wp","href":"https:\/\/api.w.org\/{rel}","templated":true}]}}