{"id":878,"date":"2023-05-08T19:04:28","date_gmt":"2023-05-08T17:04:28","guid":{"rendered":"https:\/\/berninabrussels.be\/?post_type=product&#038;p=878"},"modified":"2025-05-26T00:47:04","modified_gmt":"2025-05-25T22:47:04","slug":"machine-a-coudre-jack-h6-double-entrainement","status":"publish","type":"product","link":"https:\/\/berninabrussels.be\/?product=machine-a-coudre-jack-h6-double-entrainement","title":{"rendered":"MACHINE A COUDRE JACK H6 &#8211; Double entrainement- LIVRAISON GRATUITE (Belgique- Luxembourg)"},"content":{"rendered":"<p><iframe title=\"H6 TOP &amp; BOTTOM FEEDING computerized lockstitch machine FOR HEAVY-DUTY\uff08stepping type\uff09\" width=\"1140\" height=\"641\" src=\"https:\/\/www.youtube.com\/embed\/t4iQ-PrGdPw?feature=oembed\" frameborder=\"0\" allow=\"accelerometer; autoplay; clipboard-write; encrypted-media; gyroscope; picture-in-picture; web-share\" referrerpolicy=\"strict-origin-when-cross-origin\" allowfullscreen><\/iframe><\/p>\n<p>&nbsp;<\/p>\n<p>Machine \u00e0 point nou\u00e9 informatis\u00e9e \u00e0 alimentation sup\u00e9rieure et inf\u00e9rieure adapt\u00e9e \u00e0 la couture de mat\u00e9riaux lourds tels que sacs, coussins, gants en cuir, fauteuils, &#8230; ; gr\u00e2ce \u00e0 son moteur int\u00e9gr\u00e9 de 750W, il est facile de perforer plusieurs couches de cuir.<\/p>\n<p>&nbsp;<\/p>\n<p>&nbsp;<\/p>\n","protected":false},"excerpt":{"rendered":"<p>&nbsp; Machine \u00e0 point nou\u00e9 informatis\u00e9e \u00e0 alimentation sup\u00e9rieure et inf\u00e9rieure adapt\u00e9e \u00e0 la couture de mat\u00e9riaux lourds tels que sacs, coussins, gants en cuir, fauteuils, &#8230; ; gr\u00e2ce \u00e0 son moteur int\u00e9gr\u00e9 de 750W, il est facile de perforer plusieurs couches de cuir. &nbsp; &nbsp;<\/p>\n","protected":false},"featured_media":894,"comment_status":"open","ping_status":"closed","template":"","meta":{"om_disable_all_campaigns":false,"_monsterinsights_skip_tracking":false,"_monsterinsights_sitenote_active":false,"_monsterinsights_sitenote_note":"","_monsterinsights_sitenote_category":0,"_uf_show_specific_survey":0,"_uf_disable_surveys":false},"product_brand":[],"product_cat":[29,32,67],"product_tag":[],"giftcard-category":[],"class_list":{"0":"post-878","1":"product","2":"type-product","3":"status-publish","4":"has-post-thumbnail","6":"product_cat-machines","7":"product_cat-machines-professionnelles","8":"product_cat-piqueuse-industrielle","10":"first","11":"instock","12":"shipping-taxable","13":"purchasable","14":"product-type-simple"},"aioseo_notices":[],"jetpack_sharing_enabled":true,"_links":{"self":[{"href":"https:\/\/berninabrussels.be\/index.php?rest_route=\/wp\/v2\/product\/878","targetHints":{"allow":["GET"]}}],"collection":[{"href":"https:\/\/berninabrussels.be\/index.php?rest_route=\/wp\/v2\/product"}],"about":[{"href":"https:\/\/berninabrussels.be\/index.php?rest_route=\/wp\/v2\/types\/product"}],"replies":[{"embeddable":true,"href":"https:\/\/berninabrussels.be\/index.php?rest_route=%2Fwp%2Fv2%2Fcomments&post=878"}],"wp:featuredmedia":[{"embeddable":true,"href":"https:\/\/berninabrussels.be\/index.php?rest_route=\/wp\/v2\/media\/894"}],"wp:attachment":[{"href":"https:\/\/berninabrussels.be\/index.php?rest_route=%2Fwp%2Fv2%2Fmedia&parent=878"}],"wp:term":[{"taxonomy":"product_brand","embeddable":true,"href":"https:\/\/berninabrussels.be\/index.php?rest_route=%2Fwp%2Fv2%2Fproduct_brand&post=878"},{"taxonomy":"product_cat","embeddable":true,"href":"https:\/\/berninabrussels.be\/index.php?rest_route=%2Fwp%2Fv2%2Fproduct_cat&post=878"},{"taxonomy":"product_tag","embeddable":true,"href":"https:\/\/berninabrussels.be\/index.php?rest_route=%2Fwp%2Fv2%2Fproduct_tag&post=878"},{"taxonomy":"giftcard-category","embeddable":true,"href":"https:\/\/berninabrussels.be\/index.php?rest_route=%2Fwp%2Fv2%2Fgiftcard-category&post=878"}],"curies":[{"name":"wp","href":"https:\/\/api.w.org\/{rel}","templated":true}]}}