{"id":855,"date":"2023-05-08T18:14:40","date_gmt":"2023-05-08T16:14:40","guid":{"rendered":"https:\/\/berninabrussels.be\/?post_type=product&#038;p=855"},"modified":"2023-05-08T18:16:23","modified_gmt":"2023-05-08T16:16:23","slug":"pied-20c-satin-application-metal-ouvert","status":"publish","type":"product","link":"https:\/\/berninabrussels.be\/?product=pied-20c-satin-application-metal-ouvert","title":{"rendered":"Pied 20C satin, application m\u00e9tal ouvert"},"content":{"rendered":"<h3>Pied 20 satin, application m\u00e9tal ouvert\u00a0BERNINA<\/h3>\n<p align=\"left\">Id\u00e9al pour les applications et tous travaux requerrant une parfaite visibilit\u00e9 sur chaque piq\u00fbre.<\/p>\n<p align=\"left\">Le d\u00e9gagement trap\u00e9zo\u00efdal du fil favorise la formation r\u00e9guli\u00e8re sous le pied de points d\u00e9coratifs.<\/p>\n<p align=\"left\">Ce pied se pr\u00eate aux travaux de couture au point satin. Id\u00e9al pour la couture des coins et des arrondis par sa semelle plus courte.<\/p>\n<p align=\"left\">Le petit espace au centre du pied permet de glisser et de recouvrir un fil ou un ruban, un fil \u00e9lastique ou plusieurs fils ou encore de cr\u00e9er une ligne de points.<\/p>\n","protected":false},"excerpt":{"rendered":"<p>Pied 20 satin, application m\u00e9tal ouvert\u00a0BERNINA Id\u00e9al pour les applications et tous travaux requerrant une parfaite visibilit\u00e9 sur chaque piq\u00fbre. Le d\u00e9gagement trap\u00e9zo\u00efdal du fil favorise la formation r\u00e9guli\u00e8re sous le pied de points d\u00e9coratifs. Ce pied se pr\u00eate aux travaux de couture au point satin. Id\u00e9al pour la couture des coins et des arrondis&hellip;<\/p>\n","protected":false},"featured_media":857,"comment_status":"open","ping_status":"closed","template":"","meta":{"om_disable_all_campaigns":false,"_monsterinsights_skip_tracking":false,"_monsterinsights_sitenote_active":false,"_monsterinsights_sitenote_note":"","_monsterinsights_sitenote_category":0,"_uf_show_specific_survey":0,"_uf_disable_surveys":false},"product_brand":[],"product_cat":[198],"product_tag":[125],"giftcard-category":[],"class_list":{"0":"post-855","1":"product","2":"type-product","3":"status-publish","4":"has-post-thumbnail","6":"product_cat-pied-satin","7":"product_tag-bernina","9":"first","10":"instock","11":"sale","12":"shipping-taxable","13":"purchasable","14":"product-type-simple"},"aioseo_notices":[],"jetpack_sharing_enabled":true,"_links":{"self":[{"href":"https:\/\/berninabrussels.be\/index.php?rest_route=\/wp\/v2\/product\/855","targetHints":{"allow":["GET"]}}],"collection":[{"href":"https:\/\/berninabrussels.be\/index.php?rest_route=\/wp\/v2\/product"}],"about":[{"href":"https:\/\/berninabrussels.be\/index.php?rest_route=\/wp\/v2\/types\/product"}],"replies":[{"embeddable":true,"href":"https:\/\/berninabrussels.be\/index.php?rest_route=%2Fwp%2Fv2%2Fcomments&post=855"}],"wp:featuredmedia":[{"embeddable":true,"href":"https:\/\/berninabrussels.be\/index.php?rest_route=\/wp\/v2\/media\/857"}],"wp:attachment":[{"href":"https:\/\/berninabrussels.be\/index.php?rest_route=%2Fwp%2Fv2%2Fmedia&parent=855"}],"wp:term":[{"taxonomy":"product_brand","embeddable":true,"href":"https:\/\/berninabrussels.be\/index.php?rest_route=%2Fwp%2Fv2%2Fproduct_brand&post=855"},{"taxonomy":"product_cat","embeddable":true,"href":"https:\/\/berninabrussels.be\/index.php?rest_route=%2Fwp%2Fv2%2Fproduct_cat&post=855"},{"taxonomy":"product_tag","embeddable":true,"href":"https:\/\/berninabrussels.be\/index.php?rest_route=%2Fwp%2Fv2%2Fproduct_tag&post=855"},{"taxonomy":"giftcard-category","embeddable":true,"href":"https:\/\/berninabrussels.be\/index.php?rest_route=%2Fwp%2Fv2%2Fgiftcard-category&post=855"}],"curies":[{"name":"wp","href":"https:\/\/api.w.org\/{rel}","templated":true}]}}