{"id":840,"date":"2023-05-08T18:06:07","date_gmt":"2023-05-08T16:06:07","guid":{"rendered":"https:\/\/berninabrussels.be\/?post_type=product&#038;p=840"},"modified":"2025-05-25T12:33:59","modified_gmt":"2025-05-25T10:33:59","slug":"machine-a-coudre-industrielle-jack-a10","status":"publish","type":"product","link":"https:\/\/berninabrussels.be\/?product=machine-a-coudre-industrielle-jack-a10","title":{"rendered":"Machine \u00e0 coudre industrielle JACK A10+"},"content":{"rendered":"<p><iframe title=\"A10+ Intelligent cloth feed IoT lockstitch sewing machine\" width=\"1140\" height=\"641\" src=\"https:\/\/www.youtube.com\/embed\/fyUx2lwvRZE?feature=oembed\" frameborder=\"0\" allow=\"accelerometer; autoplay; clipboard-write; encrypted-media; gyroscope; picture-in-picture; web-share\" referrerpolicy=\"strict-origin-when-cross-origin\" allowfullscreen><\/iframe><\/p>\n<p>&nbsp;<\/p>\n<p>Machine \u00e0 coudre industrielle point droit JACK A10+ enti\u00e8rement num\u00e9rique contr\u00f4l\u00e9e par \u00e9cran tactile. Mouvement num\u00e9rique de la griffe d&rsquo;entra\u00eenement, d\u00e9tection de l&rsquo;\u00e9paisseur du tissu, bras surdimensionn\u00e9 de 300 mm, coupe-fil court \u00e0 double lame (3 mm), t\u00eate s\u00e9cheuse, relevage automatique du pied-de-biche, r\u00e9glage num\u00e9rique du point, arr\u00eat silencieux num\u00e9rique et motifs de points.<\/p>\n","protected":false},"excerpt":{"rendered":"<p>&nbsp; Machine \u00e0 coudre industrielle point droit JACK A10+ enti\u00e8rement num\u00e9rique contr\u00f4l\u00e9e par \u00e9cran tactile. Mouvement num\u00e9rique de la griffe d&rsquo;entra\u00eenement, d\u00e9tection de l&rsquo;\u00e9paisseur du tissu, bras surdimensionn\u00e9 de 300 mm, coupe-fil court \u00e0 double lame (3 mm), t\u00eate s\u00e9cheuse, relevage automatique du pied-de-biche, r\u00e9glage num\u00e9rique du point, arr\u00eat silencieux num\u00e9rique et motifs de points.<\/p>\n","protected":false},"featured_media":856,"comment_status":"open","ping_status":"closed","template":"","meta":{"om_disable_all_campaigns":false,"_monsterinsights_skip_tracking":false,"_monsterinsights_sitenote_active":false,"_monsterinsights_sitenote_note":"","_monsterinsights_sitenote_category":0,"_uf_show_specific_survey":0,"_uf_disable_surveys":false},"product_brand":[],"product_cat":[29,32,67],"product_tag":[],"giftcard-category":[],"class_list":{"0":"post-840","1":"product","2":"type-product","3":"status-publish","4":"has-post-thumbnail","6":"product_cat-machines","7":"product_cat-machines-professionnelles","8":"product_cat-piqueuse-industrielle","10":"first","11":"instock","12":"shipping-taxable","13":"purchasable","14":"product-type-simple"},"aioseo_notices":[],"jetpack_sharing_enabled":true,"_links":{"self":[{"href":"https:\/\/berninabrussels.be\/index.php?rest_route=\/wp\/v2\/product\/840","targetHints":{"allow":["GET"]}}],"collection":[{"href":"https:\/\/berninabrussels.be\/index.php?rest_route=\/wp\/v2\/product"}],"about":[{"href":"https:\/\/berninabrussels.be\/index.php?rest_route=\/wp\/v2\/types\/product"}],"replies":[{"embeddable":true,"href":"https:\/\/berninabrussels.be\/index.php?rest_route=%2Fwp%2Fv2%2Fcomments&post=840"}],"wp:featuredmedia":[{"embeddable":true,"href":"https:\/\/berninabrussels.be\/index.php?rest_route=\/wp\/v2\/media\/856"}],"wp:attachment":[{"href":"https:\/\/berninabrussels.be\/index.php?rest_route=%2Fwp%2Fv2%2Fmedia&parent=840"}],"wp:term":[{"taxonomy":"product_brand","embeddable":true,"href":"https:\/\/berninabrussels.be\/index.php?rest_route=%2Fwp%2Fv2%2Fproduct_brand&post=840"},{"taxonomy":"product_cat","embeddable":true,"href":"https:\/\/berninabrussels.be\/index.php?rest_route=%2Fwp%2Fv2%2Fproduct_cat&post=840"},{"taxonomy":"product_tag","embeddable":true,"href":"https:\/\/berninabrussels.be\/index.php?rest_route=%2Fwp%2Fv2%2Fproduct_tag&post=840"},{"taxonomy":"giftcard-category","embeddable":true,"href":"https:\/\/berninabrussels.be\/index.php?rest_route=%2Fwp%2Fv2%2Fgiftcard-category&post=840"}],"curies":[{"name":"wp","href":"https:\/\/api.w.org\/{rel}","templated":true}]}}