{"id":831,"date":"2023-05-08T18:01:16","date_gmt":"2023-05-08T16:01:16","guid":{"rendered":"https:\/\/berninabrussels.be\/?post_type=product&#038;p=831"},"modified":"2025-05-26T12:19:10","modified_gmt":"2025-05-26T10:19:10","slug":"machine-a-coudre-industrielle-jack-a8","status":"publish","type":"product","link":"https:\/\/berninabrussels.be\/?product=machine-a-coudre-industrielle-jack-a8","title":{"rendered":"Machine \u00e0 coudre industrielle JACK A8"},"content":{"rendered":"<p><iframe title=\"JACK JK-A8\" width=\"1140\" height=\"641\" src=\"https:\/\/www.youtube.com\/embed\/XSrZ7_X5uZk?feature=oembed\" frameborder=\"0\" allow=\"accelerometer; autoplay; clipboard-write; encrypted-media; gyroscope; picture-in-picture; web-share\" referrerpolicy=\"strict-origin-when-cross-origin\" allowfullscreen><\/iframe><\/p>\n<p>La Jack A8 est une machine \u00e0 coudre \u00e0 point nou\u00e9 qui combine le meilleur de deux machines, la zone de travail de la Jack A5E et le syst\u00e8me de griffe d\u2019entra\u00eenement de la Jack A7, ce qui nous permet de pouvoir s\u2019adapter aux types de tissus les plus vari\u00e9s en appuyant simplement sur un bouton.<\/p>\n","protected":false},"excerpt":{"rendered":"<p>La Jack A8 est une machine \u00e0 coudre \u00e0 point nou\u00e9 qui combine le meilleur de deux machines, la zone de travail de la Jack A5E et le syst\u00e8me de griffe d\u2019entra\u00eenement de la Jack A7, ce qui nous permet de pouvoir s\u2019adapter aux types de tissus les plus vari\u00e9s en appuyant simplement sur un&hellip;<\/p>\n","protected":false},"featured_media":839,"comment_status":"open","ping_status":"closed","template":"","meta":{"om_disable_all_campaigns":false,"_monsterinsights_skip_tracking":false,"_monsterinsights_sitenote_active":false,"_monsterinsights_sitenote_note":"","_monsterinsights_sitenote_category":0,"_uf_show_specific_survey":0,"_uf_disable_surveys":false},"product_brand":[],"product_cat":[29,32,67],"product_tag":[],"giftcard-category":[],"class_list":{"0":"post-831","1":"product","2":"type-product","3":"status-publish","4":"has-post-thumbnail","6":"product_cat-machines","7":"product_cat-machines-professionnelles","8":"product_cat-piqueuse-industrielle","10":"first","11":"instock","12":"shipping-taxable","13":"purchasable","14":"product-type-simple"},"aioseo_notices":[],"jetpack_sharing_enabled":true,"_links":{"self":[{"href":"https:\/\/berninabrussels.be\/index.php?rest_route=\/wp\/v2\/product\/831","targetHints":{"allow":["GET"]}}],"collection":[{"href":"https:\/\/berninabrussels.be\/index.php?rest_route=\/wp\/v2\/product"}],"about":[{"href":"https:\/\/berninabrussels.be\/index.php?rest_route=\/wp\/v2\/types\/product"}],"replies":[{"embeddable":true,"href":"https:\/\/berninabrussels.be\/index.php?rest_route=%2Fwp%2Fv2%2Fcomments&post=831"}],"wp:featuredmedia":[{"embeddable":true,"href":"https:\/\/berninabrussels.be\/index.php?rest_route=\/wp\/v2\/media\/839"}],"wp:attachment":[{"href":"https:\/\/berninabrussels.be\/index.php?rest_route=%2Fwp%2Fv2%2Fmedia&parent=831"}],"wp:term":[{"taxonomy":"product_brand","embeddable":true,"href":"https:\/\/berninabrussels.be\/index.php?rest_route=%2Fwp%2Fv2%2Fproduct_brand&post=831"},{"taxonomy":"product_cat","embeddable":true,"href":"https:\/\/berninabrussels.be\/index.php?rest_route=%2Fwp%2Fv2%2Fproduct_cat&post=831"},{"taxonomy":"product_tag","embeddable":true,"href":"https:\/\/berninabrussels.be\/index.php?rest_route=%2Fwp%2Fv2%2Fproduct_tag&post=831"},{"taxonomy":"giftcard-category","embeddable":true,"href":"https:\/\/berninabrussels.be\/index.php?rest_route=%2Fwp%2Fv2%2Fgiftcard-category&post=831"}],"curies":[{"name":"wp","href":"https:\/\/api.w.org\/{rel}","templated":true}]}}