{"id":830,"date":"2023-05-08T18:01:01","date_gmt":"2023-05-08T16:01:01","guid":{"rendered":"https:\/\/berninabrussels.be\/?post_type=product&#038;p=830"},"modified":"2023-05-08T18:03:22","modified_gmt":"2023-05-08T16:03:22","slug":"kit-punch-set-pour-crochet-cb","status":"publish","type":"product","link":"https:\/\/berninabrussels.be\/?product=kit-punch-set-pour-crochet-cb","title":{"rendered":"Kit punch set pour crochet CB"},"content":{"rendered":"<h3>Outil PunchWork pour le crochet CB Bernina<\/h3>\n<p>Le meilleur outil pour des travaux de feutrage \u00e0 l\u2018aiguille avec des fils de laine ou des fibres de laine l\u00e2ches. Il permet de r\u00e9aliser des dessins et motifs dans des tissus comme le feutre, la laine, le loden, les foul\u00e9s ou le jean sans lycra. Cet outil doit \u00eatre utilis\u00e9 en combinaison avec la plaque \u00e0 aiguille de 5,5 mm PunchWork.<\/p>\n<p>Ce kit s&rsquo;adresse au feutrage \u00e0 l&rsquo;aiguille et s&rsquo;utilise avec toutes les machines \u00e0 coudre Bernina \u00e9quip\u00e9s d&rsquo;un crochet CB.<br \/>\nIl permet de cr\u00e9er des motifs d\u00e9coratif en repoussant des fils de laine dans le tissu.<br \/>\nUtiliser de pr\u00e9f\u00e9rence des tissus comme le loden,la feutrine,les lainages \u00e9pais<\/p>\n<p>Dispositif pour ex\u00e9cuter un travail de broderie \u00e0 l\u2019aide de\u00a05 aiguilles sp\u00e9ciales qui\u00a0feutre le tissu et am\u00e8nent la mati\u00e8re sur l\u2019envers, ou pour appliquer sans couture les rubans et fils de laine ou autres mati\u00e8res d\u00e9licates.<\/p>\n","protected":false},"excerpt":{"rendered":"<p>Outil PunchWork pour le crochet CB Bernina Le meilleur outil pour des travaux de feutrage \u00e0 l\u2018aiguille avec des fils de laine ou des fibres de laine l\u00e2ches. Il permet de r\u00e9aliser des dessins et motifs dans des tissus comme le feutre, la laine, le loden, les foul\u00e9s ou le jean sans lycra. Cet outil&hellip;<\/p>\n","protected":false},"featured_media":832,"comment_status":"open","ping_status":"closed","template":"","meta":{"om_disable_all_campaigns":false,"_monsterinsights_skip_tracking":false,"_monsterinsights_sitenote_active":false,"_monsterinsights_sitenote_note":"","_monsterinsights_sitenote_category":0,"_uf_show_specific_survey":0,"_uf_disable_surveys":false},"product_brand":[],"product_cat":[42,44,240,192],"product_tag":[125],"giftcard-category":[],"class_list":{"0":"post-830","1":"product","2":"type-product","3":"status-publish","4":"has-post-thumbnail","6":"product_cat-accesoires","7":"product_cat-machine-a-coudre","8":"product_cat-pieds-presseurs","9":"product_cat-autres","10":"product_tag-bernina","12":"first","13":"instock","14":"sale","15":"shipping-taxable","16":"purchasable","17":"product-type-simple"},"aioseo_notices":[],"jetpack_sharing_enabled":true,"_links":{"self":[{"href":"https:\/\/berninabrussels.be\/index.php?rest_route=\/wp\/v2\/product\/830","targetHints":{"allow":["GET"]}}],"collection":[{"href":"https:\/\/berninabrussels.be\/index.php?rest_route=\/wp\/v2\/product"}],"about":[{"href":"https:\/\/berninabrussels.be\/index.php?rest_route=\/wp\/v2\/types\/product"}],"replies":[{"embeddable":true,"href":"https:\/\/berninabrussels.be\/index.php?rest_route=%2Fwp%2Fv2%2Fcomments&post=830"}],"wp:featuredmedia":[{"embeddable":true,"href":"https:\/\/berninabrussels.be\/index.php?rest_route=\/wp\/v2\/media\/832"}],"wp:attachment":[{"href":"https:\/\/berninabrussels.be\/index.php?rest_route=%2Fwp%2Fv2%2Fmedia&parent=830"}],"wp:term":[{"taxonomy":"product_brand","embeddable":true,"href":"https:\/\/berninabrussels.be\/index.php?rest_route=%2Fwp%2Fv2%2Fproduct_brand&post=830"},{"taxonomy":"product_cat","embeddable":true,"href":"https:\/\/berninabrussels.be\/index.php?rest_route=%2Fwp%2Fv2%2Fproduct_cat&post=830"},{"taxonomy":"product_tag","embeddable":true,"href":"https:\/\/berninabrussels.be\/index.php?rest_route=%2Fwp%2Fv2%2Fproduct_tag&post=830"},{"taxonomy":"giftcard-category","embeddable":true,"href":"https:\/\/berninabrussels.be\/index.php?rest_route=%2Fwp%2Fv2%2Fgiftcard-category&post=830"}],"curies":[{"name":"wp","href":"https:\/\/api.w.org\/{rel}","templated":true}]}}