{"id":83,"date":"2023-05-05T15:38:14","date_gmt":"2023-05-05T13:38:14","guid":{"rendered":"https:\/\/berninabrussels.be\/?post_type=product&#038;p=83"},"modified":"2025-05-26T07:49:10","modified_gmt":"2025-05-26T05:49:10","slug":"machine-a-coudre-bernina-590-module-a-broderie-inclus","status":"publish","type":"product","link":"https:\/\/berninabrussels.be\/?product=machine-a-coudre-bernina-590-module-a-broderie-inclus","title":{"rendered":"MACHINE \u00c0 COUDRE BERNINA 590, MODULE \u00c0 BRODERIE INCLUS + Creator V9, Cours de prise en main offert"},"content":{"rendered":"<div class=\"r-show-product-title\">\n<p class=\"r-lead\">La machine parfaites pour Sewists, Quilters &amp; Brodeuses<\/p>\n<\/div>\n<ul class=\"r-link-list\">\n<li>Haute puissance pour les mat\u00e9riaux inhabituels<\/li>\n<li>Coudre et coucher beaucoup de couches super rapide<\/li>\n<li>G\u00e9rez de plus grands projets avec facilit\u00e9<\/li>\n<li>Obtenez les meilleurs r\u00e9sultats de broderie<\/li>\n<li>Positionnement facile des motifs de broderie<\/li>\n<\/ul>\n","protected":false},"excerpt":{"rendered":"<p>La machine parfaites pour Sewists, Quilters &amp; Brodeuses Haute puissance pour les mat\u00e9riaux inhabituels Coudre et coucher beaucoup de couches super rapide G\u00e9rez de plus grands projets avec facilit\u00e9 Obtenez les meilleurs r\u00e9sultats de broderie Positionnement facile des motifs de broderie<\/p>\n","protected":false},"featured_media":84,"comment_status":"open","ping_status":"closed","template":"","meta":{"om_disable_all_campaigns":false,"_monsterinsights_skip_tracking":false,"_monsterinsights_sitenote_active":false,"_monsterinsights_sitenote_note":"","_monsterinsights_sitenote_category":0,"_uf_show_specific_survey":0,"_uf_disable_surveys":false},"product_brand":[],"product_cat":[40,29,16],"product_tag":[],"giftcard-category":[],"class_list":{"0":"post-83","1":"product","2":"type-product","3":"status-publish","4":"has-post-thumbnail","6":"product_cat-electronique","7":"product_cat-machines","8":"product_cat-machines-menageres","10":"first","11":"instock","12":"sale","13":"shipping-taxable","14":"purchasable","15":"product-type-simple"},"aioseo_notices":[],"jetpack_sharing_enabled":true,"_links":{"self":[{"href":"https:\/\/berninabrussels.be\/index.php?rest_route=\/wp\/v2\/product\/83","targetHints":{"allow":["GET"]}}],"collection":[{"href":"https:\/\/berninabrussels.be\/index.php?rest_route=\/wp\/v2\/product"}],"about":[{"href":"https:\/\/berninabrussels.be\/index.php?rest_route=\/wp\/v2\/types\/product"}],"replies":[{"embeddable":true,"href":"https:\/\/berninabrussels.be\/index.php?rest_route=%2Fwp%2Fv2%2Fcomments&post=83"}],"wp:featuredmedia":[{"embeddable":true,"href":"https:\/\/berninabrussels.be\/index.php?rest_route=\/wp\/v2\/media\/84"}],"wp:attachment":[{"href":"https:\/\/berninabrussels.be\/index.php?rest_route=%2Fwp%2Fv2%2Fmedia&parent=83"}],"wp:term":[{"taxonomy":"product_brand","embeddable":true,"href":"https:\/\/berninabrussels.be\/index.php?rest_route=%2Fwp%2Fv2%2Fproduct_brand&post=83"},{"taxonomy":"product_cat","embeddable":true,"href":"https:\/\/berninabrussels.be\/index.php?rest_route=%2Fwp%2Fv2%2Fproduct_cat&post=83"},{"taxonomy":"product_tag","embeddable":true,"href":"https:\/\/berninabrussels.be\/index.php?rest_route=%2Fwp%2Fv2%2Fproduct_tag&post=83"},{"taxonomy":"giftcard-category","embeddable":true,"href":"https:\/\/berninabrussels.be\/index.php?rest_route=%2Fwp%2Fv2%2Fgiftcard-category&post=83"}],"curies":[{"name":"wp","href":"https:\/\/api.w.org\/{rel}","templated":true}]}}