{"id":826,"date":"2023-05-08T17:59:25","date_gmt":"2023-05-08T15:59:25","guid":{"rendered":"https:\/\/berninabrussels.be\/?post_type=product&#038;p=826"},"modified":"2023-05-08T18:00:53","modified_gmt":"2023-05-08T16:00:53","slug":"broderie-circulaire-83","status":"publish","type":"product","link":"https:\/\/berninabrussels.be\/?product=broderie-circulaire-83","title":{"rendered":"Broderie circulaire 83"},"content":{"rendered":"<h3>Broderie circulaire (Appareil) 83 BERNINA<\/h3>\n<p align=\"left\">Avec l&rsquo;appareil pour points en cercle #83, vous pouvez broder des cercles ou des demi-cercles d\u00e9coratifs exclusifs. L&rsquo;appareil est viss\u00e9 sur le bras libre. Le point pivotant peut \u00eatre positionn\u00e9 \u00e0 gauche ou \u00e0 droite. La vis de fixation est tellement plate qu&rsquo;elle ne perturbe pas l&rsquo;entra\u00eenement du tissu.<\/p>\n<p align=\"left\">Gr\u00e2ce \u00e0 un coulisseau ins\u00e9r\u00e9 sur le tra\u00eeneau, le diam\u00e8tre peut \u00eatre r\u00e9gl\u00e9 entre 7,5 cm et 25 cm. La broderie en cercle n\u00e9cessite un bon maintien du tissu. C&rsquo;est pourquoi il est conseill\u00e9 de placer 2 ou 3 couches de non-tiss\u00e9 sous celui-ci.<\/p>\n<p align=\"left\">Le tissu est fix\u00e9 sur la pointe du point pivotant et maintenu \u00e0 l&rsquo;aide du rabat en caoutchouc. Ainsi, aucun \u00e9l\u00e9ment ne peut glisser pendant la piq\u00fbre. L&rsquo;appareil pour points en cercle peut \u00eatre utilis\u00e9 avec divers pieds-de-biche. Vous pouvez cr\u00e9er des cercles avec toute sorte de points d\u00e9coratifs ou m\u00eame disposer des lettres de fa\u00e7on concentrique.<\/p>\n","protected":false},"excerpt":{"rendered":"<p>Broderie circulaire (Appareil) 83 BERNINA Avec l&rsquo;appareil pour points en cercle #83, vous pouvez broder des cercles ou des demi-cercles d\u00e9coratifs exclusifs. L&rsquo;appareil est viss\u00e9 sur le bras libre. Le point pivotant peut \u00eatre positionn\u00e9 \u00e0 gauche ou \u00e0 droite. La vis de fixation est tellement plate qu&rsquo;elle ne perturbe pas l&rsquo;entra\u00eenement du tissu. Gr\u00e2ce&hellip;<\/p>\n","protected":false},"featured_media":828,"comment_status":"open","ping_status":"closed","template":"","meta":{"om_disable_all_campaigns":false,"_monsterinsights_skip_tracking":false,"_monsterinsights_sitenote_active":false,"_monsterinsights_sitenote_note":"","_monsterinsights_sitenote_category":0,"_uf_show_specific_survey":0,"_uf_disable_surveys":false},"product_brand":[],"product_cat":[42,44,240,156],"product_tag":[125],"giftcard-category":[],"class_list":{"0":"post-826","1":"product","2":"type-product","3":"status-publish","4":"has-post-thumbnail","6":"product_cat-accesoires","7":"product_cat-machine-a-coudre","8":"product_cat-pieds-presseurs","9":"product_cat-pieds-broderie","10":"product_tag-bernina","12":"first","13":"instock","14":"sale","15":"shipping-taxable","16":"purchasable","17":"product-type-simple"},"aioseo_notices":[],"jetpack_sharing_enabled":true,"_links":{"self":[{"href":"https:\/\/berninabrussels.be\/index.php?rest_route=\/wp\/v2\/product\/826","targetHints":{"allow":["GET"]}}],"collection":[{"href":"https:\/\/berninabrussels.be\/index.php?rest_route=\/wp\/v2\/product"}],"about":[{"href":"https:\/\/berninabrussels.be\/index.php?rest_route=\/wp\/v2\/types\/product"}],"replies":[{"embeddable":true,"href":"https:\/\/berninabrussels.be\/index.php?rest_route=%2Fwp%2Fv2%2Fcomments&post=826"}],"wp:featuredmedia":[{"embeddable":true,"href":"https:\/\/berninabrussels.be\/index.php?rest_route=\/wp\/v2\/media\/828"}],"wp:attachment":[{"href":"https:\/\/berninabrussels.be\/index.php?rest_route=%2Fwp%2Fv2%2Fmedia&parent=826"}],"wp:term":[{"taxonomy":"product_brand","embeddable":true,"href":"https:\/\/berninabrussels.be\/index.php?rest_route=%2Fwp%2Fv2%2Fproduct_brand&post=826"},{"taxonomy":"product_cat","embeddable":true,"href":"https:\/\/berninabrussels.be\/index.php?rest_route=%2Fwp%2Fv2%2Fproduct_cat&post=826"},{"taxonomy":"product_tag","embeddable":true,"href":"https:\/\/berninabrussels.be\/index.php?rest_route=%2Fwp%2Fv2%2Fproduct_tag&post=826"},{"taxonomy":"giftcard-category","embeddable":true,"href":"https:\/\/berninabrussels.be\/index.php?rest_route=%2Fwp%2Fv2%2Fgiftcard-category&post=826"}],"curies":[{"name":"wp","href":"https:\/\/api.w.org\/{rel}","templated":true}]}}