{"id":824,"date":"2023-05-08T17:57:46","date_gmt":"2023-05-08T15:57:46","guid":{"rendered":"https:\/\/berninabrussels.be\/?post_type=product&#038;p=824"},"modified":"2023-05-08T17:59:17","modified_gmt":"2023-05-08T15:59:17","slug":"pied-92-pour-oeillet","status":"publish","type":"product","link":"https:\/\/berninabrussels.be\/?product=pied-92-pour-oeillet","title":{"rendered":"Pied 92 pour oeillet"},"content":{"rendered":"<h3>Pied 92 pour oeillet, broderie anglaise\u00a0BERNINA<\/h3>\n<p>Le pied pour \u0153illet 92 est un pied \u00e0 mains libres con\u00e7u pour broder de ravissants \u0153illets \u00e0 vocation d\u00e9corative et fonctionnelle. Comme le pied pour reprisage 9, le pied pour \u0153illet ne presse pas le tissu sur les griffes d&rsquo;entra\u00eenement durant la phase de piq\u00fbre. Au contraire, le mouvement oscillant vertical g\u00e9n\u00e9r\u00e9 par le ressort fix\u00e9 sur le pied-de-biche fait en sorte que le tissu soit bien maintenu \u00e0 plat lors de l&rsquo;application des points. Ainsi, le tissu ne peut pas onduler.<\/p>\n<p>Le pied pour \u0153illet 92 est parfaitement compatible avec l&rsquo;appareil pour \u0153illets #82. Utilis\u00e9s ensemble, ils permettent de percer des trous dans n&rsquo;importe quel tissu, quelle que soit son \u00e9paisseur, en s&rsquo;aidant des embouts Allen et des emporte-pi\u00e8ces.<\/p>\n<p>Le pied pour \u0153illet 92 est parfaitement compatible avec l&rsquo;appareil pour \u0153illets #82. Utilis\u00e9s ensemble, ils permettent de percer des trous dans n&rsquo;importe quel tissu, quelle que soit son \u00e9paisseur, en s&rsquo;aidant des embouts Allen et des emporte-pi\u00e8ces.<\/p>\n","protected":false},"excerpt":{"rendered":"<p>Pied 92 pour oeillet, broderie anglaise\u00a0BERNINA Le pied pour \u0153illet 92 est un pied \u00e0 mains libres con\u00e7u pour broder de ravissants \u0153illets \u00e0 vocation d\u00e9corative et fonctionnelle. Comme le pied pour reprisage 9, le pied pour \u0153illet ne presse pas le tissu sur les griffes d&rsquo;entra\u00eenement durant la phase de piq\u00fbre. Au contraire, le&hellip;<\/p>\n","protected":false},"featured_media":825,"comment_status":"open","ping_status":"closed","template":"","meta":{"om_disable_all_campaigns":false,"_monsterinsights_skip_tracking":false,"_monsterinsights_sitenote_active":false,"_monsterinsights_sitenote_note":"","_monsterinsights_sitenote_category":0,"_uf_show_specific_survey":0,"_uf_disable_surveys":false},"product_brand":[],"product_cat":[42,44,240,186],"product_tag":[125],"giftcard-category":[],"class_list":{"0":"post-824","1":"product","2":"type-product","3":"status-publish","4":"has-post-thumbnail","6":"product_cat-accesoires","7":"product_cat-machine-a-coudre","8":"product_cat-pieds-presseurs","9":"product_cat-pied-pose-bouton","10":"product_tag-bernina","12":"first","13":"instock","14":"sale","15":"shipping-taxable","16":"purchasable","17":"product-type-simple"},"aioseo_notices":[],"jetpack_sharing_enabled":true,"_links":{"self":[{"href":"https:\/\/berninabrussels.be\/index.php?rest_route=\/wp\/v2\/product\/824","targetHints":{"allow":["GET"]}}],"collection":[{"href":"https:\/\/berninabrussels.be\/index.php?rest_route=\/wp\/v2\/product"}],"about":[{"href":"https:\/\/berninabrussels.be\/index.php?rest_route=\/wp\/v2\/types\/product"}],"replies":[{"embeddable":true,"href":"https:\/\/berninabrussels.be\/index.php?rest_route=%2Fwp%2Fv2%2Fcomments&post=824"}],"wp:featuredmedia":[{"embeddable":true,"href":"https:\/\/berninabrussels.be\/index.php?rest_route=\/wp\/v2\/media\/825"}],"wp:attachment":[{"href":"https:\/\/berninabrussels.be\/index.php?rest_route=%2Fwp%2Fv2%2Fmedia&parent=824"}],"wp:term":[{"taxonomy":"product_brand","embeddable":true,"href":"https:\/\/berninabrussels.be\/index.php?rest_route=%2Fwp%2Fv2%2Fproduct_brand&post=824"},{"taxonomy":"product_cat","embeddable":true,"href":"https:\/\/berninabrussels.be\/index.php?rest_route=%2Fwp%2Fv2%2Fproduct_cat&post=824"},{"taxonomy":"product_tag","embeddable":true,"href":"https:\/\/berninabrussels.be\/index.php?rest_route=%2Fwp%2Fv2%2Fproduct_tag&post=824"},{"taxonomy":"giftcard-category","embeddable":true,"href":"https:\/\/berninabrussels.be\/index.php?rest_route=%2Fwp%2Fv2%2Fgiftcard-category&post=824"}],"curies":[{"name":"wp","href":"https:\/\/api.w.org\/{rel}","templated":true}]}}