{"id":819,"date":"2023-05-08T17:52:05","date_gmt":"2023-05-08T15:52:05","guid":{"rendered":"https:\/\/berninabrussels.be\/?post_type=product&#038;p=819"},"modified":"2025-05-26T04:26:15","modified_gmt":"2025-05-26T02:26:15","slug":"machine-a-coudre-industrielle-jack-a7-d","status":"publish","type":"product","link":"https:\/\/berninabrussels.be\/?product=machine-a-coudre-industrielle-jack-a7-d","title":{"rendered":"Machine \u00e0 coudre industrielle JACK A7-D"},"content":{"rendered":"<p><iframe title=\"A7 Jack Digital feeding computerized Lockstitch Machine\" width=\"1140\" height=\"641\" src=\"https:\/\/www.youtube.com\/embed\/Lq6YdolKwzY?feature=oembed\" frameborder=\"0\" allow=\"accelerometer; autoplay; clipboard-write; encrypted-media; gyroscope; picture-in-picture; web-share\" referrerpolicy=\"strict-origin-when-cross-origin\" allowfullscreen><\/iframe><\/p>\n<p>Machine \u00e0 coudre \u00e0 point nou\u00e9 \u00e0 alimentation num\u00e9rique, d\u00e9tection de l\u2019\u00e9paisseur du tissu, r\u00e9glage num\u00e9rique du point, arr\u00eat silencieux num\u00e9rique et mod\u00e8les de couture. D\u00e9tection du tissu, adaptation du couple et r\u00e9alisation du point en douceur, sans rupture. Coupe-fil automatique, relevage de pied, arr\u00eat num\u00e9rique et coupe du fil court. Carter d\u2019huile \u00e9tanche et bras de 260 mm.<\/p>\n","protected":false},"excerpt":{"rendered":"<p>Machine \u00e0 coudre \u00e0 point nou\u00e9 \u00e0 alimentation num\u00e9rique, d\u00e9tection de l\u2019\u00e9paisseur du tissu, r\u00e9glage num\u00e9rique du point, arr\u00eat silencieux num\u00e9rique et mod\u00e8les de couture. D\u00e9tection du tissu, adaptation du couple et r\u00e9alisation du point en douceur, sans rupture. Coupe-fil automatique, relevage de pied, arr\u00eat num\u00e9rique et coupe du fil court. Carter d\u2019huile \u00e9tanche et&hellip;<\/p>\n","protected":false},"featured_media":827,"comment_status":"open","ping_status":"closed","template":"","meta":{"om_disable_all_campaigns":false,"_monsterinsights_skip_tracking":false,"_monsterinsights_sitenote_active":false,"_monsterinsights_sitenote_note":"","_monsterinsights_sitenote_category":0,"_uf_show_specific_survey":0,"_uf_disable_surveys":false},"product_brand":[],"product_cat":[29,32,67],"product_tag":[],"giftcard-category":[],"class_list":{"0":"post-819","1":"product","2":"type-product","3":"status-publish","4":"has-post-thumbnail","6":"product_cat-machines","7":"product_cat-machines-professionnelles","8":"product_cat-piqueuse-industrielle","10":"first","11":"instock","12":"shipping-taxable","13":"purchasable","14":"product-type-simple"},"aioseo_notices":[],"jetpack_sharing_enabled":true,"_links":{"self":[{"href":"https:\/\/berninabrussels.be\/index.php?rest_route=\/wp\/v2\/product\/819","targetHints":{"allow":["GET"]}}],"collection":[{"href":"https:\/\/berninabrussels.be\/index.php?rest_route=\/wp\/v2\/product"}],"about":[{"href":"https:\/\/berninabrussels.be\/index.php?rest_route=\/wp\/v2\/types\/product"}],"replies":[{"embeddable":true,"href":"https:\/\/berninabrussels.be\/index.php?rest_route=%2Fwp%2Fv2%2Fcomments&post=819"}],"wp:featuredmedia":[{"embeddable":true,"href":"https:\/\/berninabrussels.be\/index.php?rest_route=\/wp\/v2\/media\/827"}],"wp:attachment":[{"href":"https:\/\/berninabrussels.be\/index.php?rest_route=%2Fwp%2Fv2%2Fmedia&parent=819"}],"wp:term":[{"taxonomy":"product_brand","embeddable":true,"href":"https:\/\/berninabrussels.be\/index.php?rest_route=%2Fwp%2Fv2%2Fproduct_brand&post=819"},{"taxonomy":"product_cat","embeddable":true,"href":"https:\/\/berninabrussels.be\/index.php?rest_route=%2Fwp%2Fv2%2Fproduct_cat&post=819"},{"taxonomy":"product_tag","embeddable":true,"href":"https:\/\/berninabrussels.be\/index.php?rest_route=%2Fwp%2Fv2%2Fproduct_tag&post=819"},{"taxonomy":"giftcard-category","embeddable":true,"href":"https:\/\/berninabrussels.be\/index.php?rest_route=%2Fwp%2Fv2%2Fgiftcard-category&post=819"}],"curies":[{"name":"wp","href":"https:\/\/api.w.org\/{rel}","templated":true}]}}