{"id":81,"date":"2023-05-05T15:22:07","date_gmt":"2023-05-05T13:22:07","guid":{"rendered":"https:\/\/berninabrussels.be\/?post_type=product&#038;p=81"},"modified":"2025-07-15T17:49:52","modified_gmt":"2025-07-15T15:49:52","slug":"machine-a-coudre-bernina-570-qe-v2-9mm","status":"publish","type":"product","link":"https:\/\/berninabrussels.be\/?product=machine-a-coudre-bernina-570-qe-v2-9mm","title":{"rendered":"MACHINE \u00c0 COUDRE BERNINA 570 QE (V2 9MM) + cours de prise en main"},"content":{"rendered":"<h3 class=\"p1\">Une machine polyvalente pour coudre, quilter et broder<\/h3>\n<p class=\"p1\"><span class=\"s1\">Cette machine est un mod\u00e8le polyvalent exclusif qui peut coudre, quilter et broder. La BERNINA 570 QE a \u00e9t\u00e9 con\u00e7ue pour r\u00e9pondre \u00e0 toutes vos attentes futures. Une gamme d\u2019accessoires sp\u00e9ciaux et de pieds-de-biche est fournie avec la machine. D\u00e8s que vous serez pr\u00eate \u00e0 d\u00e9cupler encore les capacit\u00e9s de votre machine, vous pourrez puiser dans la vaste gamme d\u2019accessoires disponibles.<\/span><\/p>\n<ul class=\"ul1\">\n<li class=\"li2\"><span class=\"s1\">Un confort d\u2019exception pour coudre<\/span><\/li>\n<li class=\"li2\"><span class=\"s1\">Plus d\u2019options de m\u00e9moire<\/span><\/li>\n<li class=\"li2\"><span class=\"s1\">Vaste biblioth\u00e8que de points<\/span><\/li>\n<li class=\"li2\"><span class=\"s1\">Un vaste espace pour d\u00e9cupler votre cr\u00e9ativit\u00e9<\/span><\/li>\n<li class=\"li3\"><span class=\"s3\">R\u00e9gulateur de point BERNINA (BSR) inclus<\/span><\/li>\n<\/ul>\n<p>&nbsp;<\/p>\n","protected":false},"excerpt":{"rendered":"<p>&nbsp;<\/p>\n<p>&nbsp;<\/p>\n","protected":false},"featured_media":82,"comment_status":"open","ping_status":"closed","template":"","meta":{"om_disable_all_campaigns":false,"_monsterinsights_skip_tracking":false,"_monsterinsights_sitenote_active":false,"_monsterinsights_sitenote_note":"","_monsterinsights_sitenote_category":0,"_uf_show_specific_survey":0,"_uf_disable_surveys":false},"product_brand":[],"product_cat":[40,29,16],"product_tag":[],"giftcard-category":[],"class_list":{"0":"post-81","1":"product","2":"type-product","3":"status-publish","4":"has-post-thumbnail","6":"product_cat-electronique","7":"product_cat-machines","8":"product_cat-machines-menageres","10":"first","11":"instock","12":"sale","13":"shipping-taxable","14":"purchasable","15":"product-type-simple"},"aioseo_notices":[],"jetpack_sharing_enabled":true,"_links":{"self":[{"href":"https:\/\/berninabrussels.be\/index.php?rest_route=\/wp\/v2\/product\/81","targetHints":{"allow":["GET"]}}],"collection":[{"href":"https:\/\/berninabrussels.be\/index.php?rest_route=\/wp\/v2\/product"}],"about":[{"href":"https:\/\/berninabrussels.be\/index.php?rest_route=\/wp\/v2\/types\/product"}],"replies":[{"embeddable":true,"href":"https:\/\/berninabrussels.be\/index.php?rest_route=%2Fwp%2Fv2%2Fcomments&post=81"}],"wp:featuredmedia":[{"embeddable":true,"href":"https:\/\/berninabrussels.be\/index.php?rest_route=\/wp\/v2\/media\/82"}],"wp:attachment":[{"href":"https:\/\/berninabrussels.be\/index.php?rest_route=%2Fwp%2Fv2%2Fmedia&parent=81"}],"wp:term":[{"taxonomy":"product_brand","embeddable":true,"href":"https:\/\/berninabrussels.be\/index.php?rest_route=%2Fwp%2Fv2%2Fproduct_brand&post=81"},{"taxonomy":"product_cat","embeddable":true,"href":"https:\/\/berninabrussels.be\/index.php?rest_route=%2Fwp%2Fv2%2Fproduct_cat&post=81"},{"taxonomy":"product_tag","embeddable":true,"href":"https:\/\/berninabrussels.be\/index.php?rest_route=%2Fwp%2Fv2%2Fproduct_tag&post=81"},{"taxonomy":"giftcard-category","embeddable":true,"href":"https:\/\/berninabrussels.be\/index.php?rest_route=%2Fwp%2Fv2%2Fgiftcard-category&post=81"}],"curies":[{"name":"wp","href":"https:\/\/api.w.org\/{rel}","templated":true}]}}