{"id":803,"date":"2023-05-08T17:43:23","date_gmt":"2023-05-08T15:43:23","guid":{"rendered":"https:\/\/berninabrussels.be\/?post_type=product&#038;p=803"},"modified":"2023-05-08T17:45:34","modified_gmt":"2023-05-08T15:45:34","slug":"pied-24-broderie-a-mains-libres-ouvert","status":"publish","type":"product","link":"https:\/\/berninabrussels.be\/?product=pied-24-broderie-a-mains-libres-ouvert","title":{"rendered":"Pied 24 broderie \u00e0 mains libres ouvert"},"content":{"rendered":"<h3>Pied 24 broderie \u00e0 mains libres m\u00e9tal ouvert BERNINA<\/h3>\n<p align=\"left\">Le pied pour broderie \u00e0 mains libres dispose de toute une s\u00e9rie d&rsquo;avantages : il n&rsquo;offre pas uniquement une visibilit\u00e9 optimale sur la zone de piq\u00fbre \u2013 ce qui est d\u00e9j\u00e0 un atout consid\u00e9rable pour surpiquer sur des lignes d\u00e9j\u00e0 dessin\u00e9es \u2013 mais son m\u00e9canisme de ressort emp\u00eache \u00e9galement au tissu d&rsquo;onduler ou de se soulever durant la broderie.<\/p>\n<p align=\"left\">Il garantit ainsi l&rsquo;ex\u00e9cution de points d&rsquo;une r\u00e9gularit\u00e9 impressionnante.<\/p>\n<p align=\"left\">Avec le pied pour broderie \u00e0 mains libres, vous ma\u00eetriserez un grand nombre de techniques de borderie : les monogrammes, les broderies de rubans de soie, les peintures \u00e0 base de fils ou les broderies Richelieu. Sa conception ing\u00e9nieuse permet \u00e9galement de quilter en b\u00e9n\u00e9ficiant de tout le confort n\u00e9cessaire.<\/p>\n","protected":false},"excerpt":{"rendered":"<p>Pied 24 broderie \u00e0 mains libres m\u00e9tal ouvert BERNINA Le pied pour broderie \u00e0 mains libres dispose de toute une s\u00e9rie d&rsquo;avantages : il n&rsquo;offre pas uniquement une visibilit\u00e9 optimale sur la zone de piq\u00fbre \u2013 ce qui est d\u00e9j\u00e0 un atout consid\u00e9rable pour surpiquer sur des lignes d\u00e9j\u00e0 dessin\u00e9es \u2013 mais son m\u00e9canisme de&hellip;<\/p>\n","protected":false},"featured_media":809,"comment_status":"open","ping_status":"closed","template":"","meta":{"om_disable_all_campaigns":false,"_monsterinsights_skip_tracking":false,"_monsterinsights_sitenote_active":false,"_monsterinsights_sitenote_note":"","_monsterinsights_sitenote_category":0,"_uf_show_specific_survey":0,"_uf_disable_surveys":false},"product_brand":[],"product_cat":[42,44,240,156],"product_tag":[125],"giftcard-category":[],"class_list":{"0":"post-803","1":"product","2":"type-product","3":"status-publish","4":"has-post-thumbnail","6":"product_cat-accesoires","7":"product_cat-machine-a-coudre","8":"product_cat-pieds-presseurs","9":"product_cat-pieds-broderie","10":"product_tag-bernina","12":"first","13":"instock","14":"sale","15":"shipping-taxable","16":"purchasable","17":"product-type-simple"},"aioseo_notices":[],"jetpack_sharing_enabled":true,"_links":{"self":[{"href":"https:\/\/berninabrussels.be\/index.php?rest_route=\/wp\/v2\/product\/803","targetHints":{"allow":["GET"]}}],"collection":[{"href":"https:\/\/berninabrussels.be\/index.php?rest_route=\/wp\/v2\/product"}],"about":[{"href":"https:\/\/berninabrussels.be\/index.php?rest_route=\/wp\/v2\/types\/product"}],"replies":[{"embeddable":true,"href":"https:\/\/berninabrussels.be\/index.php?rest_route=%2Fwp%2Fv2%2Fcomments&post=803"}],"wp:featuredmedia":[{"embeddable":true,"href":"https:\/\/berninabrussels.be\/index.php?rest_route=\/wp\/v2\/media\/809"}],"wp:attachment":[{"href":"https:\/\/berninabrussels.be\/index.php?rest_route=%2Fwp%2Fv2%2Fmedia&parent=803"}],"wp:term":[{"taxonomy":"product_brand","embeddable":true,"href":"https:\/\/berninabrussels.be\/index.php?rest_route=%2Fwp%2Fv2%2Fproduct_brand&post=803"},{"taxonomy":"product_cat","embeddable":true,"href":"https:\/\/berninabrussels.be\/index.php?rest_route=%2Fwp%2Fv2%2Fproduct_cat&post=803"},{"taxonomy":"product_tag","embeddable":true,"href":"https:\/\/berninabrussels.be\/index.php?rest_route=%2Fwp%2Fv2%2Fproduct_tag&post=803"},{"taxonomy":"giftcard-category","embeddable":true,"href":"https:\/\/berninabrussels.be\/index.php?rest_route=%2Fwp%2Fv2%2Fgiftcard-category&post=803"}],"curies":[{"name":"wp","href":"https:\/\/api.w.org\/{rel}","templated":true}]}}