{"id":801,"date":"2023-05-08T17:38:37","date_gmt":"2023-05-08T15:38:37","guid":{"rendered":"https:\/\/berninabrussels.be\/?post_type=product&#038;p=801"},"modified":"2025-12-13T16:57:01","modified_gmt":"2025-12-13T15:57:01","slug":"machine-a-coudre-jack-a6f-e","status":"publish","type":"product","link":"https:\/\/berninabrussels.be\/?product=machine-a-coudre-jack-a6f-e","title":{"rendered":"MACHINE A COUDRE JACK A6F-E"},"content":{"rendered":"<div class=\"tabs tabs-border-highlight\">\n<div class=\"tab-content no-border\">\n<div id=\"description\" class=\"tab-pane fade in active\">\n<div class=\"row irow-sm\">\n<div class=\"col-md-12\">\n<div class=\"row irow-xs cards\">\n<div class=\"col-sm-6\">\n<h3>Transport par barre \u00e0 aiguille et griffes<\/h3>\n<div class=\"heading-divider\"><\/div>\n<p>L\u2019alimentation par l\u2019aiguille et la griffe d\u2019entra\u00eenement permet d\u2019\u00e9viter les probl\u00e8mes de plis et de d\u00e9calage des couches caus\u00e9s par une mauvaise alimentation et par le glissement pendant la couture.<\/p>\n<\/div>\n<\/div>\n<div class=\"row irow-xs cards\">\n<div class=\"col-sm-6\">\n<p>&nbsp;<\/p>\n<h3>Puller int\u00e9gr\u00e9 (version PK)<\/h3>\n<div class=\"heading-divider\"><\/div>\n<p>Nouveau puller num\u00e9rique enti\u00e8rement int\u00e9gr\u00e9 dans la machine version PK (bo\u00eetier de commande inclus). Les commandes num\u00e9riques sont \u00e9galement situ\u00e9es directement sur l\u2019\u00e9cran de la machine.<\/p>\n<\/div>\n<div class=\"col-sm-6\">\n<div class=\"card card-image\">\n<figure class=\"figure\"><img data-recalc-dims=\"1\" decoding=\"async\" src=\"https:\/\/i0.wp.com\/www.stecker.be\/Images\/ImageDescriptionArticle\/machines\/jack\/jack-a6f-e\/puller-integre-machine-a-coudre-industrielle-jack-a6fe.jpg?w=1140&#038;ssl=1\" alt=\"Puller int\u00e9gr\u00e9 (version PK) - Machine \u00e0 coudre industrielle JACK A6F-E\" \/><\/figure>\n<\/div>\n<\/div>\n<\/div>\n<div class=\"row irow-xs cards\">\n<div class=\"col-sm-6\">\n<div class=\"card card-image\">\n<figure class=\"figure\"><img data-recalc-dims=\"1\" decoding=\"async\" src=\"https:\/\/i0.wp.com\/www.stecker.be\/Images\/ImageDescriptionArticle\/machines\/jack\/jack-a6f-e\/longueur-point-machine-a-coudre-industrielle-jack-a6fe.jpg?w=1140&#038;ssl=1\" alt=\"Longueur de point num\u00e9rique - Machine \u00e0 coudre industrielle industrielle JACK A6F-E\" \/><\/figure>\n<\/div>\n<\/div>\n<div class=\"col-sm-6\">\n<p>&nbsp;<\/p>\n<h3>Longueur de point num\u00e9rique<\/h3>\n<div class=\"heading-divider\"><\/div>\n<p>La longueur de point peut aller jusqu\u2019\u00e0 0,1 mm, contr\u00f4l\u00e9e par un moteur pas \u00e0 pas. Un dispositif de verrouillage du r\u00e9glage de la longueur du point a \u00e9galement \u00e9t\u00e9 introduit.<\/p>\n<\/div>\n<\/div>\n<div class=\"row irow-xs cards\">\n<div class=\"col-sm-6\">\n<p>&nbsp;<\/p>\n<h3>Contr\u00f4le du moteur pas \u00e0 pas,plus silencieux<\/h3>\n<div class=\"heading-divider\"><\/div>\n<p>Gr\u00e2ce \u00e0 la conception du moteur pas \u00e0 pas pour l\u2019arr\u00eat \u00e9lectronique, le bruit a \u00e9t\u00e9 consid\u00e9rablement r\u00e9duit, ce qui rend l\u2019environnement de travail plus silencieux et plus confortable. Le bruit de la couture en marche arri\u00e8re est inf\u00e9rieur \u00e0 20 dB. Le bruit du relevage du pied presseur est inf\u00e9rieur \u00e0 60db.<\/p>\n<\/div>\n<div class=\"col-sm-6\">\n<div class=\"card card-image\">\n<figure class=\"figure\"><img data-recalc-dims=\"1\" decoding=\"async\" src=\"https:\/\/i0.wp.com\/www.stecker.be\/Images\/ImageDescriptionArticle\/machines\/jack\/jack-a6f-e\/fonctionnement-silencieux-machine-a-coudre-industrielle-jack-a6fe.jpg?w=1140&#038;ssl=1\" alt=\"Moteur pas \u00e0 pas,plus silencieux - Machine \u00e0 coudre industrielle JACK A6F-E\" \/><\/figure>\n<\/div>\n<\/div>\n<\/div>\n<div class=\"row irow-xs cards\">\n<div class=\"col-sm-6\">\n<div class=\"card card-image\">\n<figure class=\"figure\"><img data-recalc-dims=\"1\" decoding=\"async\" src=\"https:\/\/i0.wp.com\/www.stecker.be\/Images\/ImageDescriptionArticle\/machines\/jack\/jack-a6f-e\/machine-a-coudre-jack-a6fe-finition-couture-propre.jpg?w=1140&#038;ssl=1\" alt=\"Finition propre - Machine \u00e0 coudre industrielle JACK A6F-E\" \/><\/figure>\n<\/div>\n<\/div>\n<div class=\"col-sm-6\">\n<p>&nbsp;<\/p>\n<h3>Finition propre<\/h3>\n<div class=\"heading-divider\"><\/div>\n<p>Le fil ne d\u00e9passe pas 3 mm apr\u00e8s la coupe en fin de couture et un point d\u2019arr\u00eat est r\u00e9alis\u00e9 afin d\u2019\u00e9viter que le fil ne se d\u00e9tache. Il n\u2019est plus n\u00e9cessaire de couper les surplus de fils en fin de couture, ce qui permet d\u2019\u00e9conomiser du temps, du travail et de l\u2019argent.<\/p>\n<\/div>\n<\/div>\n<div class=\"row irow-xs cards\">\n<div class=\"col-sm-6\">\n<p>&nbsp;<\/p>\n<h3>Syst\u00e8me de lubrification ferm\u00e9<\/h3>\n<div class=\"heading-divider\"><\/div>\n<p>L\u2019huile est stock\u00e9e dans une cuve scell\u00e9e et emp\u00eache efficacement les fuites et taches d\u2019huile. Vous pouvez ainsi r\u00e9aliser une couture propre pour vos produits de valeur. Cette solution garantit une consommation d\u2019huile r\u00e9duite et une meilleure lubrification des m\u00e9canismes de la machine.<\/p>\n<\/div>\n<div class=\"col-sm-6\">\n<div class=\"card card-image\">\n<figure class=\"figure\"><img data-recalc-dims=\"1\" decoding=\"async\" src=\"https:\/\/i0.wp.com\/www.stecker.be\/Images\/ImageDescriptionArticle\/machines\/jack\/jack-a6f-e\/systeme-lubrification-ferme-machine-a-coudre-jack-a6f-e.jpg?w=1140&#038;ssl=1\" alt=\"Syst\u00e8me de lubrification ferm\u00e9 - Machine \u00e0 coudre industrielle JACK A6F-E\" \/><\/figure>\n<\/div>\n<\/div>\n<\/div>\n<div class=\"row irow-xs cards\">\n<div class=\"col-sm-6\">\n<div class=\"card card-image\">\n<figure class=\"figure\"><img data-recalc-dims=\"1\" decoding=\"async\" src=\"https:\/\/i0.wp.com\/www.stecker.be\/Images\/ImageDescriptionArticle\/machines\/jack\/jack-a6f-e\/large-espace-travail-machine-a-coudre-jack-a6f-e.jpg?w=1140&#038;ssl=1\" alt=\"Large espace de travail - Machine \u00e0 coudre industrielle JACK A6F-E\" \/><\/figure>\n<\/div>\n<\/div>\n<div class=\"col-sm-6\">\n<p>&nbsp;<\/p>\n<h4>Large espace de travail<\/h4>\n<div class=\"heading-divider\"><\/div>\n<p>L\u2019espace de travail peut atteindre jusqu\u2019\u00e0 300 mm, ce qui rend l\u2019alimentation du tissu plus fluide et offre un large \u00e9ventail d\u2019applications.<\/p>\n<\/div>\n<\/div>\n<\/div>\n<div class=\"row irow-xs cards\">\n<div class=\"col-sm-6\">\n<p>&nbsp;<\/p>\n<h3>T\u00eate semi-s\u00e8che<\/h3>\n<div class=\"heading-divider\"><\/div>\n<p>La barre \u00e0 aiguilles est faite d\u2019un alliage de carbone sp\u00e9cial (avec une flexibilit\u00e9 et une r\u00e9sistance \u00e0 l\u2019abrasion accrues), ne n\u00e9cessite pas de lubrification.<\/p>\n<\/div>\n<div class=\"col-sm-6\">\n<div class=\"card card-image\">\n<figure class=\"figure\"><img data-recalc-dims=\"1\" decoding=\"async\" src=\"https:\/\/i0.wp.com\/www.stecker.be\/Images\/ImageDescriptionArticle\/machines\/jack\/jack-a6f-e\/tete-semi-seche-machine-a-coudre-jack-a6f-e.jpg?w=1140&#038;ssl=1\" alt=\"T\u00eate semi-s\u00e8che - Machine \u00e0 coudre industrielle JACK A6F-E\" \/><\/figure>\n<\/div>\n<\/div>\n<\/div>\n<div class=\"row irow-xs cards\">\n<div class=\"col-sm-6\">\n<div class=\"card card-image\">\n<figure class=\"figure\"><img data-recalc-dims=\"1\" decoding=\"async\" src=\"https:\/\/i0.wp.com\/www.stecker.be\/Images\/ImageDescriptionArticle\/machines\/jack\/jack-a6f-e\/points-couture-machine-a-coudre-industrielle-jack-a6f-e.jpg?w=1140&#038;ssl=1\" alt=\"Motifs de couture - Machine \u00e0 coudre industrielle JACK A6F-E\" \/><\/figure>\n<\/div>\n<\/div>\n<div class=\"col-sm-6\">\n<p>&nbsp;<\/p>\n<h4>Motifs de couture<\/h4>\n<div class=\"heading-divider\"><\/div>\n<p>Vous pouvez cr\u00e9er de magnifiques points ornementaux, gr\u00e2ce \u00e0 la longueur de point altern\u00e9e. Ils peuvent \u00e9galement \u00eatre modifi\u00e9s pour r\u00e9pondre \u00e0 diff\u00e9rents besoins.<\/p>\n<\/div>\n<\/div>\n<\/div>\n<h4>Accessoires inclus<\/h4>\n<div class=\"heading-divider\"><\/div>\n<ul>\n<li><i class=\"fa fa-check fa-fw text-success\"><\/i>\u00a0Pied standard<\/li>\n<li><i class=\"fa fa-check fa-fw text-success\"><\/i>\u00a03 canettes<\/li>\n<li><i class=\"fa fa-check fa-fw text-success\"><\/i>\u00a0Un paquet d&rsquo;aiguilles<\/li>\n<li><i class=\"fa fa-check fa-fw text-success\"><\/i>\u00a0Tournevis<\/li>\n<li><i class=\"fa fa-check fa-fw text-success\"><\/i>\u00a0Un litre d&rsquo;huile + entonnoir<\/li>\n<li><i class=\"fa fa-check fa-fw text-success\"><\/i>\u00a0Housse en plastique<\/li>\n<\/ul>\n<\/div>\n<\/div>\n<\/div>\n<div id=\"savplus\" class=\"tab-pane fade active in\">\n<div class=\"row irow-sm\">\n<div class=\"col-md-12\">\n<h3>Quel fil utilisez-vous avec la JACK ?<\/h3>\n<p>Vous pouvez utiliser du fil \u00e0 coudre classique Polyester 120 comme le Gutermann, Belfil ou Mettler Pour des coutures fortes, vous pouvez \u00e9galement utiliser le SERAFIL 40 (Aiguille Grosseur 100) ou 30 (Aiguille Grosseur 120-130) Nous conseillons un deuxi\u00e8me boitier r\u00e9gl\u00e9 pour ce type de fil afin de ne pas d\u00e9r\u00e9gler votre boitier principal.<\/p>\n<h3>Sp\u00e9cifications techniques optionelles<\/h3>\n<div class=\"heading-divider\"><\/div>\n<table class=\"table table-striped text-center\">\n<thead align=\"center\">\n<tr align=\"center\">\n<th>Mod\u00e8le<\/th>\n<th>Aiguille<\/th>\n<th>Nombre de fils<\/th>\n<th>Longueur de point (mm)<\/th>\n<th>Relevage du pied (mm)<\/th>\n<th>Vitesse max. (points\/min)<\/th>\n<th>Tissu L\u00e9ger<\/th>\n<th>Tissu Moyen<\/th>\n<th>Tissu Lourd<\/th>\n<\/tr>\n<\/thead>\n<tbody align=\"center\">\n<tr>\n<td>A6F-E<\/td>\n<td>DBx1 11-18#<\/td>\n<td>2<\/td>\n<td>4,5<\/td>\n<td>5-13<\/td>\n<td>4000<\/td>\n<td>V<\/td>\n<td>V<\/td>\n<td>\/<\/td>\n<\/tr>\n<tr>\n<td>A6F-EH<\/td>\n<td>DBx5 18-21#<\/td>\n<td>2<\/td>\n<td>4,5<\/td>\n<td>5-13<\/td>\n<td>3000<\/td>\n<td>\/<\/td>\n<td>\/<\/td>\n<td>V<\/td>\n<\/tr>\n<tr>\n<td>A6F-E-PK<\/td>\n<td>DBx1 11-18#<\/td>\n<td>2<\/td>\n<td>4,5<\/td>\n<td>5-13<\/td>\n<td>4000<\/td>\n<td>V<\/td>\n<td>V<\/td>\n<td>\/<\/td>\n<\/tr>\n<tr>\n<td>A6F-EH-PK<\/td>\n<td>DBx5 18-21#<\/td>\n<td>2<\/td>\n<td>4,5<\/td>\n<td>5-13<\/td>\n<td>3000<\/td>\n<td>\/<\/td>\n<td>\/<\/td>\n<td>V<\/td>\n<\/tr>\n<\/tbody>\n<\/table>\n<\/div>\n<\/div>\n<\/div>\n<div id=\"garantie\" class=\"tab-pane fade\">\n<div class=\"row irow-sm\">\n<div class=\"col-md-12\">\n<p>Garantie de 2 ans pi\u00e8ces et main d&rsquo;oeuvre suivant les conditions impos\u00e9es par le fabriquant.<\/p>\n<\/div>\n<\/div>\n<\/div>\n<div id=\"tabAccessoires\" class=\"tab-pane fade\">\n<div class=\"row irow-sm\">\n<div class=\"col-md-12\">\n<div id=\"ctl00_ContentPlaceHolder1_PanelSearchAccessoires\" class=\"container\">\n<section class=\"row page-header text-center\">\n<div id=\"reparation\" class=\"col-sm-12\">\n<h3>Recherchez les accessoires de votre machine<\/h3>\n<div class=\"heading-divider\"><\/div>\n<\/div>\n<\/section>\n<p><center><\/center><br \/>\nNous avons une m\u00e9thode\u00a0<strong>toute simple<\/strong>\u00a0pour vous aider \u00e0 trouver l&rsquo;article compatible \u00e0 votre machine.<\/p>\n<p>Cliquez sur le bouton ci-dessus. Patientez et s\u00e9lectionnez le\u00a0<strong>Groupe d&rsquo;accessoire<\/strong>\u00a0(Pieds presseurs, valises, cadres, &#8230;)<\/p>\n<p>OU<\/p>\n<p>Rendez-vous sur cette page :\u00a0<a href=\"https:\/\/www.stecker.be\/search.aspx\">https:\/\/www.stecker.be\/search.aspx<\/a><\/p>\n<p>&nbsp;<\/p>\n<p>S\u00e9lectionnez les crit\u00e8res correspondants \u00e0 votre machine dans les listes d\u00e9roulantes suivantes<\/p>\n<ul>\n<li><i class=\"fa fa-check fa-fw text-success\"><\/i>\u00a0<strong>Marques<\/strong>\u00a0(Bernina, Brother, Janome, &#8230;)<\/li>\n<li><i class=\"fa fa-check fa-fw text-success\"><\/i>\u00a0<strong>Machines<\/strong>\u00a0(\u00e0 coudre, \u00e0 broder, surjeteuse, &#8230;)<\/li>\n<li><i class=\"fa fa-check fa-fw text-success\"><\/i>\u00a0<strong>Types<\/strong>\u00a0(\u00e9lectronique ou m\u00e9canique)<\/li>\n<li><i class=\"fa fa-check fa-fw text-success\"><\/i>\u00a0<strong>Mod\u00e8les<\/strong>\u00a0(Vous y retrouverez votre mod\u00e8le exact)<\/li>\n<li><i class=\"fa fa-check fa-fw text-success\"><\/i>\u00a0<strong>Groupe d&rsquo;accessoire<\/strong>\u00a0(Pieds presseurs, valises, cadres, &#8230;)<\/li>\n<\/ul>\n<p>Cliquez ensuite sur<strong>\u00ab Recherche \u00bb<\/strong>\u00a0et patientez.<\/p>\n<p>Les articles compatibles uniquement \u00e0 votre machine s&rsquo;afficheront. Vous ne pouvez pas vous tromper.<\/p>\n<\/div>\n<\/div>\n<\/div>\n<\/div>\n<div id=\"formations\" class=\"tab-pane fade\">\n<div class=\"row irow-sm\">\n<div class=\"col-md-12\"><\/div>\n<\/div>\n<\/div>\n<div id=\"reviews\" class=\"tab-pane fade\">\n<div class=\"comments\"><\/div>\n<hr \/>\n<div id=\"addcomment\" class=\"add-comment\">\n<h3>Ajouter un avis<\/h3>\n<div>\n<div class=\"rating-wrap\">\n<div id=\"raty-review\" class=\"raty\" data-score=\"5\"><i class=\"fa fa-star\" title=\"bad\" data-alt=\"1\"><\/i>\u00a0<i class=\"fa fa-star\" title=\"poor\" data-alt=\"2\"><\/i>\u00a0<i class=\"fa fa-star\" title=\"regular\" data-alt=\"3\"><\/i>\u00a0<i class=\"fa fa-star\" title=\"good\" data-alt=\"4\"><\/i>\u00a0<i class=\"fa fa-star\" title=\"gorgeous\" data-alt=\"5\"><\/i><\/div>\n<\/div>\n<div class=\"form-wrap\">\n<div class=\"form-group\"><\/div>\n<\/div>\n<\/div>\n<\/div>\n<\/div>\n","protected":false},"excerpt":{"rendered":"<p>La machine JACK JK-A6F-E est une piqueuse plate \u00e0 point nou\u00e9 double transport aiguille + griffes pouvant coudre jusqu\u2019\u00e0 4000 points minutes et disposant d\u2019une surface de travail \u00e9tendue. Elle dispose d\u2019un point\u00a0 d\u2019arr\u00eat, d&rsquo;une longueur de point \u00e9lectronique, d\u2019un relevage de pied \u00e9lectrique et d\u2019un coupe-fil automatique. Elle est \u00e9quip\u00e9e d\u2019un tableau de commande convivial avec 4 programmes.<\/p>\n","protected":false},"featured_media":875,"comment_status":"open","ping_status":"closed","template":"","meta":{"om_disable_all_campaigns":false,"_monsterinsights_skip_tracking":false,"_monsterinsights_sitenote_active":false,"_monsterinsights_sitenote_note":"","_monsterinsights_sitenote_category":0,"_uf_show_specific_survey":0,"_uf_disable_surveys":false},"product_brand":[],"product_cat":[29,32,67],"product_tag":[],"giftcard-category":[],"class_list":{"0":"post-801","1":"product","2":"type-product","3":"status-publish","4":"has-post-thumbnail","6":"product_cat-machines","7":"product_cat-machines-professionnelles","8":"product_cat-piqueuse-industrielle","10":"first","11":"instock","12":"sale","13":"shipping-taxable","14":"purchasable","15":"product-type-simple"},"aioseo_notices":[],"jetpack_sharing_enabled":true,"_links":{"self":[{"href":"https:\/\/berninabrussels.be\/index.php?rest_route=\/wp\/v2\/product\/801","targetHints":{"allow":["GET"]}}],"collection":[{"href":"https:\/\/berninabrussels.be\/index.php?rest_route=\/wp\/v2\/product"}],"about":[{"href":"https:\/\/berninabrussels.be\/index.php?rest_route=\/wp\/v2\/types\/product"}],"replies":[{"embeddable":true,"href":"https:\/\/berninabrussels.be\/index.php?rest_route=%2Fwp%2Fv2%2Fcomments&post=801"}],"wp:featuredmedia":[{"embeddable":true,"href":"https:\/\/berninabrussels.be\/index.php?rest_route=\/wp\/v2\/media\/875"}],"wp:attachment":[{"href":"https:\/\/berninabrussels.be\/index.php?rest_route=%2Fwp%2Fv2%2Fmedia&parent=801"}],"wp:term":[{"taxonomy":"product_brand","embeddable":true,"href":"https:\/\/berninabrussels.be\/index.php?rest_route=%2Fwp%2Fv2%2Fproduct_brand&post=801"},{"taxonomy":"product_cat","embeddable":true,"href":"https:\/\/berninabrussels.be\/index.php?rest_route=%2Fwp%2Fv2%2Fproduct_cat&post=801"},{"taxonomy":"product_tag","embeddable":true,"href":"https:\/\/berninabrussels.be\/index.php?rest_route=%2Fwp%2Fv2%2Fproduct_tag&post=801"},{"taxonomy":"giftcard-category","embeddable":true,"href":"https:\/\/berninabrussels.be\/index.php?rest_route=%2Fwp%2Fv2%2Fgiftcard-category&post=801"}],"curies":[{"name":"wp","href":"https:\/\/api.w.org\/{rel}","templated":true}]}}