{"id":796,"date":"2023-05-08T17:06:37","date_gmt":"2023-05-08T15:06:37","guid":{"rendered":"https:\/\/berninabrussels.be\/?post_type=product&#038;p=796"},"modified":"2023-05-17T10:43:07","modified_gmt":"2023-05-17T08:43:07","slug":"pied-00-zigzag-multi-usage-55mm","status":"publish","type":"product","link":"https:\/\/berninabrussels.be\/?product=pied-00-zigzag-multi-usage-55mm","title":{"rendered":"Pied 00 zigzag, multi usage 5,5mm"},"content":{"rendered":"<h3>Pied 00 ZZ Zigzag, multi usage avec fente au milieu 5,5mm<\/h3>\n<p>Ce pied est id\u00e9alement indiqu\u00e9 pour l&rsquo;ex\u00e9cution de toute couture utilitaire au point droit ou point zigzag. (sauf les boutonni\u00e8res ou les points satins)<\/p>\n","protected":false},"excerpt":{"rendered":"<p>Pied 00 ZZ Zigzag, multi usage avec fente au milieu 5,5mm Ce pied est id\u00e9alement indiqu\u00e9 pour l&rsquo;ex\u00e9cution de toute couture utilitaire au point droit ou point zigzag. (sauf les boutonni\u00e8res ou les points satins)<\/p>\n","protected":false},"featured_media":2515,"comment_status":"open","ping_status":"closed","template":"","meta":{"om_disable_all_campaigns":false,"_monsterinsights_skip_tracking":false,"_monsterinsights_sitenote_active":false,"_monsterinsights_sitenote_note":"","_monsterinsights_sitenote_category":0,"_uf_show_specific_survey":0,"_uf_disable_surveys":false},"product_brand":[],"product_cat":[42,44,240,189],"product_tag":[125],"giftcard-category":[],"class_list":{"0":"post-796","1":"product","2":"type-product","3":"status-publish","4":"has-post-thumbnail","6":"product_cat-accesoires","7":"product_cat-machine-a-coudre","8":"product_cat-pieds-presseurs","9":"product_cat-pied-zig-zag","10":"product_tag-bernina","12":"first","13":"instock","14":"sale","15":"shipping-taxable","16":"purchasable","17":"product-type-simple"},"aioseo_notices":[],"jetpack_sharing_enabled":true,"_links":{"self":[{"href":"https:\/\/berninabrussels.be\/index.php?rest_route=\/wp\/v2\/product\/796","targetHints":{"allow":["GET"]}}],"collection":[{"href":"https:\/\/berninabrussels.be\/index.php?rest_route=\/wp\/v2\/product"}],"about":[{"href":"https:\/\/berninabrussels.be\/index.php?rest_route=\/wp\/v2\/types\/product"}],"replies":[{"embeddable":true,"href":"https:\/\/berninabrussels.be\/index.php?rest_route=%2Fwp%2Fv2%2Fcomments&post=796"}],"wp:featuredmedia":[{"embeddable":true,"href":"https:\/\/berninabrussels.be\/index.php?rest_route=\/wp\/v2\/media\/2515"}],"wp:attachment":[{"href":"https:\/\/berninabrussels.be\/index.php?rest_route=%2Fwp%2Fv2%2Fmedia&parent=796"}],"wp:term":[{"taxonomy":"product_brand","embeddable":true,"href":"https:\/\/berninabrussels.be\/index.php?rest_route=%2Fwp%2Fv2%2Fproduct_brand&post=796"},{"taxonomy":"product_cat","embeddable":true,"href":"https:\/\/berninabrussels.be\/index.php?rest_route=%2Fwp%2Fv2%2Fproduct_cat&post=796"},{"taxonomy":"product_tag","embeddable":true,"href":"https:\/\/berninabrussels.be\/index.php?rest_route=%2Fwp%2Fv2%2Fproduct_tag&post=796"},{"taxonomy":"giftcard-category","embeddable":true,"href":"https:\/\/berninabrussels.be\/index.php?rest_route=%2Fwp%2Fv2%2Fgiftcard-category&post=796"}],"curies":[{"name":"wp","href":"https:\/\/api.w.org\/{rel}","templated":true}]}}