{"id":792,"date":"2023-05-08T17:03:42","date_gmt":"2023-05-08T15:03:42","guid":{"rendered":"https:\/\/berninabrussels.be\/?post_type=product&#038;p=792"},"modified":"2023-05-08T17:04:59","modified_gmt":"2023-05-08T15:04:59","slug":"pied-44c-cutwork","status":"publish","type":"product","link":"https:\/\/berninabrussels.be\/?product=pied-44c-cutwork","title":{"rendered":"Pied 44C Cutwork"},"content":{"rendered":"<h3>Pied 44C CutWork\u00a0BERNINA<\/h3>\n<h4>Un pied unique pour CutWork et le quilt \u00e0 mains libres<\/h4>\n<div class=\"row irow-xs\">\n<div class=\"col-sm-6\">\n<ul>\n<li><i class=\"fa fa-check fa-fw text-success\"><\/i>\u00a0Id\u00e9al pour toute une s\u00e9rie d&rsquo;ouvrage de couture cr\u00e9atifs<\/li>\n<li><i class=\"fa fa-check fa-fw text-success\"><\/i>\u00a0Pour le quilt en \u00e9cho et le quilt ombr\u00e9, le quilt \u00e0 mains libres, la peinture au fil et la broderie \u00e0 mains libres<\/li>\n<li><i class=\"fa fa-check fa-fw text-success\"><\/i>\u00a0Avec des marquages concentriques circulaires et une croix pour un positionnement pr\u00e9cis des points<\/li>\n<li><i class=\"fa fa-check fa-fw text-success\"><\/i>Excellents r\u00e9sultats de d\u00e9coupe de motifs CutWork<\/li>\n<li>\u00a0Pour les machines d&rsquo;une largeur de point de 5,5 mm et 9 mm<\/li>\n<\/ul>\n<\/div>\n<div class=\"col-sm-6\"><\/div>\n<\/div>\n<p>Le pied quilt \u00e9cho et pied CutWork #44C sont les outils id\u00e9aux pour coudre de nombreux ouvrages cr\u00e9atifs. Ils sont con\u00e7us pour le quilt \u00e9cho\/ombr\u00e9, ainsi que le quilt \u00e0 bras libre.<\/p>\n<p>Avec le pied quilt \u00e9cho et pied CutWork #44C, vous pourrez \u00e9galement r\u00e9aliser des broderies \u00e0 bras libre et des superbes peintures \u00e0 fils avec le point zigzag. Combin\u00e9 \u00e0 l&rsquo;outil CutWork de BERNINA, le pied quilt \u00e9cho et pied CutWork #44C sont des outils id\u00e9aux pour couper des motifs CutWork BERNINA en utilisant le logiciel CutWork int\u00e9gr\u00e9.<\/p>\n<p>Essayez vous aussi d\u00e8s maintenant le pied quilt \u00e9cho et pied CutWork #44C !<\/p>\n","protected":false},"excerpt":{"rendered":"<p>Pied 44C CutWork\u00a0BERNINA Un pied unique pour CutWork et le quilt \u00e0 mains libres \u00a0Id\u00e9al pour toute une s\u00e9rie d&rsquo;ouvrage de couture cr\u00e9atifs \u00a0Pour le quilt en \u00e9cho et le quilt ombr\u00e9, le quilt \u00e0 mains libres, la peinture au fil et la broderie \u00e0 mains libres \u00a0Avec des marquages concentriques circulaires et une croix&hellip;<\/p>\n","protected":false},"featured_media":793,"comment_status":"open","ping_status":"closed","template":"","meta":{"om_disable_all_campaigns":false,"_monsterinsights_skip_tracking":false,"_monsterinsights_sitenote_active":false,"_monsterinsights_sitenote_note":"","_monsterinsights_sitenote_category":0,"_uf_show_specific_survey":0,"_uf_disable_surveys":false},"product_brand":[],"product_cat":[204],"product_tag":[125],"giftcard-category":[],"class_list":{"0":"post-792","1":"product","2":"type-product","3":"status-publish","4":"has-post-thumbnail","6":"product_cat-cutwork","7":"product_tag-bernina","9":"first","10":"instock","11":"sale","12":"shipping-taxable","13":"purchasable","14":"product-type-simple"},"aioseo_notices":[],"jetpack_sharing_enabled":true,"_links":{"self":[{"href":"https:\/\/berninabrussels.be\/index.php?rest_route=\/wp\/v2\/product\/792","targetHints":{"allow":["GET"]}}],"collection":[{"href":"https:\/\/berninabrussels.be\/index.php?rest_route=\/wp\/v2\/product"}],"about":[{"href":"https:\/\/berninabrussels.be\/index.php?rest_route=\/wp\/v2\/types\/product"}],"replies":[{"embeddable":true,"href":"https:\/\/berninabrussels.be\/index.php?rest_route=%2Fwp%2Fv2%2Fcomments&post=792"}],"wp:featuredmedia":[{"embeddable":true,"href":"https:\/\/berninabrussels.be\/index.php?rest_route=\/wp\/v2\/media\/793"}],"wp:attachment":[{"href":"https:\/\/berninabrussels.be\/index.php?rest_route=%2Fwp%2Fv2%2Fmedia&parent=792"}],"wp:term":[{"taxonomy":"product_brand","embeddable":true,"href":"https:\/\/berninabrussels.be\/index.php?rest_route=%2Fwp%2Fv2%2Fproduct_brand&post=792"},{"taxonomy":"product_cat","embeddable":true,"href":"https:\/\/berninabrussels.be\/index.php?rest_route=%2Fwp%2Fv2%2Fproduct_cat&post=792"},{"taxonomy":"product_tag","embeddable":true,"href":"https:\/\/berninabrussels.be\/index.php?rest_route=%2Fwp%2Fv2%2Fproduct_tag&post=792"},{"taxonomy":"giftcard-category","embeddable":true,"href":"https:\/\/berninabrussels.be\/index.php?rest_route=%2Fwp%2Fv2%2Fgiftcard-category&post=792"}],"curies":[{"name":"wp","href":"https:\/\/api.w.org\/{rel}","templated":true}]}}