{"id":79,"date":"2023-05-05T15:11:20","date_gmt":"2023-05-05T13:11:20","guid":{"rendered":"https:\/\/berninabrussels.be\/?post_type=product&#038;p=79"},"modified":"2025-05-25T20:22:10","modified_gmt":"2025-05-25T18:22:10","slug":"machine-a-coudre-bernina-540","status":"publish","type":"product","link":"https:\/\/berninabrussels.be\/?product=machine-a-coudre-bernina-540","title":{"rendered":"MACHINE \u00c0 COUDRE BERNINA 540 + trolley Bernina en cadeau (269 euros)"},"content":{"rendered":"<div class=\"col-sm-6\">\n<h4><strong>La machine parfaite pour les couturi\u00e8res passionn\u00e9es<\/strong><\/h4>\n<\/div>\n<p>Avec sa largeur de point de 9 mm, la machine B 540 s\u2019av\u00e8re id\u00e9ale pour la couture de tissus fins et pour le patchwork. Vous b\u00e9n\u00e9ficiez de 1048 magnifiques motifs de points et de 5 alphabets pour personnaliser vos projets pr\u00e9f\u00e9r\u00e9s.<\/p>\n<ul>\n<li>Couture puissante, rapide et pr\u00e9cise<\/li>\n<li>G\u00e9rer facilement les grands projets<\/li>\n<li>Parfait pour les points d\u00e9coratifs<\/li>\n<li>Vos fils sont coup\u00e9s automatiquement<\/li>\n<li>Compatible broderie (module de broderie\u00a0<em>en option)<\/em><\/li>\n<\/ul>\n","protected":false},"excerpt":{"rendered":"<p>La machine parfaite pour les couturi\u00e8res passionn\u00e9es Avec sa largeur de point de 9 mm, la machine B 540 s\u2019av\u00e8re id\u00e9ale pour la couture de tissus fins et pour le patchwork. Vous b\u00e9n\u00e9ficiez de 1048 magnifiques motifs de points et de 5 alphabets pour personnaliser vos projets pr\u00e9f\u00e9r\u00e9s. Couture puissante, rapide et pr\u00e9cise G\u00e9rer facilement&hellip;<\/p>\n","protected":false},"featured_media":80,"comment_status":"open","ping_status":"closed","template":"","meta":{"om_disable_all_campaigns":false,"_monsterinsights_skip_tracking":false,"_monsterinsights_sitenote_active":false,"_monsterinsights_sitenote_note":"","_monsterinsights_sitenote_category":0,"_uf_show_specific_survey":0,"_uf_disable_surveys":false},"product_brand":[],"product_cat":[40,29,16],"product_tag":[],"giftcard-category":[],"class_list":{"0":"post-79","1":"product","2":"type-product","3":"status-publish","4":"has-post-thumbnail","6":"product_cat-electronique","7":"product_cat-machines","8":"product_cat-machines-menageres","10":"first","11":"instock","12":"sale","13":"shipping-taxable","14":"purchasable","15":"product-type-simple"},"aioseo_notices":[],"jetpack_sharing_enabled":true,"_links":{"self":[{"href":"https:\/\/berninabrussels.be\/index.php?rest_route=\/wp\/v2\/product\/79","targetHints":{"allow":["GET"]}}],"collection":[{"href":"https:\/\/berninabrussels.be\/index.php?rest_route=\/wp\/v2\/product"}],"about":[{"href":"https:\/\/berninabrussels.be\/index.php?rest_route=\/wp\/v2\/types\/product"}],"replies":[{"embeddable":true,"href":"https:\/\/berninabrussels.be\/index.php?rest_route=%2Fwp%2Fv2%2Fcomments&post=79"}],"wp:featuredmedia":[{"embeddable":true,"href":"https:\/\/berninabrussels.be\/index.php?rest_route=\/wp\/v2\/media\/80"}],"wp:attachment":[{"href":"https:\/\/berninabrussels.be\/index.php?rest_route=%2Fwp%2Fv2%2Fmedia&parent=79"}],"wp:term":[{"taxonomy":"product_brand","embeddable":true,"href":"https:\/\/berninabrussels.be\/index.php?rest_route=%2Fwp%2Fv2%2Fproduct_brand&post=79"},{"taxonomy":"product_cat","embeddable":true,"href":"https:\/\/berninabrussels.be\/index.php?rest_route=%2Fwp%2Fv2%2Fproduct_cat&post=79"},{"taxonomy":"product_tag","embeddable":true,"href":"https:\/\/berninabrussels.be\/index.php?rest_route=%2Fwp%2Fv2%2Fproduct_tag&post=79"},{"taxonomy":"giftcard-category","embeddable":true,"href":"https:\/\/berninabrussels.be\/index.php?rest_route=%2Fwp%2Fv2%2Fgiftcard-category&post=79"}],"curies":[{"name":"wp","href":"https:\/\/api.w.org\/{rel}","templated":true}]}}