{"id":788,"date":"2023-05-08T16:59:46","date_gmt":"2023-05-08T14:59:46","guid":{"rendered":"https:\/\/berninabrussels.be\/?post_type=product&#038;p=788"},"modified":"2023-05-17T10:46:12","modified_gmt":"2023-05-17T08:46:12","slug":"pied-71-rabatteur-reducteur-8mm","status":"publish","type":"product","link":"https:\/\/berninabrussels.be\/?product=pied-71-rabatteur-reducteur-8mm","title":{"rendered":"Pied 71 rabatteur, r\u00e9ducteur 8mm"},"content":{"rendered":"<h3>Pied 71 rabatteur, r\u00e9ducteur 8mm (2\u00a0\u00e9tapes)\u00a0tissus \u00e9pais\u00a0BERNINA<\/h3>\n<p align=\"left\">Le pied r\u00e9ducteur 8 mm permet de piquer avec pr\u00e9cision des coutures rabattues et plates sur des tissus \u00e9pais.<\/p>\n<p align=\"left\">La patte angulaire \u00e0 droite du pied sert \u00e0 guider les bords rabattus pour les v\u00eatements de sport, les jeans et les chemises hommes. Une petite pelle plac\u00e9e sur la partie gauche de la pointe du pied permet au pied r\u00e9ducteur de maintenir les rebords du tissu afin que ceux-ci soit cousus lors d&rsquo;un deuxi\u00e8me passage.<\/p>\n<p align=\"left\">Ce pied polyvalent est aussi adapt\u00e9 \u00e0 la couture de v\u00eatements r\u00e9versibles.<\/p>\n","protected":false},"excerpt":{"rendered":"<p>Pied 71 rabatteur, r\u00e9ducteur 8mm (2\u00a0\u00e9tapes)\u00a0tissus \u00e9pais\u00a0BERNINA Le pied r\u00e9ducteur 8 mm permet de piquer avec pr\u00e9cision des coutures rabattues et plates sur des tissus \u00e9pais. La patte angulaire \u00e0 droite du pied sert \u00e0 guider les bords rabattus pour les v\u00eatements de sport, les jeans et les chemises hommes. Une petite pelle plac\u00e9e sur&hellip;<\/p>\n","protected":false},"featured_media":2518,"comment_status":"open","ping_status":"closed","template":"","meta":{"om_disable_all_campaigns":false,"_monsterinsights_skip_tracking":false,"_monsterinsights_sitenote_active":false,"_monsterinsights_sitenote_note":"","_monsterinsights_sitenote_category":0,"_uf_show_specific_survey":0,"_uf_disable_surveys":false},"product_brand":[],"product_cat":[42,44,240,209],"product_tag":[125],"giftcard-category":[],"class_list":{"0":"post-788","1":"product","2":"type-product","3":"status-publish","4":"has-post-thumbnail","6":"product_cat-accesoires","7":"product_cat-machine-a-coudre","8":"product_cat-pieds-presseurs","9":"product_cat-pied-a-rouleaux","10":"product_tag-bernina","12":"first","13":"instock","14":"sale","15":"shipping-taxable","16":"purchasable","17":"product-type-simple"},"aioseo_notices":[],"jetpack_sharing_enabled":true,"_links":{"self":[{"href":"https:\/\/berninabrussels.be\/index.php?rest_route=\/wp\/v2\/product\/788","targetHints":{"allow":["GET"]}}],"collection":[{"href":"https:\/\/berninabrussels.be\/index.php?rest_route=\/wp\/v2\/product"}],"about":[{"href":"https:\/\/berninabrussels.be\/index.php?rest_route=\/wp\/v2\/types\/product"}],"replies":[{"embeddable":true,"href":"https:\/\/berninabrussels.be\/index.php?rest_route=%2Fwp%2Fv2%2Fcomments&post=788"}],"wp:featuredmedia":[{"embeddable":true,"href":"https:\/\/berninabrussels.be\/index.php?rest_route=\/wp\/v2\/media\/2518"}],"wp:attachment":[{"href":"https:\/\/berninabrussels.be\/index.php?rest_route=%2Fwp%2Fv2%2Fmedia&parent=788"}],"wp:term":[{"taxonomy":"product_brand","embeddable":true,"href":"https:\/\/berninabrussels.be\/index.php?rest_route=%2Fwp%2Fv2%2Fproduct_brand&post=788"},{"taxonomy":"product_cat","embeddable":true,"href":"https:\/\/berninabrussels.be\/index.php?rest_route=%2Fwp%2Fv2%2Fproduct_cat&post=788"},{"taxonomy":"product_tag","embeddable":true,"href":"https:\/\/berninabrussels.be\/index.php?rest_route=%2Fwp%2Fv2%2Fproduct_tag&post=788"},{"taxonomy":"giftcard-category","embeddable":true,"href":"https:\/\/berninabrussels.be\/index.php?rest_route=%2Fwp%2Fv2%2Fgiftcard-category&post=788"}],"curies":[{"name":"wp","href":"https:\/\/api.w.org\/{rel}","templated":true}]}}