{"id":784,"date":"2023-05-08T16:54:55","date_gmt":"2023-05-08T14:54:55","guid":{"rendered":"https:\/\/berninabrussels.be\/?post_type=product&#038;p=784"},"modified":"2023-05-17T10:58:48","modified_gmt":"2023-05-17T08:58:48","slug":"pied-fermeture-glissiere-guide-14","status":"publish","type":"product","link":"https:\/\/berninabrussels.be\/?product=pied-fermeture-glissiere-guide-14","title":{"rendered":"Pied fermeture glissi\u00e8re + guide 14"},"content":{"rendered":"<h3>Pied 14 fermeture glissi\u00e8re avec guide (r\u00e9glable)\u00a0BERNINA<\/h3>\n<p align=\"left\">Le pied pour fermeture \u00e0 glissi\u00e8re est d\u2019une n\u00e9cessit\u00e9 indiscutable puisqu\u2019il vous aide dans la pose de fermeture \u00e0 glissi\u00e8re. Lorsque vous fixez une fermeture \u00e0 glissi\u00e8re, il est imp\u00e9ratif de piquer juste \u00e0 droite des dents. Cette contrainte est facile \u00e0 respecter avec le pied pour fermeture \u00e0 glissi\u00e8re.<\/p>\n<p align=\"left\">Gr\u00e2ce \u00e0 sa forme \u00e9troite, le pied pour fermeture \u00e0 glissi\u00e8re peut aussi \u00eatre utilis\u00e9 pour coudre des passepoils ou de bandes de boutons pression ainsi que pour surpiquer de rebords.<\/p>\n","protected":false},"excerpt":{"rendered":"<p>Pied 14 fermeture glissi\u00e8re avec guide (r\u00e9glable)\u00a0BERNINA Le pied pour fermeture \u00e0 glissi\u00e8re est d\u2019une n\u00e9cessit\u00e9 indiscutable puisqu\u2019il vous aide dans la pose de fermeture \u00e0 glissi\u00e8re. Lorsque vous fixez une fermeture \u00e0 glissi\u00e8re, il est imp\u00e9ratif de piquer juste \u00e0 droite des dents. Cette contrainte est facile \u00e0 respecter avec le pied pour fermeture&hellip;<\/p>\n","protected":false},"featured_media":2540,"comment_status":"open","ping_status":"closed","template":"","meta":{"om_disable_all_campaigns":false,"_monsterinsights_skip_tracking":false,"_monsterinsights_sitenote_active":false,"_monsterinsights_sitenote_note":"","_monsterinsights_sitenote_category":0,"_uf_show_specific_survey":0,"_uf_disable_surveys":false},"product_brand":[],"product_cat":[42,44,240,191],"product_tag":[125],"giftcard-category":[],"class_list":{"0":"post-784","1":"product","2":"type-product","3":"status-publish","4":"has-post-thumbnail","6":"product_cat-accesoires","7":"product_cat-machine-a-coudre","8":"product_cat-pieds-presseurs","9":"product_cat-pied-fermeture-a-glissiere","10":"product_tag-bernina","12":"first","13":"instock","14":"sale","15":"shipping-taxable","16":"purchasable","17":"product-type-simple"},"aioseo_notices":[],"jetpack_sharing_enabled":true,"_links":{"self":[{"href":"https:\/\/berninabrussels.be\/index.php?rest_route=\/wp\/v2\/product\/784","targetHints":{"allow":["GET"]}}],"collection":[{"href":"https:\/\/berninabrussels.be\/index.php?rest_route=\/wp\/v2\/product"}],"about":[{"href":"https:\/\/berninabrussels.be\/index.php?rest_route=\/wp\/v2\/types\/product"}],"replies":[{"embeddable":true,"href":"https:\/\/berninabrussels.be\/index.php?rest_route=%2Fwp%2Fv2%2Fcomments&post=784"}],"wp:featuredmedia":[{"embeddable":true,"href":"https:\/\/berninabrussels.be\/index.php?rest_route=\/wp\/v2\/media\/2540"}],"wp:attachment":[{"href":"https:\/\/berninabrussels.be\/index.php?rest_route=%2Fwp%2Fv2%2Fmedia&parent=784"}],"wp:term":[{"taxonomy":"product_brand","embeddable":true,"href":"https:\/\/berninabrussels.be\/index.php?rest_route=%2Fwp%2Fv2%2Fproduct_brand&post=784"},{"taxonomy":"product_cat","embeddable":true,"href":"https:\/\/berninabrussels.be\/index.php?rest_route=%2Fwp%2Fv2%2Fproduct_cat&post=784"},{"taxonomy":"product_tag","embeddable":true,"href":"https:\/\/berninabrussels.be\/index.php?rest_route=%2Fwp%2Fv2%2Fproduct_tag&post=784"},{"taxonomy":"giftcard-category","embeddable":true,"href":"https:\/\/berninabrussels.be\/index.php?rest_route=%2Fwp%2Fv2%2Fgiftcard-category&post=784"}],"curies":[{"name":"wp","href":"https:\/\/api.w.org\/{rel}","templated":true}]}}