{"id":782,"date":"2023-05-08T16:51:50","date_gmt":"2023-05-08T14:51:50","guid":{"rendered":"https:\/\/berninabrussels.be\/?post_type=product&#038;p=782"},"modified":"2023-05-17T10:55:36","modified_gmt":"2023-05-17T08:55:36","slug":"pied-ourlet-invisible-05-2","status":"publish","type":"product","link":"https:\/\/berninabrussels.be\/?product=pied-ourlet-invisible-05-2","title":{"rendered":"Pied ourlet invisible 05"},"content":{"rendered":"<h3>Pied 05 ourlet invisible\u00a0BERNINA<\/h3>\n<p align=\"left\">Le pied pour ourlet invisible est parfait pour les ourlets invisibles. Coudre \u00e0 la main n\u2019est plus n\u00e9cessaire !<\/p>\n<p align=\"left\">Il rend les points situ\u00e9s sur l&rsquo;endroit quasiment ind\u00e9tectables.<\/p>\n<p align=\"left\">Il ex\u00e9cute \u00e9galement des surpiq\u00fbres parfaites \u00e0 gauche.\u00a0Il est adapt\u00e9 \u00e0 presque tous les types de tissus.<\/p>\n","protected":false},"excerpt":{"rendered":"<p>Pied 05 ourlet invisible\u00a0BERNINA Le pied pour ourlet invisible est parfait pour les ourlets invisibles. Coudre \u00e0 la main n\u2019est plus n\u00e9cessaire ! Il rend les points situ\u00e9s sur l&rsquo;endroit quasiment ind\u00e9tectables. Il ex\u00e9cute \u00e9galement des surpiq\u00fbres parfaites \u00e0 gauche.\u00a0Il est adapt\u00e9 \u00e0 presque tous les types de tissus.<\/p>\n","protected":false},"featured_media":2535,"comment_status":"open","ping_status":"closed","template":"","meta":{"om_disable_all_campaigns":false,"_monsterinsights_skip_tracking":false,"_monsterinsights_sitenote_active":false,"_monsterinsights_sitenote_note":"","_monsterinsights_sitenote_category":0,"_uf_show_specific_survey":0,"_uf_disable_surveys":false},"product_brand":[],"product_cat":[42,44,240,194],"product_tag":[125],"giftcard-category":[],"class_list":{"0":"post-782","1":"product","2":"type-product","3":"status-publish","4":"has-post-thumbnail","6":"product_cat-accesoires","7":"product_cat-machine-a-coudre","8":"product_cat-pieds-presseurs","9":"product_cat-pied-ourleur","10":"product_tag-bernina","12":"first","13":"instock","14":"sale","15":"shipping-taxable","16":"purchasable","17":"product-type-simple"},"aioseo_notices":[],"jetpack_sharing_enabled":true,"_links":{"self":[{"href":"https:\/\/berninabrussels.be\/index.php?rest_route=\/wp\/v2\/product\/782","targetHints":{"allow":["GET"]}}],"collection":[{"href":"https:\/\/berninabrussels.be\/index.php?rest_route=\/wp\/v2\/product"}],"about":[{"href":"https:\/\/berninabrussels.be\/index.php?rest_route=\/wp\/v2\/types\/product"}],"replies":[{"embeddable":true,"href":"https:\/\/berninabrussels.be\/index.php?rest_route=%2Fwp%2Fv2%2Fcomments&post=782"}],"wp:featuredmedia":[{"embeddable":true,"href":"https:\/\/berninabrussels.be\/index.php?rest_route=\/wp\/v2\/media\/2535"}],"wp:attachment":[{"href":"https:\/\/berninabrussels.be\/index.php?rest_route=%2Fwp%2Fv2%2Fmedia&parent=782"}],"wp:term":[{"taxonomy":"product_brand","embeddable":true,"href":"https:\/\/berninabrussels.be\/index.php?rest_route=%2Fwp%2Fv2%2Fproduct_brand&post=782"},{"taxonomy":"product_cat","embeddable":true,"href":"https:\/\/berninabrussels.be\/index.php?rest_route=%2Fwp%2Fv2%2Fproduct_cat&post=782"},{"taxonomy":"product_tag","embeddable":true,"href":"https:\/\/berninabrussels.be\/index.php?rest_route=%2Fwp%2Fv2%2Fproduct_tag&post=782"},{"taxonomy":"giftcard-category","embeddable":true,"href":"https:\/\/berninabrussels.be\/index.php?rest_route=%2Fwp%2Fv2%2Fgiftcard-category&post=782"}],"curies":[{"name":"wp","href":"https:\/\/api.w.org\/{rel}","templated":true}]}}