{"id":778,"date":"2023-05-08T16:40:04","date_gmt":"2023-05-08T14:40:04","guid":{"rendered":"https:\/\/berninabrussels.be\/?post_type=product&#038;p=778"},"modified":"2023-05-08T16:43:26","modified_gmt":"2023-05-08T14:43:26","slug":"pied-16c-fronceur-large","status":"publish","type":"product","link":"https:\/\/berninabrussels.be\/?product=pied-16c-fronceur-large","title":{"rendered":"Pied 16C fronceur large"},"content":{"rendered":"<h3>Pied 16 fronceur\u00a0BERNINA<\/h3>\n<p align=\"left\">Le pied pour fronces est con\u00e7u pour froncer des tissus l\u00e9gers \u00e0 mi-lourds. Le tissu est entra\u00een\u00e9 de fa\u00e7on irr\u00e9guli\u00e8re durant la couture, ce qui lui conf\u00e8re ces fronces caract\u00e9ristiques.<\/p>\n<p align=\"left\">La rainure sp\u00e9ciale du pied pour fronces permet \u00e9galement de froncer un tissu et de le coudre en m\u00eame temps sur un tissu lisse. Le tissu lisse est ins\u00e9r\u00e9 dans la rainure, ce qui garantit qu&rsquo;il ne sera pas fronc\u00e9 en m\u00eame temps.<\/p>\n","protected":false},"excerpt":{"rendered":"<p>Pied 16 fronceur\u00a0BERNINA Le pied pour fronces est con\u00e7u pour froncer des tissus l\u00e9gers \u00e0 mi-lourds. Le tissu est entra\u00een\u00e9 de fa\u00e7on irr\u00e9guli\u00e8re durant la couture, ce qui lui conf\u00e8re ces fronces caract\u00e9ristiques. La rainure sp\u00e9ciale du pied pour fronces permet \u00e9galement de froncer un tissu et de le coudre en m\u00eame temps sur un&hellip;<\/p>\n","protected":false},"featured_media":779,"comment_status":"open","ping_status":"closed","template":"","meta":{"om_disable_all_campaigns":false,"_monsterinsights_skip_tracking":false,"_monsterinsights_sitenote_active":false,"_monsterinsights_sitenote_note":"","_monsterinsights_sitenote_category":0,"_uf_show_specific_survey":0,"_uf_disable_surveys":false},"product_brand":[],"product_cat":[195],"product_tag":[125],"giftcard-category":[],"class_list":{"0":"post-778","1":"product","2":"type-product","3":"status-publish","4":"has-post-thumbnail","6":"product_cat-pied-fronceur","7":"product_tag-bernina","9":"first","10":"instock","11":"sale","12":"shipping-taxable","13":"purchasable","14":"product-type-simple"},"aioseo_notices":[],"jetpack_sharing_enabled":true,"_links":{"self":[{"href":"https:\/\/berninabrussels.be\/index.php?rest_route=\/wp\/v2\/product\/778","targetHints":{"allow":["GET"]}}],"collection":[{"href":"https:\/\/berninabrussels.be\/index.php?rest_route=\/wp\/v2\/product"}],"about":[{"href":"https:\/\/berninabrussels.be\/index.php?rest_route=\/wp\/v2\/types\/product"}],"replies":[{"embeddable":true,"href":"https:\/\/berninabrussels.be\/index.php?rest_route=%2Fwp%2Fv2%2Fcomments&post=778"}],"wp:featuredmedia":[{"embeddable":true,"href":"https:\/\/berninabrussels.be\/index.php?rest_route=\/wp\/v2\/media\/779"}],"wp:attachment":[{"href":"https:\/\/berninabrussels.be\/index.php?rest_route=%2Fwp%2Fv2%2Fmedia&parent=778"}],"wp:term":[{"taxonomy":"product_brand","embeddable":true,"href":"https:\/\/berninabrussels.be\/index.php?rest_route=%2Fwp%2Fv2%2Fproduct_brand&post=778"},{"taxonomy":"product_cat","embeddable":true,"href":"https:\/\/berninabrussels.be\/index.php?rest_route=%2Fwp%2Fv2%2Fproduct_cat&post=778"},{"taxonomy":"product_tag","embeddable":true,"href":"https:\/\/berninabrussels.be\/index.php?rest_route=%2Fwp%2Fv2%2Fproduct_tag&post=778"},{"taxonomy":"giftcard-category","embeddable":true,"href":"https:\/\/berninabrussels.be\/index.php?rest_route=%2Fwp%2Fv2%2Fgiftcard-category&post=778"}],"curies":[{"name":"wp","href":"https:\/\/api.w.org\/{rel}","templated":true}]}}