{"id":774,"date":"2023-05-08T16:34:05","date_gmt":"2023-05-08T14:34:05","guid":{"rendered":"https:\/\/berninabrussels.be\/?post_type=product&#038;p=774"},"modified":"2023-05-08T16:36:23","modified_gmt":"2023-05-08T14:36:23","slug":"guide-pied-gradue-pour-cote-droit","status":"publish","type":"product","link":"https:\/\/berninabrussels.be\/?product=guide-pied-gradue-pour-cote-droit","title":{"rendered":"Guide pied gradu\u00e9 pour c\u00f4t\u00e9 droit"},"content":{"rendered":"<h3>Guide tissus couture gradu\u00e9 pour c\u00f4t\u00e9 droit<\/h3>\n<p>Les bords du linge de table ou des housses d&rsquo;oreillers sont difficiles \u00e0 r\u00e9aliser ? Ce guide vous permet d&rsquo;attacher un bord courbe \u00e0 un bord droit en utilisant un programme de Surfil 4 fils.<\/p>\n<p>Le guide tissus se fixe tr\u00e8s ais\u00e9ment au niveau du trou du pied-de-biche ou d&rsquo;un support suivant la machine \u00e0 l&rsquo;aide d&rsquo;une vis.\u00a0Le guide tissus rend la piq\u00fbre de couture \u00e0 \u00e9carts constants tr\u00e8s facile. Vous pourrez donc r\u00e9aliser des bords et des ourlets pr\u00e9cis et r\u00e9guliers sur des ouvrages de couture complexes.<\/p>\n<p>Vos ouvrages seront tout simplement magnifiques !<\/p>\n","protected":false},"excerpt":{"rendered":"<p>Guide tissus couture gradu\u00e9 pour c\u00f4t\u00e9 droit Les bords du linge de table ou des housses d&rsquo;oreillers sont difficiles \u00e0 r\u00e9aliser ? Ce guide vous permet d&rsquo;attacher un bord courbe \u00e0 un bord droit en utilisant un programme de Surfil 4 fils. Le guide tissus se fixe tr\u00e8s ais\u00e9ment au niveau du trou du pied-de-biche&hellip;<\/p>\n","protected":false},"featured_media":775,"comment_status":"open","ping_status":"closed","template":"","meta":{"om_disable_all_campaigns":false,"_monsterinsights_skip_tracking":false,"_monsterinsights_sitenote_active":false,"_monsterinsights_sitenote_note":"","_monsterinsights_sitenote_category":0,"_uf_show_specific_survey":0,"_uf_disable_surveys":false},"product_brand":[],"product_cat":[180],"product_tag":[125],"giftcard-category":[],"class_list":{"0":"post-774","1":"product","2":"type-product","3":"status-publish","4":"has-post-thumbnail","6":"product_cat-guide-couture","7":"product_tag-bernina","9":"first","10":"instock","11":"sale","12":"shipping-taxable","13":"purchasable","14":"product-type-simple"},"aioseo_notices":[],"jetpack_sharing_enabled":true,"_links":{"self":[{"href":"https:\/\/berninabrussels.be\/index.php?rest_route=\/wp\/v2\/product\/774","targetHints":{"allow":["GET"]}}],"collection":[{"href":"https:\/\/berninabrussels.be\/index.php?rest_route=\/wp\/v2\/product"}],"about":[{"href":"https:\/\/berninabrussels.be\/index.php?rest_route=\/wp\/v2\/types\/product"}],"replies":[{"embeddable":true,"href":"https:\/\/berninabrussels.be\/index.php?rest_route=%2Fwp%2Fv2%2Fcomments&post=774"}],"wp:featuredmedia":[{"embeddable":true,"href":"https:\/\/berninabrussels.be\/index.php?rest_route=\/wp\/v2\/media\/775"}],"wp:attachment":[{"href":"https:\/\/berninabrussels.be\/index.php?rest_route=%2Fwp%2Fv2%2Fmedia&parent=774"}],"wp:term":[{"taxonomy":"product_brand","embeddable":true,"href":"https:\/\/berninabrussels.be\/index.php?rest_route=%2Fwp%2Fv2%2Fproduct_brand&post=774"},{"taxonomy":"product_cat","embeddable":true,"href":"https:\/\/berninabrussels.be\/index.php?rest_route=%2Fwp%2Fv2%2Fproduct_cat&post=774"},{"taxonomy":"product_tag","embeddable":true,"href":"https:\/\/berninabrussels.be\/index.php?rest_route=%2Fwp%2Fv2%2Fproduct_tag&post=774"},{"taxonomy":"giftcard-category","embeddable":true,"href":"https:\/\/berninabrussels.be\/index.php?rest_route=%2Fwp%2Fv2%2Fgiftcard-category&post=774"}],"curies":[{"name":"wp","href":"https:\/\/api.w.org\/{rel}","templated":true}]}}