{"id":772,"date":"2023-05-08T16:32:37","date_gmt":"2023-05-08T14:32:37","guid":{"rendered":"https:\/\/berninabrussels.be\/?post_type=product&#038;p=772"},"modified":"2023-05-08T16:33:59","modified_gmt":"2023-05-08T14:33:59","slug":"guide-droit-couture-matelassage","status":"publish","type":"product","link":"https:\/\/berninabrussels.be\/?product=guide-droit-couture-matelassage","title":{"rendered":"Guide droit couture, matelassage"},"content":{"rendered":"<h3>Guide droit couture BERNINA<\/h3>\n<div align=\"left\">Le guide droit et gauche se fixe tr\u00e8s ais\u00e9ment au niveau du trou du pied-de-biche \u00e0 l&rsquo;aide d&rsquo;une vis. Ce guide peut aussi bien \u00eatre install\u00e9 \u00e0 gauche qu&rsquo;\u00e0 droite de l&rsquo;aiguille. Le guide droit et gauche rend la piq\u00fbre de couture \u00e0 \u00e9carts constants tr\u00e8s facile. Vous pourrez donc r\u00e9aliser des bords et des ourlets pr\u00e9cis et r\u00e9guliers sur des ouvrages de couture complexes.<\/div>\n<div><\/div>\n<div align=\"left\">Afin d&rsquo;effectuer des coutures professionnelles parall\u00e8les, vous trouverez un guide avec graduation dans les accessoires sp\u00e9ciaux pour la couture BERNINA. Il est lui aussi disponible dans des variantes pouvant se placer \u00e0 droite ou \u00e0 gauche de l&rsquo;aiguille. Avec la graduation en centim\u00e8tre et en pouces, piquer des coutures \u00e0 un \u00e9cart fixe et exact est \u00e0 la port\u00e9e de tous ! Vos ouvrages seront tout simplement magnifiques!<\/div>\n<div align=\"left\"><\/div>\n<div align=\"left\"><\/div>\n<div align=\"left\">Le guide pour matelassage en ligne droite est utilis\u00e9 pour les larges rentr\u00e9s, les nervures, les surpiq\u00fbres ou le matelassage en parall\u00e8le.?<\/div>\n","protected":false},"excerpt":{"rendered":"<p>Guide droit couture BERNINA Le guide droit et gauche se fixe tr\u00e8s ais\u00e9ment au niveau du trou du pied-de-biche \u00e0 l&rsquo;aide d&rsquo;une vis. Ce guide peut aussi bien \u00eatre install\u00e9 \u00e0 gauche qu&rsquo;\u00e0 droite de l&rsquo;aiguille. Le guide droit et gauche rend la piq\u00fbre de couture \u00e0 \u00e9carts constants tr\u00e8s facile. Vous pourrez donc r\u00e9aliser&hellip;<\/p>\n","protected":false},"featured_media":773,"comment_status":"open","ping_status":"closed","template":"","meta":{"om_disable_all_campaigns":false,"_monsterinsights_skip_tracking":false,"_monsterinsights_sitenote_active":false,"_monsterinsights_sitenote_note":"","_monsterinsights_sitenote_category":0,"_uf_show_specific_survey":0,"_uf_disable_surveys":false},"product_brand":[],"product_cat":[180],"product_tag":[125],"giftcard-category":[],"class_list":{"0":"post-772","1":"product","2":"type-product","3":"status-publish","4":"has-post-thumbnail","6":"product_cat-guide-couture","7":"product_tag-bernina","9":"first","10":"instock","11":"sale","12":"shipping-taxable","13":"purchasable","14":"product-type-simple"},"aioseo_notices":[],"jetpack_sharing_enabled":true,"_links":{"self":[{"href":"https:\/\/berninabrussels.be\/index.php?rest_route=\/wp\/v2\/product\/772","targetHints":{"allow":["GET"]}}],"collection":[{"href":"https:\/\/berninabrussels.be\/index.php?rest_route=\/wp\/v2\/product"}],"about":[{"href":"https:\/\/berninabrussels.be\/index.php?rest_route=\/wp\/v2\/types\/product"}],"replies":[{"embeddable":true,"href":"https:\/\/berninabrussels.be\/index.php?rest_route=%2Fwp%2Fv2%2Fcomments&post=772"}],"wp:featuredmedia":[{"embeddable":true,"href":"https:\/\/berninabrussels.be\/index.php?rest_route=\/wp\/v2\/media\/773"}],"wp:attachment":[{"href":"https:\/\/berninabrussels.be\/index.php?rest_route=%2Fwp%2Fv2%2Fmedia&parent=772"}],"wp:term":[{"taxonomy":"product_brand","embeddable":true,"href":"https:\/\/berninabrussels.be\/index.php?rest_route=%2Fwp%2Fv2%2Fproduct_brand&post=772"},{"taxonomy":"product_cat","embeddable":true,"href":"https:\/\/berninabrussels.be\/index.php?rest_route=%2Fwp%2Fv2%2Fproduct_cat&post=772"},{"taxonomy":"product_tag","embeddable":true,"href":"https:\/\/berninabrussels.be\/index.php?rest_route=%2Fwp%2Fv2%2Fproduct_tag&post=772"},{"taxonomy":"giftcard-category","embeddable":true,"href":"https:\/\/berninabrussels.be\/index.php?rest_route=%2Fwp%2Fv2%2Fgiftcard-category&post=772"}],"curies":[{"name":"wp","href":"https:\/\/api.w.org\/{rel}","templated":true}]}}