{"id":770,"date":"2023-05-08T16:30:22","date_gmt":"2023-05-08T14:30:22","guid":{"rendered":"https:\/\/berninabrussels.be\/?post_type=product&#038;p=770"},"modified":"2023-05-17T10:49:29","modified_gmt":"2023-05-17T08:49:29","slug":"pied-34-zigzag-multi-usage-55-mm","status":"publish","type":"product","link":"https:\/\/berninabrussels.be\/?product=pied-34-zigzag-multi-usage-55-mm","title":{"rendered":"Pied 34 Zigzag, multi usage 5,5 mm"},"content":{"rendered":"<h3>Pied pour points en marche arri\u00e8re #34 5,5 mm BERNINA<\/h3>\n<h3>avec semelle transparente<\/h3>\n<p>Le pied pour points en marche arri\u00e8re avec semelle transparente offre une enti\u00e8re visibilit\u00e9 sur l&rsquo;aiguille et la zone de piq\u00fbre.<\/p>\n<p>Les rep\u00e8res rouges plac\u00e9s sur la face sup\u00e9rieure du pied permettent de coudre avec pr\u00e9cision et minutie. Le pied pour points en marche arri\u00e8re avec semelle transparente #34 est un pied aux fonctions multiples. Il est le pied ad\u00e9quat pour de nombreux points utilitaires et d&rsquo;ornement s&rsquo;ex\u00e9cutant en marche avant ou arri\u00e8re. Son utilisation est fort appr\u00e9ci\u00e9e pour les ouvrages courants, de petite ou grand envergure.<\/p>\n<p>&nbsp;<\/p>\n","protected":false},"excerpt":{"rendered":"<p>Pied pour points en marche arri\u00e8re #34 5,5 mm BERNINA avec semelle transparente Le pied pour points en marche arri\u00e8re avec semelle transparente offre une enti\u00e8re visibilit\u00e9 sur l&rsquo;aiguille et la zone de piq\u00fbre. Les rep\u00e8res rouges plac\u00e9s sur la face sup\u00e9rieure du pied permettent de coudre avec pr\u00e9cision et minutie. Le pied pour points&hellip;<\/p>\n","protected":false},"featured_media":2524,"comment_status":"open","ping_status":"closed","template":"","meta":{"om_disable_all_campaigns":false,"_monsterinsights_skip_tracking":false,"_monsterinsights_sitenote_active":false,"_monsterinsights_sitenote_note":"","_monsterinsights_sitenote_category":0,"_uf_show_specific_survey":0,"_uf_disable_surveys":false},"product_brand":[],"product_cat":[42,44,240,189],"product_tag":[125],"giftcard-category":[],"class_list":{"0":"post-770","1":"product","2":"type-product","3":"status-publish","4":"has-post-thumbnail","6":"product_cat-accesoires","7":"product_cat-machine-a-coudre","8":"product_cat-pieds-presseurs","9":"product_cat-pied-zig-zag","10":"product_tag-bernina","12":"first","13":"instock","14":"sale","15":"shipping-taxable","16":"purchasable","17":"product-type-simple"},"aioseo_notices":[],"jetpack_sharing_enabled":true,"_links":{"self":[{"href":"https:\/\/berninabrussels.be\/index.php?rest_route=\/wp\/v2\/product\/770","targetHints":{"allow":["GET"]}}],"collection":[{"href":"https:\/\/berninabrussels.be\/index.php?rest_route=\/wp\/v2\/product"}],"about":[{"href":"https:\/\/berninabrussels.be\/index.php?rest_route=\/wp\/v2\/types\/product"}],"replies":[{"embeddable":true,"href":"https:\/\/berninabrussels.be\/index.php?rest_route=%2Fwp%2Fv2%2Fcomments&post=770"}],"wp:featuredmedia":[{"embeddable":true,"href":"https:\/\/berninabrussels.be\/index.php?rest_route=\/wp\/v2\/media\/2524"}],"wp:attachment":[{"href":"https:\/\/berninabrussels.be\/index.php?rest_route=%2Fwp%2Fv2%2Fmedia&parent=770"}],"wp:term":[{"taxonomy":"product_brand","embeddable":true,"href":"https:\/\/berninabrussels.be\/index.php?rest_route=%2Fwp%2Fv2%2Fproduct_brand&post=770"},{"taxonomy":"product_cat","embeddable":true,"href":"https:\/\/berninabrussels.be\/index.php?rest_route=%2Fwp%2Fv2%2Fproduct_cat&post=770"},{"taxonomy":"product_tag","embeddable":true,"href":"https:\/\/berninabrussels.be\/index.php?rest_route=%2Fwp%2Fv2%2Fproduct_tag&post=770"},{"taxonomy":"giftcard-category","embeddable":true,"href":"https:\/\/berninabrussels.be\/index.php?rest_route=%2Fwp%2Fv2%2Fgiftcard-category&post=770"}],"curies":[{"name":"wp","href":"https:\/\/api.w.org\/{rel}","templated":true}]}}