{"id":766,"date":"2023-05-08T16:26:30","date_gmt":"2023-05-08T14:26:30","guid":{"rendered":"https:\/\/berninabrussels.be\/?post_type=product&#038;p=766"},"modified":"2023-05-08T16:28:00","modified_gmt":"2023-05-08T14:28:00","slug":"pied-nervures-elastiques-3-rainures-30","status":"publish","type":"product","link":"https:\/\/berninabrussels.be\/?product=pied-nervures-elastiques-3-rainures-30","title":{"rendered":"Pied nervures, \u00e9lastiques 3 rainures 30"},"content":{"rendered":"<h3>Pied 30 nervures, \u00e9lastique 3 rainures<\/h3>\n<p align=\"left\">Le pied pour nervures \u00e0 3 rainures est un pied-de-biche polyvalent permettant de coudre de magnifiques nervures.<\/p>\n<p align=\"left\">Il est aussi l&rsquo;outil id\u00e9al pour appliquer des mini passepoils, pour froncer avec un \u00e9lastique et poser des galons. Le pied pour nervures \u00e0 3 rainures est utilis\u00e9 avec les tissus \u00e9pais et lourds comme le jean, le lin utilis\u00e9 pour les costumes ou les tissus d&rsquo;ameublement.<\/p>\n<p align=\"left\">Ses rainures permettent de piquer des nervures parall\u00e8les nettes et r\u00e9guli\u00e8res. Pratique, l&rsquo;enfoncement au centre du pied conf\u00e8re une bonne visibilit\u00e9 sur la zone de piq\u00fbre.<\/p>\n","protected":false},"excerpt":{"rendered":"<p>Pied 30 nervures, \u00e9lastique 3 rainures Le pied pour nervures \u00e0 3 rainures est un pied-de-biche polyvalent permettant de coudre de magnifiques nervures. Il est aussi l&rsquo;outil id\u00e9al pour appliquer des mini passepoils, pour froncer avec un \u00e9lastique et poser des galons. Le pied pour nervures \u00e0 3 rainures est utilis\u00e9 avec les tissus \u00e9pais&hellip;<\/p>\n","protected":false},"featured_media":767,"comment_status":"open","ping_status":"closed","template":"","meta":{"om_disable_all_campaigns":false,"_monsterinsights_skip_tracking":false,"_monsterinsights_sitenote_active":false,"_monsterinsights_sitenote_note":"","_monsterinsights_sitenote_category":0,"_uf_show_specific_survey":0,"_uf_disable_surveys":false},"product_brand":[],"product_cat":[208],"product_tag":[125],"giftcard-category":[],"class_list":{"0":"post-766","1":"product","2":"type-product","3":"status-publish","4":"has-post-thumbnail","6":"product_cat-pied-nervure","7":"product_tag-bernina","9":"first","10":"instock","11":"sale","12":"shipping-taxable","13":"purchasable","14":"product-type-simple"},"aioseo_notices":[],"jetpack_sharing_enabled":true,"_links":{"self":[{"href":"https:\/\/berninabrussels.be\/index.php?rest_route=\/wp\/v2\/product\/766","targetHints":{"allow":["GET"]}}],"collection":[{"href":"https:\/\/berninabrussels.be\/index.php?rest_route=\/wp\/v2\/product"}],"about":[{"href":"https:\/\/berninabrussels.be\/index.php?rest_route=\/wp\/v2\/types\/product"}],"replies":[{"embeddable":true,"href":"https:\/\/berninabrussels.be\/index.php?rest_route=%2Fwp%2Fv2%2Fcomments&post=766"}],"wp:featuredmedia":[{"embeddable":true,"href":"https:\/\/berninabrussels.be\/index.php?rest_route=\/wp\/v2\/media\/767"}],"wp:attachment":[{"href":"https:\/\/berninabrussels.be\/index.php?rest_route=%2Fwp%2Fv2%2Fmedia&parent=766"}],"wp:term":[{"taxonomy":"product_brand","embeddable":true,"href":"https:\/\/berninabrussels.be\/index.php?rest_route=%2Fwp%2Fv2%2Fproduct_brand&post=766"},{"taxonomy":"product_cat","embeddable":true,"href":"https:\/\/berninabrussels.be\/index.php?rest_route=%2Fwp%2Fv2%2Fproduct_cat&post=766"},{"taxonomy":"product_tag","embeddable":true,"href":"https:\/\/berninabrussels.be\/index.php?rest_route=%2Fwp%2Fv2%2Fproduct_tag&post=766"},{"taxonomy":"giftcard-category","embeddable":true,"href":"https:\/\/berninabrussels.be\/index.php?rest_route=%2Fwp%2Fv2%2Fgiftcard-category&post=766"}],"curies":[{"name":"wp","href":"https:\/\/api.w.org\/{rel}","templated":true}]}}