{"id":760,"date":"2023-05-08T16:21:58","date_gmt":"2023-05-08T14:21:58","guid":{"rendered":"https:\/\/berninabrussels.be\/?post_type=product&#038;p=760"},"modified":"2023-05-17T10:47:50","modified_gmt":"2023-05-17T08:47:50","slug":"pied-pour-coudre-les-boutons-18","status":"publish","type":"product","link":"https:\/\/berninabrussels.be\/?product=pied-pour-coudre-les-boutons-18","title":{"rendered":"Pied pour coudre les boutons 18"},"content":{"rendered":"<h3>Pied 18 pour coudre les boutons\u00a0BERNINA<\/h3>\n<p align=\"left\">Le pied pour boutons permet de coudre boutons et boutons-pression. Sa semelle anti-glissement (non-incluse) maintient le bouton \u00e0 la place d\u00e9sir\u00e9e pendant la piq\u00fbre.<\/p>\n<p align=\"left\">Gr\u00e2ce \u00e0 la tige centrale, il est possible de r\u00e9gler la hauteur de l&rsquo;espace situ\u00e9 entre le bouton et le tissu, pour cr\u00e9er une petite queue et faciliter ainsi le boutonnage et \u00e9viter que le bouton soit trop serr\u00e9 au tissu.<\/p>\n","protected":false},"excerpt":{"rendered":"<p>Pied 18 pour coudre les boutons\u00a0BERNINA Le pied pour boutons permet de coudre boutons et boutons-pression. Sa semelle anti-glissement (non-incluse) maintient le bouton \u00e0 la place d\u00e9sir\u00e9e pendant la piq\u00fbre. Gr\u00e2ce \u00e0 la tige centrale, il est possible de r\u00e9gler la hauteur de l&rsquo;espace situ\u00e9 entre le bouton et le tissu, pour cr\u00e9er une petite&hellip;<\/p>\n","protected":false},"featured_media":2521,"comment_status":"open","ping_status":"closed","template":"","meta":{"om_disable_all_campaigns":false,"_monsterinsights_skip_tracking":false,"_monsterinsights_sitenote_active":false,"_monsterinsights_sitenote_note":"","_monsterinsights_sitenote_category":0,"_uf_show_specific_survey":0,"_uf_disable_surveys":false},"product_brand":[],"product_cat":[42,44,240,186],"product_tag":[125],"giftcard-category":[],"class_list":{"0":"post-760","1":"product","2":"type-product","3":"status-publish","4":"has-post-thumbnail","6":"product_cat-accesoires","7":"product_cat-machine-a-coudre","8":"product_cat-pieds-presseurs","9":"product_cat-pied-pose-bouton","10":"product_tag-bernina","12":"first","13":"instock","14":"sale","15":"shipping-taxable","16":"purchasable","17":"product-type-simple"},"aioseo_notices":[],"jetpack_sharing_enabled":true,"_links":{"self":[{"href":"https:\/\/berninabrussels.be\/index.php?rest_route=\/wp\/v2\/product\/760","targetHints":{"allow":["GET"]}}],"collection":[{"href":"https:\/\/berninabrussels.be\/index.php?rest_route=\/wp\/v2\/product"}],"about":[{"href":"https:\/\/berninabrussels.be\/index.php?rest_route=\/wp\/v2\/types\/product"}],"replies":[{"embeddable":true,"href":"https:\/\/berninabrussels.be\/index.php?rest_route=%2Fwp%2Fv2%2Fcomments&post=760"}],"wp:featuredmedia":[{"embeddable":true,"href":"https:\/\/berninabrussels.be\/index.php?rest_route=\/wp\/v2\/media\/2521"}],"wp:attachment":[{"href":"https:\/\/berninabrussels.be\/index.php?rest_route=%2Fwp%2Fv2%2Fmedia&parent=760"}],"wp:term":[{"taxonomy":"product_brand","embeddable":true,"href":"https:\/\/berninabrussels.be\/index.php?rest_route=%2Fwp%2Fv2%2Fproduct_brand&post=760"},{"taxonomy":"product_cat","embeddable":true,"href":"https:\/\/berninabrussels.be\/index.php?rest_route=%2Fwp%2Fv2%2Fproduct_cat&post=760"},{"taxonomy":"product_tag","embeddable":true,"href":"https:\/\/berninabrussels.be\/index.php?rest_route=%2Fwp%2Fv2%2Fproduct_tag&post=760"},{"taxonomy":"giftcard-category","embeddable":true,"href":"https:\/\/berninabrussels.be\/index.php?rest_route=%2Fwp%2Fv2%2Fgiftcard-category&post=760"}],"curies":[{"name":"wp","href":"https:\/\/api.w.org\/{rel}","templated":true}]}}