{"id":754,"date":"2023-05-08T16:17:17","date_gmt":"2023-05-08T14:17:17","guid":{"rendered":"https:\/\/berninabrussels.be\/?post_type=product&#038;p=754"},"modified":"2023-05-17T10:57:32","modified_gmt":"2023-05-17T08:57:32","slug":"pied-a-repriser-metal-rond-09","status":"publish","type":"product","link":"https:\/\/berninabrussels.be\/?product=pied-a-repriser-metal-rond-09","title":{"rendered":"Pied \u00e0 repriser m\u00e9tal rond 09"},"content":{"rendered":"<h3>Pied 09 \u00e0 repriser m\u00e9tal rond BERNINA<\/h3>\n<p>Le pied pour reprisage permet de repriser des petites trous et accrocs sans aucun effort. Son m\u00e9canisme oscillant g\u00e9n\u00e9r\u00e9 par un ressort vertical int\u00e9gr\u00e9 appuie sur le tissu. Ainsi, le tissu ne se soul\u00e8ve pas pendant la couture, ce qui garantit la r\u00e9gularit\u00e9 des points.<\/p>\n","protected":false},"excerpt":{"rendered":"<p>Pied 09 \u00e0 repriser m\u00e9tal rond BERNINA Le pied pour reprisage permet de repriser des petites trous et accrocs sans aucun effort. Son m\u00e9canisme oscillant g\u00e9n\u00e9r\u00e9 par un ressort vertical int\u00e9gr\u00e9 appuie sur le tissu. Ainsi, le tissu ne se soul\u00e8ve pas pendant la couture, ce qui garantit la r\u00e9gularit\u00e9 des points.<\/p>\n","protected":false},"featured_media":2538,"comment_status":"open","ping_status":"closed","template":"","meta":{"om_disable_all_campaigns":false,"_monsterinsights_skip_tracking":false,"_monsterinsights_sitenote_active":false,"_monsterinsights_sitenote_note":"","_monsterinsights_sitenote_category":0,"_uf_show_specific_survey":0,"_uf_disable_surveys":false},"product_brand":[],"product_cat":[42,44,240,192],"product_tag":[125],"giftcard-category":[],"class_list":{"0":"post-754","1":"product","2":"type-product","3":"status-publish","4":"has-post-thumbnail","6":"product_cat-accesoires","7":"product_cat-machine-a-coudre","8":"product_cat-pieds-presseurs","9":"product_cat-autres","10":"product_tag-bernina","12":"first","13":"instock","14":"sale","15":"shipping-taxable","16":"purchasable","17":"product-type-simple"},"aioseo_notices":[],"jetpack_sharing_enabled":true,"_links":{"self":[{"href":"https:\/\/berninabrussels.be\/index.php?rest_route=\/wp\/v2\/product\/754","targetHints":{"allow":["GET"]}}],"collection":[{"href":"https:\/\/berninabrussels.be\/index.php?rest_route=\/wp\/v2\/product"}],"about":[{"href":"https:\/\/berninabrussels.be\/index.php?rest_route=\/wp\/v2\/types\/product"}],"replies":[{"embeddable":true,"href":"https:\/\/berninabrussels.be\/index.php?rest_route=%2Fwp%2Fv2%2Fcomments&post=754"}],"wp:featuredmedia":[{"embeddable":true,"href":"https:\/\/berninabrussels.be\/index.php?rest_route=\/wp\/v2\/media\/2538"}],"wp:attachment":[{"href":"https:\/\/berninabrussels.be\/index.php?rest_route=%2Fwp%2Fv2%2Fmedia&parent=754"}],"wp:term":[{"taxonomy":"product_brand","embeddable":true,"href":"https:\/\/berninabrussels.be\/index.php?rest_route=%2Fwp%2Fv2%2Fproduct_brand&post=754"},{"taxonomy":"product_cat","embeddable":true,"href":"https:\/\/berninabrussels.be\/index.php?rest_route=%2Fwp%2Fv2%2Fproduct_cat&post=754"},{"taxonomy":"product_tag","embeddable":true,"href":"https:\/\/berninabrussels.be\/index.php?rest_route=%2Fwp%2Fv2%2Fproduct_tag&post=754"},{"taxonomy":"giftcard-category","embeddable":true,"href":"https:\/\/berninabrussels.be\/index.php?rest_route=%2Fwp%2Fv2%2Fgiftcard-category&post=754"}],"curies":[{"name":"wp","href":"https:\/\/api.w.org\/{rel}","templated":true}]}}