{"id":752,"date":"2023-05-08T16:14:32","date_gmt":"2023-05-08T14:14:32","guid":{"rendered":"https:\/\/berninabrussels.be\/?post_type=product&#038;p=752"},"modified":"2023-05-17T10:51:35","modified_gmt":"2023-05-17T08:51:35","slug":"pied-07-a-flocher-frangemarqueur","status":"publish","type":"product","link":"https:\/\/berninabrussels.be\/?product=pied-07-a-flocher-frangemarqueur","title":{"rendered":"Pied 07 \u00e0 flocher, frange,marqueur"},"content":{"rendered":"<h3>Pied 07 \u00e0 flocher, frange, marqueur\u00a0BERNINA<\/h3>\n<p align=\"left\">Le pied de marquage est aussi bien con\u00e7u pour marquer les lignes de couture que pour coudre de ravissants ornements, des imitations d&rsquo;ourlets \u00e0 jours, des franges ou des motifs 3D.<\/p>\n<p align=\"left\">Lors de l&rsquo;assemblage de deux tissus \u00e0 l&rsquo;aide du pied de marquage, la tension du fil est quelque peu rel\u00e2ch\u00e9e de fa\u00e7on \u00e0 ce que celui-ci puisse facilement passer au-dessus du guide fil plac\u00e9 au centre du pied.<\/p>\n<p align=\"left\">Le point zigzag forme ainsi des boucles l\u00e2ches que le renfoncement en forme de \u00ab\u00a0V\u00a0\u00bb sp\u00e9cialement cr\u00e9\u00e9 pour le pied de marquage font glisser vers l&rsquo;arri\u00e8re.<\/p>\n<p align=\"left\">Une fois la piq\u00fbre achev\u00e9e, le tissu peut \u00eatre d\u00e9licatement ouvert pour d\u00e9voiler des coutures d\u00e9coratives.<\/p>\n","protected":false},"excerpt":{"rendered":"<p>Pied 07 \u00e0 flocher, frange, marqueur\u00a0BERNINA Le pied de marquage est aussi bien con\u00e7u pour marquer les lignes de couture que pour coudre de ravissants ornements, des imitations d&rsquo;ourlets \u00e0 jours, des franges ou des motifs 3D. Lors de l&rsquo;assemblage de deux tissus \u00e0 l&rsquo;aide du pied de marquage, la tension du fil est quelque&hellip;<\/p>\n","protected":false},"featured_media":2528,"comment_status":"open","ping_status":"closed","template":"","meta":{"om_disable_all_campaigns":false,"_monsterinsights_skip_tracking":false,"_monsterinsights_sitenote_active":false,"_monsterinsights_sitenote_note":"","_monsterinsights_sitenote_category":0,"_uf_show_specific_survey":0,"_uf_disable_surveys":false},"product_brand":[],"product_cat":[42,44,240,190],"product_tag":[125],"giftcard-category":[],"class_list":{"0":"post-752","1":"product","2":"type-product","3":"status-publish","4":"has-post-thumbnail","6":"product_cat-accesoires","7":"product_cat-machine-a-coudre","8":"product_cat-pieds-presseurs","9":"product_cat-pied-a-repriser","10":"product_tag-bernina","12":"first","13":"instock","14":"sale","15":"shipping-taxable","16":"purchasable","17":"product-type-simple"},"aioseo_notices":[],"jetpack_sharing_enabled":true,"_links":{"self":[{"href":"https:\/\/berninabrussels.be\/index.php?rest_route=\/wp\/v2\/product\/752","targetHints":{"allow":["GET"]}}],"collection":[{"href":"https:\/\/berninabrussels.be\/index.php?rest_route=\/wp\/v2\/product"}],"about":[{"href":"https:\/\/berninabrussels.be\/index.php?rest_route=\/wp\/v2\/types\/product"}],"replies":[{"embeddable":true,"href":"https:\/\/berninabrussels.be\/index.php?rest_route=%2Fwp%2Fv2%2Fcomments&post=752"}],"wp:featuredmedia":[{"embeddable":true,"href":"https:\/\/berninabrussels.be\/index.php?rest_route=\/wp\/v2\/media\/2528"}],"wp:attachment":[{"href":"https:\/\/berninabrussels.be\/index.php?rest_route=%2Fwp%2Fv2%2Fmedia&parent=752"}],"wp:term":[{"taxonomy":"product_brand","embeddable":true,"href":"https:\/\/berninabrussels.be\/index.php?rest_route=%2Fwp%2Fv2%2Fproduct_brand&post=752"},{"taxonomy":"product_cat","embeddable":true,"href":"https:\/\/berninabrussels.be\/index.php?rest_route=%2Fwp%2Fv2%2Fproduct_cat&post=752"},{"taxonomy":"product_tag","embeddable":true,"href":"https:\/\/berninabrussels.be\/index.php?rest_route=%2Fwp%2Fv2%2Fproduct_tag&post=752"},{"taxonomy":"giftcard-category","embeddable":true,"href":"https:\/\/berninabrussels.be\/index.php?rest_route=%2Fwp%2Fv2%2Fgiftcard-category&post=752"}],"curies":[{"name":"wp","href":"https:\/\/api.w.org\/{rel}","templated":true}]}}