{"id":742,"date":"2023-05-08T16:05:26","date_gmt":"2023-05-08T14:05:26","guid":{"rendered":"https:\/\/berninabrussels.be\/?post_type=product&#038;p=742"},"modified":"2023-05-08T16:07:12","modified_gmt":"2023-05-08T14:07:12","slug":"pied-pose-perles-paillettes-droite-4mm","status":"publish","type":"product","link":"https:\/\/berninabrussels.be\/?product=pied-pose-perles-paillettes-droite-4mm","title":{"rendered":"Pied pose perles, paillettes droite 4mm"},"content":{"rendered":"<h3>Pied pose perles, paillettes droite 4mm<\/h3>\n<p>Ce pied sp\u00e9cial permet de poser des bandes perl\u00e9es, des paillettes mont\u00e9es sur des bandes strass, de ficelles ou cordonnets d\u00e9coratifs. Ces op\u00e9rations s\u2019effectuent avec une seule aiguille.<\/p>\n<div>Le pied pour perles guide en douceur les perles et strass \u00e0 travers un canal situ\u00e9 sur le pied pour en faciliter l&rsquo;application sur des v\u00eatements ou des compositions.<\/div>\n<div><\/div>\n<div>Le pied pour\u00a0perles et paillettes est multifonctionnel et id\u00e9al pour vos ouvrages cr\u00e9atifs. Il vous permet de r\u00e9aliser rapidement et facilement, sur les tissus les plus vari\u00e9s, des d\u00e9corations \u00e9labor\u00e9es int\u00e9grant paillettes et perles. Vous pouvez ainsi transformer un haut quelconque en un v\u00eatement attirant tous les regards.<\/div>\n<div><\/div>\n<div>Cr\u00e9ez de superbe corsage ou robes du soir serties de perles ou de paillettes scintillantes !<\/div>\n","protected":false},"excerpt":{"rendered":"<p>Pied pose perles, paillettes droite 4mm Ce pied sp\u00e9cial permet de poser des bandes perl\u00e9es, des paillettes mont\u00e9es sur des bandes strass, de ficelles ou cordonnets d\u00e9coratifs. Ces op\u00e9rations s\u2019effectuent avec une seule aiguille. Le pied pour perles guide en douceur les perles et strass \u00e0 travers un canal situ\u00e9 sur le pied pour en&hellip;<\/p>\n","protected":false},"featured_media":743,"comment_status":"open","ping_status":"closed","template":"","meta":{"om_disable_all_campaigns":false,"_monsterinsights_skip_tracking":false,"_monsterinsights_sitenote_active":false,"_monsterinsights_sitenote_note":"","_monsterinsights_sitenote_category":0,"_uf_show_specific_survey":0,"_uf_disable_surveys":false},"product_brand":[],"product_cat":[42,44,240,192],"product_tag":[125],"giftcard-category":[],"class_list":{"0":"post-742","1":"product","2":"type-product","3":"status-publish","4":"has-post-thumbnail","6":"product_cat-accesoires","7":"product_cat-machine-a-coudre","8":"product_cat-pieds-presseurs","9":"product_cat-autres","10":"product_tag-bernina","12":"first","13":"instock","14":"sale","15":"shipping-taxable","16":"purchasable","17":"product-type-simple"},"aioseo_notices":[],"jetpack_sharing_enabled":true,"_links":{"self":[{"href":"https:\/\/berninabrussels.be\/index.php?rest_route=\/wp\/v2\/product\/742","targetHints":{"allow":["GET"]}}],"collection":[{"href":"https:\/\/berninabrussels.be\/index.php?rest_route=\/wp\/v2\/product"}],"about":[{"href":"https:\/\/berninabrussels.be\/index.php?rest_route=\/wp\/v2\/types\/product"}],"replies":[{"embeddable":true,"href":"https:\/\/berninabrussels.be\/index.php?rest_route=%2Fwp%2Fv2%2Fcomments&post=742"}],"wp:featuredmedia":[{"embeddable":true,"href":"https:\/\/berninabrussels.be\/index.php?rest_route=\/wp\/v2\/media\/743"}],"wp:attachment":[{"href":"https:\/\/berninabrussels.be\/index.php?rest_route=%2Fwp%2Fv2%2Fmedia&parent=742"}],"wp:term":[{"taxonomy":"product_brand","embeddable":true,"href":"https:\/\/berninabrussels.be\/index.php?rest_route=%2Fwp%2Fv2%2Fproduct_brand&post=742"},{"taxonomy":"product_cat","embeddable":true,"href":"https:\/\/berninabrussels.be\/index.php?rest_route=%2Fwp%2Fv2%2Fproduct_cat&post=742"},{"taxonomy":"product_tag","embeddable":true,"href":"https:\/\/berninabrussels.be\/index.php?rest_route=%2Fwp%2Fv2%2Fproduct_tag&post=742"},{"taxonomy":"giftcard-category","embeddable":true,"href":"https:\/\/berninabrussels.be\/index.php?rest_route=%2Fwp%2Fv2%2Fgiftcard-category&post=742"}],"curies":[{"name":"wp","href":"https:\/\/api.w.org\/{rel}","templated":true}]}}