{"id":722,"date":"2023-05-08T15:47:35","date_gmt":"2023-05-08T13:47:35","guid":{"rendered":"https:\/\/berninabrussels.be\/?post_type=product&#038;p=722"},"modified":"2023-05-17T11:01:23","modified_gmt":"2023-05-17T09:01:23","slug":"pied-61-ourleur-plat-zigzag-2mm","status":"publish","type":"product","link":"https:\/\/berninabrussels.be\/?product=pied-61-ourleur-plat-zigzag-2mm","title":{"rendered":"Pied 61 ourleur plat zigzag 2mm"},"content":{"rendered":"<h3>Pied 61 ourleur plat zigzag 2 mm tissus fins\u00a0BERNINA<\/h3>\n<p>Ce pied est particuli\u00e8rement adapt\u00e9 pour les tissus d\u00e9licats. L&rsquo;ourleur dirige le tissu vers l&rsquo;ergot qui se charge de le replier deux fois. Cette op\u00e9ration permet d&rsquo;\u00e9viter un effilochage ult\u00e9rieur du tissu. Un ourlet roul\u00e9 est ainsi cr\u00e9\u00e9. ce pied est pour les tissus fins.<\/p>\n","protected":false},"excerpt":{"rendered":"<p>Pied 61 ourleur plat zigzag 2 mm tissus fins\u00a0BERNINA Ce pied est particuli\u00e8rement adapt\u00e9 pour les tissus d\u00e9licats. L&rsquo;ourleur dirige le tissu vers l&rsquo;ergot qui se charge de le replier deux fois. Cette op\u00e9ration permet d&rsquo;\u00e9viter un effilochage ult\u00e9rieur du tissu. Un ourlet roul\u00e9 est ainsi cr\u00e9\u00e9. ce pied est pour les tissus fins.<\/p>\n","protected":false},"featured_media":2546,"comment_status":"open","ping_status":"closed","template":"","meta":{"om_disable_all_campaigns":false,"_monsterinsights_skip_tracking":false,"_monsterinsights_sitenote_active":false,"_monsterinsights_sitenote_note":"","_monsterinsights_sitenote_category":0,"_uf_show_specific_survey":0,"_uf_disable_surveys":false},"product_brand":[],"product_cat":[195],"product_tag":[125],"giftcard-category":[],"class_list":{"0":"post-722","1":"product","2":"type-product","3":"status-publish","4":"has-post-thumbnail","6":"product_cat-pied-fronceur","7":"product_tag-bernina","9":"first","10":"instock","11":"sale","12":"shipping-taxable","13":"purchasable","14":"product-type-simple"},"aioseo_notices":[],"jetpack_sharing_enabled":true,"_links":{"self":[{"href":"https:\/\/berninabrussels.be\/index.php?rest_route=\/wp\/v2\/product\/722","targetHints":{"allow":["GET"]}}],"collection":[{"href":"https:\/\/berninabrussels.be\/index.php?rest_route=\/wp\/v2\/product"}],"about":[{"href":"https:\/\/berninabrussels.be\/index.php?rest_route=\/wp\/v2\/types\/product"}],"replies":[{"embeddable":true,"href":"https:\/\/berninabrussels.be\/index.php?rest_route=%2Fwp%2Fv2%2Fcomments&post=722"}],"wp:featuredmedia":[{"embeddable":true,"href":"https:\/\/berninabrussels.be\/index.php?rest_route=\/wp\/v2\/media\/2546"}],"wp:attachment":[{"href":"https:\/\/berninabrussels.be\/index.php?rest_route=%2Fwp%2Fv2%2Fmedia&parent=722"}],"wp:term":[{"taxonomy":"product_brand","embeddable":true,"href":"https:\/\/berninabrussels.be\/index.php?rest_route=%2Fwp%2Fv2%2Fproduct_brand&post=722"},{"taxonomy":"product_cat","embeddable":true,"href":"https:\/\/berninabrussels.be\/index.php?rest_route=%2Fwp%2Fv2%2Fproduct_cat&post=722"},{"taxonomy":"product_tag","embeddable":true,"href":"https:\/\/berninabrussels.be\/index.php?rest_route=%2Fwp%2Fv2%2Fproduct_tag&post=722"},{"taxonomy":"giftcard-category","embeddable":true,"href":"https:\/\/berninabrussels.be\/index.php?rest_route=%2Fwp%2Fv2%2Fgiftcard-category&post=722"}],"curies":[{"name":"wp","href":"https:\/\/api.w.org\/{rel}","templated":true}]}}