{"id":720,"date":"2023-05-08T15:44:36","date_gmt":"2023-05-08T13:44:36","guid":{"rendered":"https:\/\/berninabrussels.be\/?post_type=product&#038;p=720"},"modified":"2023-05-17T10:44:42","modified_gmt":"2023-05-17T08:44:42","slug":"pied-pour-broderie-transparent-39","status":"publish","type":"product","link":"https:\/\/berninabrussels.be\/?product=pied-pour-broderie-transparent-39","title":{"rendered":"Pied pour broderie transparent 39"},"content":{"rendered":"<h3>Pied 39 satin, application transparent ferm\u00e9\u00a0BERNINA<\/h3>\n<p align=\"left\">Le pied pour broderie avec semelle transparente est un mod\u00e8le multi-usage. Ce pied-de-biche est parfait pour r\u00e9aliser des points d\u00e9coratifs rapproch\u00e9s, des points satin droits, des appliqu\u00e9s ainsi que festons \u00e0 jours. Autre avantage : l&rsquo;ouverture plac\u00e9e sous le pied.<\/p>\n<p align=\"left\">Il permet de glisser et de recouvrir un fil ou un ruban.<\/p>\n<p align=\"left\">Impeccable pour coudre des applications en un rien de temps<\/p>\n","protected":false},"excerpt":{"rendered":"<p>Pied 39 satin, application transparent ferm\u00e9\u00a0BERNINA Le pied pour broderie avec semelle transparente est un mod\u00e8le multi-usage. Ce pied-de-biche est parfait pour r\u00e9aliser des points d\u00e9coratifs rapproch\u00e9s, des points satin droits, des appliqu\u00e9s ainsi que festons \u00e0 jours. Autre avantage : l&rsquo;ouverture plac\u00e9e sous le pied. Il permet de glisser et de recouvrir un fil&hellip;<\/p>\n","protected":false},"featured_media":2516,"comment_status":"open","ping_status":"closed","template":"","meta":{"om_disable_all_campaigns":false,"_monsterinsights_skip_tracking":false,"_monsterinsights_sitenote_active":false,"_monsterinsights_sitenote_note":"","_monsterinsights_sitenote_category":0,"_uf_show_specific_survey":0,"_uf_disable_surveys":false},"product_brand":[],"product_cat":[42,44,240,156],"product_tag":[125],"giftcard-category":[],"class_list":{"0":"post-720","1":"product","2":"type-product","3":"status-publish","4":"has-post-thumbnail","6":"product_cat-accesoires","7":"product_cat-machine-a-coudre","8":"product_cat-pieds-presseurs","9":"product_cat-pieds-broderie","10":"product_tag-bernina","12":"first","13":"instock","14":"sale","15":"shipping-taxable","16":"purchasable","17":"product-type-simple"},"aioseo_notices":[],"jetpack_sharing_enabled":true,"_links":{"self":[{"href":"https:\/\/berninabrussels.be\/index.php?rest_route=\/wp\/v2\/product\/720","targetHints":{"allow":["GET"]}}],"collection":[{"href":"https:\/\/berninabrussels.be\/index.php?rest_route=\/wp\/v2\/product"}],"about":[{"href":"https:\/\/berninabrussels.be\/index.php?rest_route=\/wp\/v2\/types\/product"}],"replies":[{"embeddable":true,"href":"https:\/\/berninabrussels.be\/index.php?rest_route=%2Fwp%2Fv2%2Fcomments&post=720"}],"wp:featuredmedia":[{"embeddable":true,"href":"https:\/\/berninabrussels.be\/index.php?rest_route=\/wp\/v2\/media\/2516"}],"wp:attachment":[{"href":"https:\/\/berninabrussels.be\/index.php?rest_route=%2Fwp%2Fv2%2Fmedia&parent=720"}],"wp:term":[{"taxonomy":"product_brand","embeddable":true,"href":"https:\/\/berninabrussels.be\/index.php?rest_route=%2Fwp%2Fv2%2Fproduct_brand&post=720"},{"taxonomy":"product_cat","embeddable":true,"href":"https:\/\/berninabrussels.be\/index.php?rest_route=%2Fwp%2Fv2%2Fproduct_cat&post=720"},{"taxonomy":"product_tag","embeddable":true,"href":"https:\/\/berninabrussels.be\/index.php?rest_route=%2Fwp%2Fv2%2Fproduct_tag&post=720"},{"taxonomy":"giftcard-category","embeddable":true,"href":"https:\/\/berninabrussels.be\/index.php?rest_route=%2Fwp%2Fv2%2Fgiftcard-category&post=720"}],"curies":[{"name":"wp","href":"https:\/\/api.w.org\/{rel}","templated":true}]}}