{"id":712,"date":"2023-05-08T15:31:32","date_gmt":"2023-05-08T13:31:32","guid":{"rendered":"https:\/\/berninabrussels.be\/?post_type=product&#038;p=712"},"modified":"2023-05-17T11:00:26","modified_gmt":"2023-05-17T09:00:26","slug":"pied-satin-application-arrondi-23-2","status":"publish","type":"product","link":"https:\/\/berninabrussels.be\/?product=pied-satin-application-arrondi-23-2","title":{"rendered":"Pied satin, application arrondi 23"},"content":{"rendered":"<h3>Pied 23 satin, id\u00e9al pour tourner, freemotion transparent ferm\u00e9 arrondi\u00a0BERNINA<\/h3>\n<p align=\"left\">Ce pied est con\u00e7u pour les travaux d&rsquo;appliqu\u00e9s effectu\u00e9s au point satin \u00e9troit (jusqu&rsquo;\u00e0 2mm).<\/p>\n<p align=\"left\">Un renfoncement situ\u00e9 \u00e0 l&rsquo;avant du pied-de-biche permet d&rsquo;ins\u00e9rer un fil auxiliaire et donc de coudre sans encombre des points satin droit avec ajout de fil.\u00a0 Les points denses glissent ainsi parfaitement sous le pied que ce soit sur les lignes droites ou sur les arrondis.<\/p>\n<p align=\"left\">Ce pied est plus court que la plupart des autres pieds pour faciliter la piq\u00fbre autour des arrondis et les coins.<\/p>\n<p align=\"left\">Il est fait dans une mati\u00e8re plastique transparente pour avoir une meilleure vue sur votre travail pendant la couture.<\/p>\n","protected":false},"excerpt":{"rendered":"<p>Pied 23 satin, id\u00e9al pour tourner, freemotion transparent ferm\u00e9 arrondi\u00a0BERNINA Ce pied est con\u00e7u pour les travaux d&rsquo;appliqu\u00e9s effectu\u00e9s au point satin \u00e9troit (jusqu&rsquo;\u00e0 2mm). Un renfoncement situ\u00e9 \u00e0 l&rsquo;avant du pied-de-biche permet d&rsquo;ins\u00e9rer un fil auxiliaire et donc de coudre sans encombre des points satin droit avec ajout de fil.\u00a0 Les points denses glissent&hellip;<\/p>\n","protected":false},"featured_media":2544,"comment_status":"open","ping_status":"closed","template":"","meta":{"om_disable_all_campaigns":false,"_monsterinsights_skip_tracking":false,"_monsterinsights_sitenote_active":false,"_monsterinsights_sitenote_note":"","_monsterinsights_sitenote_category":0,"_uf_show_specific_survey":0,"_uf_disable_surveys":false},"product_brand":[],"product_cat":[198],"product_tag":[125],"giftcard-category":[],"class_list":{"0":"post-712","1":"product","2":"type-product","3":"status-publish","4":"has-post-thumbnail","6":"product_cat-pied-satin","7":"product_tag-bernina","9":"first","10":"instock","11":"shipping-taxable","12":"purchasable","13":"product-type-simple"},"aioseo_notices":[],"jetpack_sharing_enabled":true,"_links":{"self":[{"href":"https:\/\/berninabrussels.be\/index.php?rest_route=\/wp\/v2\/product\/712","targetHints":{"allow":["GET"]}}],"collection":[{"href":"https:\/\/berninabrussels.be\/index.php?rest_route=\/wp\/v2\/product"}],"about":[{"href":"https:\/\/berninabrussels.be\/index.php?rest_route=\/wp\/v2\/types\/product"}],"replies":[{"embeddable":true,"href":"https:\/\/berninabrussels.be\/index.php?rest_route=%2Fwp%2Fv2%2Fcomments&post=712"}],"wp:featuredmedia":[{"embeddable":true,"href":"https:\/\/berninabrussels.be\/index.php?rest_route=\/wp\/v2\/media\/2544"}],"wp:attachment":[{"href":"https:\/\/berninabrussels.be\/index.php?rest_route=%2Fwp%2Fv2%2Fmedia&parent=712"}],"wp:term":[{"taxonomy":"product_brand","embeddable":true,"href":"https:\/\/berninabrussels.be\/index.php?rest_route=%2Fwp%2Fv2%2Fproduct_brand&post=712"},{"taxonomy":"product_cat","embeddable":true,"href":"https:\/\/berninabrussels.be\/index.php?rest_route=%2Fwp%2Fv2%2Fproduct_cat&post=712"},{"taxonomy":"product_tag","embeddable":true,"href":"https:\/\/berninabrussels.be\/index.php?rest_route=%2Fwp%2Fv2%2Fproduct_tag&post=712"},{"taxonomy":"giftcard-category","embeddable":true,"href":"https:\/\/berninabrussels.be\/index.php?rest_route=%2Fwp%2Fv2%2Fgiftcard-category&post=712"}],"curies":[{"name":"wp","href":"https:\/\/api.w.org\/{rel}","templated":true}]}}