{"id":710,"date":"2023-05-08T15:27:36","date_gmt":"2023-05-08T13:27:36","guid":{"rendered":"https:\/\/berninabrussels.be\/?post_type=product&#038;p=710"},"modified":"2025-05-26T00:05:01","modified_gmt":"2025-05-25T22:05:01","slug":"pied-passepoil-double-4-6mm-perles-59","status":"publish","type":"product","link":"https:\/\/berninabrussels.be\/?product=pied-passepoil-double-4-6mm-perles-59","title":{"rendered":"Pied passepoil double (4-6mm), perles 59C"},"content":{"rendered":"<h3>Pied 59C passepoil (4-6mm), perles (4mm) 2 rainures\u00a0BERNINA<\/h3>\n<p align=\"left\">Le pied double pour cordon (4 \u2013 6 mm) permet de coudre simultan\u00e9ment deux cordons dispos\u00e9s parall\u00e8lement, d&rsquo;un diam\u00e8tre de 4 \u00e0 6 mm.<\/p>\n<p align=\"left\">Les deux rainures du pied double pour cordon guident parfaitement les cordons, permettant ainsi une piq\u00fbre pr\u00e9cise. Le r\u00e9sultat est magnifique car le cordon est appliqu\u00e9 avec une r\u00e9gularit\u00e9 impressionnante. Le pied double pour cordon s&rsquo;av\u00e8re \u00e9galement parfait pour coudre les passepoils.<\/p>\n","protected":false},"excerpt":{"rendered":"<p>Pied 59C passepoil (4-6mm), perles (4mm) 2 rainures\u00a0BERNINA Le pied double pour cordon (4 \u2013 6 mm) permet de coudre simultan\u00e9ment deux cordons dispos\u00e9s parall\u00e8lement, d&rsquo;un diam\u00e8tre de 4 \u00e0 6 mm. Les deux rainures du pied double pour cordon guident parfaitement les cordons, permettant ainsi une piq\u00fbre pr\u00e9cise. Le r\u00e9sultat est magnifique car le&hellip;<\/p>\n","protected":false},"featured_media":711,"comment_status":"open","ping_status":"closed","template":"","meta":{"om_disable_all_campaigns":false,"_monsterinsights_skip_tracking":false,"_monsterinsights_sitenote_active":false,"_monsterinsights_sitenote_note":"","_monsterinsights_sitenote_category":0,"_uf_show_specific_survey":0,"_uf_disable_surveys":false},"product_brand":[],"product_cat":[205],"product_tag":[125],"giftcard-category":[],"class_list":{"0":"post-710","1":"product","2":"type-product","3":"status-publish","4":"has-post-thumbnail","6":"product_cat-pied-passe-poil","7":"product_tag-bernina","9":"first","10":"instock","11":"sale","12":"shipping-taxable","13":"purchasable","14":"product-type-simple"},"aioseo_notices":[],"jetpack_sharing_enabled":true,"_links":{"self":[{"href":"https:\/\/berninabrussels.be\/index.php?rest_route=\/wp\/v2\/product\/710","targetHints":{"allow":["GET"]}}],"collection":[{"href":"https:\/\/berninabrussels.be\/index.php?rest_route=\/wp\/v2\/product"}],"about":[{"href":"https:\/\/berninabrussels.be\/index.php?rest_route=\/wp\/v2\/types\/product"}],"replies":[{"embeddable":true,"href":"https:\/\/berninabrussels.be\/index.php?rest_route=%2Fwp%2Fv2%2Fcomments&post=710"}],"wp:featuredmedia":[{"embeddable":true,"href":"https:\/\/berninabrussels.be\/index.php?rest_route=\/wp\/v2\/media\/711"}],"wp:attachment":[{"href":"https:\/\/berninabrussels.be\/index.php?rest_route=%2Fwp%2Fv2%2Fmedia&parent=710"}],"wp:term":[{"taxonomy":"product_brand","embeddable":true,"href":"https:\/\/berninabrussels.be\/index.php?rest_route=%2Fwp%2Fv2%2Fproduct_brand&post=710"},{"taxonomy":"product_cat","embeddable":true,"href":"https:\/\/berninabrussels.be\/index.php?rest_route=%2Fwp%2Fv2%2Fproduct_cat&post=710"},{"taxonomy":"product_tag","embeddable":true,"href":"https:\/\/berninabrussels.be\/index.php?rest_route=%2Fwp%2Fv2%2Fproduct_tag&post=710"},{"taxonomy":"giftcard-category","embeddable":true,"href":"https:\/\/berninabrussels.be\/index.php?rest_route=%2Fwp%2Fv2%2Fgiftcard-category&post=710"}],"curies":[{"name":"wp","href":"https:\/\/api.w.org\/{rel}","templated":true}]}}