{"id":708,"date":"2023-05-08T15:23:58","date_gmt":"2023-05-08T13:23:58","guid":{"rendered":"https:\/\/berninabrussels.be\/?post_type=product&#038;p=708"},"modified":"2023-05-08T15:25:20","modified_gmt":"2023-05-08T13:25:20","slug":"guide-pour-patchwork","status":"publish","type":"product","link":"https:\/\/berninabrussels.be\/?product=guide-pour-patchwork","title":{"rendered":"Guide pour patchwork"},"content":{"rendered":"<h3>Guide pour Patchwork\u00a0BERNINA<\/h3>\n<p>Le guide pour patchwork permet de coudre avec pr\u00e9cision tous vos ouvrages de patchwork. Une vis sert \u00e0 le fixer tr\u00e8s ais\u00e9ment du c\u00f4t\u00e9 droit des griffes d&rsquo;entra\u00eenement. Le rail de guidage permet de tirer le guide pour patchwork au plus pr\u00e8s du bord du pied-de-biche.<\/p>\n<p>Il est possible de fixer le guide \u00e0 une distance fixe du pied-de-biche. Gr\u00e2ce \u00e0 cette but\u00e9e, vous parviendrez aussi \u00e0 piquer des ourlets et des coutures r\u00e9guliers sur de longs pans de tissus. On peut optimiser la fonctionnalit\u00e9 de cet outil en utilisant le pied pour patchwork #37 disponible dans la gamme d&rsquo;accessoires sp\u00e9ciaux pour la couture propos\u00e9e par BERNINA. Vous pourrez ainsi r\u00e9aliser des ouvrages de patchwork dignes d&rsquo;un professionnel.<\/p>\n","protected":false},"excerpt":{"rendered":"<p>Guide pour Patchwork\u00a0BERNINA Le guide pour patchwork permet de coudre avec pr\u00e9cision tous vos ouvrages de patchwork. Une vis sert \u00e0 le fixer tr\u00e8s ais\u00e9ment du c\u00f4t\u00e9 droit des griffes d&rsquo;entra\u00eenement. Le rail de guidage permet de tirer le guide pour patchwork au plus pr\u00e8s du bord du pied-de-biche. Il est possible de fixer le&hellip;<\/p>\n","protected":false},"featured_media":709,"comment_status":"open","ping_status":"closed","template":"","meta":{"om_disable_all_campaigns":false,"_monsterinsights_skip_tracking":false,"_monsterinsights_sitenote_active":false,"_monsterinsights_sitenote_note":"","_monsterinsights_sitenote_category":0,"_uf_show_specific_survey":0,"_uf_disable_surveys":false},"product_brand":[],"product_cat":[180],"product_tag":[125],"giftcard-category":[],"class_list":{"0":"post-708","1":"product","2":"type-product","3":"status-publish","4":"has-post-thumbnail","6":"product_cat-guide-couture","7":"product_tag-bernina","9":"first","10":"instock","11":"sale","12":"shipping-taxable","13":"purchasable","14":"product-type-simple"},"aioseo_notices":[],"jetpack_sharing_enabled":true,"_links":{"self":[{"href":"https:\/\/berninabrussels.be\/index.php?rest_route=\/wp\/v2\/product\/708","targetHints":{"allow":["GET"]}}],"collection":[{"href":"https:\/\/berninabrussels.be\/index.php?rest_route=\/wp\/v2\/product"}],"about":[{"href":"https:\/\/berninabrussels.be\/index.php?rest_route=\/wp\/v2\/types\/product"}],"replies":[{"embeddable":true,"href":"https:\/\/berninabrussels.be\/index.php?rest_route=%2Fwp%2Fv2%2Fcomments&post=708"}],"wp:featuredmedia":[{"embeddable":true,"href":"https:\/\/berninabrussels.be\/index.php?rest_route=\/wp\/v2\/media\/709"}],"wp:attachment":[{"href":"https:\/\/berninabrussels.be\/index.php?rest_route=%2Fwp%2Fv2%2Fmedia&parent=708"}],"wp:term":[{"taxonomy":"product_brand","embeddable":true,"href":"https:\/\/berninabrussels.be\/index.php?rest_route=%2Fwp%2Fv2%2Fproduct_brand&post=708"},{"taxonomy":"product_cat","embeddable":true,"href":"https:\/\/berninabrussels.be\/index.php?rest_route=%2Fwp%2Fv2%2Fproduct_cat&post=708"},{"taxonomy":"product_tag","embeddable":true,"href":"https:\/\/berninabrussels.be\/index.php?rest_route=%2Fwp%2Fv2%2Fproduct_tag&post=708"},{"taxonomy":"giftcard-category","embeddable":true,"href":"https:\/\/berninabrussels.be\/index.php?rest_route=%2Fwp%2Fv2%2Fgiftcard-category&post=708"}],"curies":[{"name":"wp","href":"https:\/\/api.w.org\/{rel}","templated":true}]}}