{"id":704,"date":"2023-05-08T15:16:03","date_gmt":"2023-05-08T13:16:03","guid":{"rendered":"https:\/\/berninabrussels.be\/?post_type=product&#038;p=704"},"modified":"2023-05-08T15:18:41","modified_gmt":"2023-05-08T13:18:41","slug":"pied-cordonnet-ganseur-fil-de-peche","status":"publish","type":"product","link":"https:\/\/berninabrussels.be\/?product=pied-cordonnet-ganseur-fil-de-peche","title":{"rendered":"Pied cordonnet, ganseur, fil de p\u00eache"},"content":{"rendered":"<h3>Pied cordonnet, ganseur, fil de p\u00eache<\/h3>\n<p>Le pied passepoil peut \u00eatre utilis\u00e9 pour des cordonnets ou d&rsquo;autres fils fins pour renforcer les bords de tissus, nappes ou autres articles de d\u00e9coration pour la maison.<br \/>\nDu fil nylon peut \u00e9galement \u00eatre utilis\u00e9 pour cr\u00e9er des volants sur les tissus l\u00e9gers.<\/p>\n<p>Ce pied est utilis\u00e9 pour coudre des fils (cordonnets, goutti\u00e8res en nylon) allant jusqu\u2019\u00e0 1,0 mm d\u2019\u00e9paisseur. Ceci cr\u00e9e un ourlet ondul\u00e9 ou renforc\u00e9 (par ex. pour les robes de mari\u00e9es ou la pose de volants).<\/p>\n<div><\/div>\n<div>Avec l\u2019ourlet roul\u00e9 vous pouvez \u00e9galement employer le pied \u00e0 corde. Ce pied \u00e0 corde est id\u00e9al pour la confection des robes de mari\u00e9es et des v\u00eatements de soir\u00e9e et vous donne la possibilit\u00e9 de travailler avec un fil de p\u00eache en vous donnant un bord roul\u00e9 renforc\u00e9 et flexible avec un r\u00e9sultat parfait.<\/div>\n","protected":false},"excerpt":{"rendered":"<p>Pied cordonnet, ganseur, fil de p\u00eache Le pied passepoil peut \u00eatre utilis\u00e9 pour des cordonnets ou d&rsquo;autres fils fins pour renforcer les bords de tissus, nappes ou autres articles de d\u00e9coration pour la maison. Du fil nylon peut \u00e9galement \u00eatre utilis\u00e9 pour cr\u00e9er des volants sur les tissus l\u00e9gers. Ce pied est utilis\u00e9 pour coudre&hellip;<\/p>\n","protected":false},"featured_media":705,"comment_status":"open","ping_status":"closed","template":"","meta":{"om_disable_all_campaigns":false,"_monsterinsights_skip_tracking":false,"_monsterinsights_sitenote_active":false,"_monsterinsights_sitenote_note":"","_monsterinsights_sitenote_category":0,"_uf_show_specific_survey":0,"_uf_disable_surveys":false},"product_brand":[],"product_cat":[207],"product_tag":[125],"giftcard-category":[],"class_list":{"0":"post-704","1":"product","2":"type-product","3":"status-publish","4":"has-post-thumbnail","6":"product_cat-pied-cordon-cordonnet","7":"product_tag-bernina","9":"first","10":"instock","11":"sale","12":"shipping-taxable","13":"purchasable","14":"product-type-simple"},"aioseo_notices":[],"jetpack_sharing_enabled":true,"_links":{"self":[{"href":"https:\/\/berninabrussels.be\/index.php?rest_route=\/wp\/v2\/product\/704","targetHints":{"allow":["GET"]}}],"collection":[{"href":"https:\/\/berninabrussels.be\/index.php?rest_route=\/wp\/v2\/product"}],"about":[{"href":"https:\/\/berninabrussels.be\/index.php?rest_route=\/wp\/v2\/types\/product"}],"replies":[{"embeddable":true,"href":"https:\/\/berninabrussels.be\/index.php?rest_route=%2Fwp%2Fv2%2Fcomments&post=704"}],"wp:featuredmedia":[{"embeddable":true,"href":"https:\/\/berninabrussels.be\/index.php?rest_route=\/wp\/v2\/media\/705"}],"wp:attachment":[{"href":"https:\/\/berninabrussels.be\/index.php?rest_route=%2Fwp%2Fv2%2Fmedia&parent=704"}],"wp:term":[{"taxonomy":"product_brand","embeddable":true,"href":"https:\/\/berninabrussels.be\/index.php?rest_route=%2Fwp%2Fv2%2Fproduct_brand&post=704"},{"taxonomy":"product_cat","embeddable":true,"href":"https:\/\/berninabrussels.be\/index.php?rest_route=%2Fwp%2Fv2%2Fproduct_cat&post=704"},{"taxonomy":"product_tag","embeddable":true,"href":"https:\/\/berninabrussels.be\/index.php?rest_route=%2Fwp%2Fv2%2Fproduct_tag&post=704"},{"taxonomy":"giftcard-category","embeddable":true,"href":"https:\/\/berninabrussels.be\/index.php?rest_route=%2Fwp%2Fv2%2Fgiftcard-category&post=704"}],"curies":[{"name":"wp","href":"https:\/\/api.w.org\/{rel}","templated":true}]}}